{"id":4721,"date":"2025-10-29T13:02:33","date_gmt":"2025-10-29T13:02:33","guid":{"rendered":"https:\/\/agenciausphot.com\/uze\/produto\/brinco-argola-fio-quadrado\/"},"modified":"2025-11-18T14:05:57","modified_gmt":"2025-11-18T14:05:57","slug":"brinco-argola-fio-quadrado","status":"publish","type":"product","link":"https:\/\/agenciausphot.com\/uze\/produto\/brinco-argola-fio-quadrado\/","title":{"rendered":"Brinco argola fio quadrado"},"content":{"rendered":"<p data-start=\"50\" data-end=\"290\"><strong data-start=\"50\" data-end=\"89\">Brinco Argola Fio Liso em Prata 925<\/strong><br data-start=\"89\" data-end=\"92\"><br \/>\nCl\u00e1ssico e atemporal, este brinco argola de fio liso traz sofistica\u00e7\u00e3o na medida certa, ideal para uso di\u00e1rio ou ocasi\u00f5es especiais. Produzido em <strong data-start=\"238\" data-end=\"260\">Prata 925 leg\u00edtima<\/strong> com <strong data-start=\"265\" data-end=\"287\">garantia vital\u00edcia<\/strong>.<\/p>\n","protected":false},"excerpt":{"rendered":"<p>Brinco Argola Fio Liso em Prata 925 Cl\u00e1ssico e atemporal, este brinco argola de fio liso traz sofistica\u00e7\u00e3o na medida certa, ideal para uso di\u00e1rio&#8230;<\/p>\n","protected":false},"featured_media":4720,"comment_status":"open","ping_status":"closed","template":"","meta":[],"etheme_brands":[],"product_brand":[],"product_cat":[117,97],"product_tag":[133],"class_list":{"0":"post-4721","1":"product","2":"type-product","3":"status-publish","4":"has-post-thumbnail","6":"product_cat-categoriabrincosbrinco-feminino","7":"product_cat-categoriabrincos","8":"product_tag-uze-pratas","10":"first","11":"outofstock","12":"shipping-taxable","13":"purchasable","14":"product-type-simple"},"_links":{"self":[{"href":"https:\/\/agenciausphot.com\/uze\/wp-json\/wp\/v2\/product\/4721","targetHints":{"allow":["GET"]}}],"collection":[{"href":"https:\/\/agenciausphot.com\/uze\/wp-json\/wp\/v2\/product"}],"about":[{"href":"https:\/\/agenciausphot.com\/uze\/wp-json\/wp\/v2\/types\/product"}],"replies":[{"embeddable":true,"href":"https:\/\/agenciausphot.com\/uze\/wp-json\/wp\/v2\/comments?post=4721"}],"version-history":[{"count":1,"href":"https:\/\/agenciausphot.com\/uze\/wp-json\/wp\/v2\/product\/4721\/revisions"}],"predecessor-version":[{"id":5861,"href":"https:\/\/agenciausphot.com\/uze\/wp-json\/wp\/v2\/product\/4721\/revisions\/5861"}],"wp:featuredmedia":[{"embeddable":true,"href":"https:\/\/agenciausphot.com\/uze\/wp-json\/wp\/v2\/media\/4720"}],"wp:attachment":[{"href":"https:\/\/agenciausphot.com\/uze\/wp-json\/wp\/v2\/media?parent=4721"}],"wp:term":[{"taxonomy":"brand","embeddable":true,"href":"https:\/\/agenciausphot.com\/uze\/wp-json\/wp\/v2\/etheme_brands?post=4721"},{"taxonomy":"product_brand","embeddable":true,"href":"https:\/\/agenciausphot.com\/uze\/wp-json\/wp\/v2\/product_brand?post=4721"},{"taxonomy":"product_cat","embeddable":true,"href":"https:\/\/agenciausphot.com\/uze\/wp-json\/wp\/v2\/product_cat?post=4721"},{"taxonomy":"product_tag","embeddable":true,"href":"https:\/\/agenciausphot.com\/uze\/wp-json\/wp\/v2\/product_tag?post=4721"}],"curies":[{"name":"wp","href":"https:\/\/api.w.org\/{rel}","templated":true}]}}