{"id":4708,"date":"2025-10-29T13:02:23","date_gmt":"2025-10-29T13:02:23","guid":{"rendered":"https:\/\/agenciausphot.com\/uze\/produto\/par-de-brincos-coracao-e-ponto-de-luz-corrente\/"},"modified":"2025-12-05T04:41:35","modified_gmt":"2025-12-05T04:41:35","slug":"par-de-brincos-coracao-e-ponto-de-luz-corrente","status":"publish","type":"product","link":"https:\/\/agenciausphot.com\/uze\/produto\/par-de-brincos-coracao-e-ponto-de-luz-corrente\/","title":{"rendered":"Par de brincos cora\u00e7\u00e3o e ponto de luz corrente"},"content":{"rendered":"<p data-start=\"50\" data-end=\"331\"><strong data-start=\"50\" data-end=\"113\">Par de Brincos Cora\u00e7\u00e3o e Ponto de Luz Corrente em Prata 925<\/strong><br data-start=\"113\" data-end=\"116\"><br \/>\nRom\u00e2ntico e delicado, este par de brincos une o charme do cora\u00e7\u00e3o ao brilho do ponto de luz, ligados por uma corrente que traz modernidade ao design. Produzido em <strong data-start=\"279\" data-end=\"301\">Prata 925 leg\u00edtima<\/strong> com <strong data-start=\"306\" data-end=\"328\">garantia vital\u00edcia<\/strong>.<\/p>\n","protected":false},"excerpt":{"rendered":"<p>Par de Brincos Cora\u00e7\u00e3o e Ponto de Luz Corrente em Prata 925 Rom\u00e2ntico e delicado, este par de brincos une o charme do cora\u00e7\u00e3o ao&#8230;<\/p>\n","protected":false},"featured_media":4707,"comment_status":"open","ping_status":"closed","template":"","meta":[],"etheme_brands":[],"product_brand":[],"product_cat":[117,97],"product_tag":[133],"class_list":{"0":"post-4708","1":"product","2":"type-product","3":"status-publish","4":"has-post-thumbnail","6":"product_cat-categoriabrincosbrinco-feminino","7":"product_cat-categoriabrincos","8":"product_tag-uze-pratas","10":"first","11":"outofstock","12":"shipping-taxable","13":"purchasable","14":"product-type-simple"},"_links":{"self":[{"href":"https:\/\/agenciausphot.com\/uze\/wp-json\/wp\/v2\/product\/4708","targetHints":{"allow":["GET"]}}],"collection":[{"href":"https:\/\/agenciausphot.com\/uze\/wp-json\/wp\/v2\/product"}],"about":[{"href":"https:\/\/agenciausphot.com\/uze\/wp-json\/wp\/v2\/types\/product"}],"replies":[{"embeddable":true,"href":"https:\/\/agenciausphot.com\/uze\/wp-json\/wp\/v2\/comments?post=4708"}],"version-history":[{"count":1,"href":"https:\/\/agenciausphot.com\/uze\/wp-json\/wp\/v2\/product\/4708\/revisions"}],"predecessor-version":[{"id":5855,"href":"https:\/\/agenciausphot.com\/uze\/wp-json\/wp\/v2\/product\/4708\/revisions\/5855"}],"wp:featuredmedia":[{"embeddable":true,"href":"https:\/\/agenciausphot.com\/uze\/wp-json\/wp\/v2\/media\/4707"}],"wp:attachment":[{"href":"https:\/\/agenciausphot.com\/uze\/wp-json\/wp\/v2\/media?parent=4708"}],"wp:term":[{"taxonomy":"brand","embeddable":true,"href":"https:\/\/agenciausphot.com\/uze\/wp-json\/wp\/v2\/etheme_brands?post=4708"},{"taxonomy":"product_brand","embeddable":true,"href":"https:\/\/agenciausphot.com\/uze\/wp-json\/wp\/v2\/product_brand?post=4708"},{"taxonomy":"product_cat","embeddable":true,"href":"https:\/\/agenciausphot.com\/uze\/wp-json\/wp\/v2\/product_cat?post=4708"},{"taxonomy":"product_tag","embeddable":true,"href":"https:\/\/agenciausphot.com\/uze\/wp-json\/wp\/v2\/product_tag?post=4708"}],"curies":[{"name":"wp","href":"https:\/\/api.w.org\/{rel}","templated":true}]}}