{"id":4700,"date":"2025-10-29T13:02:17","date_gmt":"2025-10-29T13:02:17","guid":{"rendered":"https:\/\/agenciausphot.com\/uze\/produto\/brinco-ferradura\/"},"modified":"2025-12-22T16:26:02","modified_gmt":"2025-12-22T16:26:02","slug":"brinco-ferradura","status":"publish","type":"product","link":"https:\/\/agenciausphot.com\/uze\/produto\/brinco-ferradura\/","title":{"rendered":"Brinco ferradura"},"content":{"rendered":"<p data-start=\"50\" data-end=\"265\"><strong data-start=\"50\" data-end=\"83\">Brinco Ferradura em Prata 925<\/strong><br data-start=\"83\" data-end=\"86\"><br \/>\nS\u00edmbolo de sorte e prote\u00e7\u00e3o, este brinco em formato de ferradura traz delicadeza e estilo em um design atemporal. Produzido em <strong data-start=\"213\" data-end=\"235\">Prata 925 leg\u00edtima<\/strong> com <strong data-start=\"240\" data-end=\"262\">garantia vital\u00edcia<\/strong>.<\/p>\n","protected":false},"excerpt":{"rendered":"<p>Brinco Ferradura em Prata 925 S\u00edmbolo de sorte e prote\u00e7\u00e3o, este brinco em formato de ferradura traz delicadeza e estilo em um design atemporal. Produzido&#8230;<\/p>\n","protected":false},"featured_media":4699,"comment_status":"open","ping_status":"closed","template":"","meta":[],"etheme_brands":[],"product_brand":[],"product_cat":[117,97],"product_tag":[133],"class_list":{"0":"post-4700","1":"product","2":"type-product","3":"status-publish","4":"has-post-thumbnail","6":"product_cat-categoriabrincosbrinco-feminino","7":"product_cat-categoriabrincos","8":"product_tag-uze-pratas","10":"first","11":"instock","12":"shipping-taxable","13":"purchasable","14":"product-type-simple"},"_links":{"self":[{"href":"https:\/\/agenciausphot.com\/uze\/wp-json\/wp\/v2\/product\/4700","targetHints":{"allow":["GET"]}}],"collection":[{"href":"https:\/\/agenciausphot.com\/uze\/wp-json\/wp\/v2\/product"}],"about":[{"href":"https:\/\/agenciausphot.com\/uze\/wp-json\/wp\/v2\/types\/product"}],"replies":[{"embeddable":true,"href":"https:\/\/agenciausphot.com\/uze\/wp-json\/wp\/v2\/comments?post=4700"}],"version-history":[{"count":1,"href":"https:\/\/agenciausphot.com\/uze\/wp-json\/wp\/v2\/product\/4700\/revisions"}],"predecessor-version":[{"id":5852,"href":"https:\/\/agenciausphot.com\/uze\/wp-json\/wp\/v2\/product\/4700\/revisions\/5852"}],"wp:featuredmedia":[{"embeddable":true,"href":"https:\/\/agenciausphot.com\/uze\/wp-json\/wp\/v2\/media\/4699"}],"wp:attachment":[{"href":"https:\/\/agenciausphot.com\/uze\/wp-json\/wp\/v2\/media?parent=4700"}],"wp:term":[{"taxonomy":"brand","embeddable":true,"href":"https:\/\/agenciausphot.com\/uze\/wp-json\/wp\/v2\/etheme_brands?post=4700"},{"taxonomy":"product_brand","embeddable":true,"href":"https:\/\/agenciausphot.com\/uze\/wp-json\/wp\/v2\/product_brand?post=4700"},{"taxonomy":"product_cat","embeddable":true,"href":"https:\/\/agenciausphot.com\/uze\/wp-json\/wp\/v2\/product_cat?post=4700"},{"taxonomy":"product_tag","embeddable":true,"href":"https:\/\/agenciausphot.com\/uze\/wp-json\/wp\/v2\/product_tag?post=4700"}],"curies":[{"name":"wp","href":"https:\/\/api.w.org\/{rel}","templated":true}]}}