{"id":4696,"date":"2025-10-29T13:02:14","date_gmt":"2025-10-29T13:02:14","guid":{"rendered":"https:\/\/agenciausphot.com\/uze\/produto\/brinco-laco-cravejado\/"},"modified":"2025-12-05T04:41:35","modified_gmt":"2025-12-05T04:41:35","slug":"brinco-laco-cravejado","status":"publish","type":"product","link":"https:\/\/agenciausphot.com\/uze\/produto\/brinco-laco-cravejado\/","title":{"rendered":"Brinco la\u00e7o cravejado"},"content":{"rendered":"<p data-start=\"50\" data-end=\"270\"><strong data-start=\"50\" data-end=\"88\">Brinco La\u00e7o Cravejado em Prata 925<\/strong><br data-start=\"88\" data-end=\"91\"><br \/>\nDelicado e feminino, este brinco em formato de la\u00e7o \u00e9 cravejado com zirc\u00f4nias que garantem brilho e sofistica\u00e7\u00e3o. Produzido em <strong data-start=\"218\" data-end=\"240\">Prata 925 leg\u00edtima<\/strong> com <strong data-start=\"245\" data-end=\"267\">garantia vital\u00edcia<\/strong>.<\/p>\n","protected":false},"excerpt":{"rendered":"<p>Brinco La\u00e7o Cravejado em Prata 925 Delicado e feminino, este brinco em formato de la\u00e7o \u00e9 cravejado com zirc\u00f4nias que garantem brilho e sofistica\u00e7\u00e3o. Produzido&#8230;<\/p>\n","protected":false},"featured_media":4695,"comment_status":"open","ping_status":"closed","template":"","meta":[],"etheme_brands":[],"product_brand":[],"product_cat":[117,97],"product_tag":[133],"class_list":{"0":"post-4696","1":"product","2":"type-product","3":"status-publish","4":"has-post-thumbnail","6":"product_cat-categoriabrincosbrinco-feminino","7":"product_cat-categoriabrincos","8":"product_tag-uze-pratas","10":"first","11":"instock","12":"shipping-taxable","13":"purchasable","14":"product-type-simple"},"_links":{"self":[{"href":"https:\/\/agenciausphot.com\/uze\/wp-json\/wp\/v2\/product\/4696","targetHints":{"allow":["GET"]}}],"collection":[{"href":"https:\/\/agenciausphot.com\/uze\/wp-json\/wp\/v2\/product"}],"about":[{"href":"https:\/\/agenciausphot.com\/uze\/wp-json\/wp\/v2\/types\/product"}],"replies":[{"embeddable":true,"href":"https:\/\/agenciausphot.com\/uze\/wp-json\/wp\/v2\/comments?post=4696"}],"version-history":[{"count":1,"href":"https:\/\/agenciausphot.com\/uze\/wp-json\/wp\/v2\/product\/4696\/revisions"}],"predecessor-version":[{"id":5850,"href":"https:\/\/agenciausphot.com\/uze\/wp-json\/wp\/v2\/product\/4696\/revisions\/5850"}],"wp:featuredmedia":[{"embeddable":true,"href":"https:\/\/agenciausphot.com\/uze\/wp-json\/wp\/v2\/media\/4695"}],"wp:attachment":[{"href":"https:\/\/agenciausphot.com\/uze\/wp-json\/wp\/v2\/media?parent=4696"}],"wp:term":[{"taxonomy":"brand","embeddable":true,"href":"https:\/\/agenciausphot.com\/uze\/wp-json\/wp\/v2\/etheme_brands?post=4696"},{"taxonomy":"product_brand","embeddable":true,"href":"https:\/\/agenciausphot.com\/uze\/wp-json\/wp\/v2\/product_brand?post=4696"},{"taxonomy":"product_cat","embeddable":true,"href":"https:\/\/agenciausphot.com\/uze\/wp-json\/wp\/v2\/product_cat?post=4696"},{"taxonomy":"product_tag","embeddable":true,"href":"https:\/\/agenciausphot.com\/uze\/wp-json\/wp\/v2\/product_tag?post=4696"}],"curies":[{"name":"wp","href":"https:\/\/api.w.org\/{rel}","templated":true}]}}