{"id":4686,"date":"2025-10-29T13:02:07","date_gmt":"2025-10-29T13:02:07","guid":{"rendered":"https:\/\/agenciausphot.com\/uze\/produto\/brinco-coracao-liso-medio\/"},"modified":"2025-11-04T20:34:34","modified_gmt":"2025-11-04T20:34:34","slug":"brinco-coracao-liso-medio","status":"publish","type":"product","link":"https:\/\/agenciausphot.com\/uze\/produto\/brinco-coracao-liso-medio\/","title":{"rendered":"Brinco cora\u00e7\u0101o liso medio"},"content":{"rendered":"<p data-start=\"50\" data-end=\"276\"><strong data-start=\"50\" data-end=\"92\">Brinco Cora\u00e7\u00e3o Liso M\u00e9dio em Prata 925<\/strong><br data-start=\"92\" data-end=\"95\"><br \/>\nRom\u00e2ntico e atemporal, este brinco em formato de cora\u00e7\u00e3o liso m\u00e9dio combina delicadeza e eleg\u00e2ncia em um s\u00f3 design. Produzido em <strong data-start=\"224\" data-end=\"246\">Prata 925 leg\u00edtima<\/strong> com <strong data-start=\"251\" data-end=\"273\">garantia vital\u00edcia<\/strong>.<\/p>\n","protected":false},"excerpt":{"rendered":"<p>Brinco Cora\u00e7\u00e3o Liso M\u00e9dio em Prata 925 Rom\u00e2ntico e atemporal, este brinco em formato de cora\u00e7\u00e3o liso m\u00e9dio combina delicadeza e eleg\u00e2ncia em um s\u00f3&#8230;<\/p>\n","protected":false},"featured_media":4685,"comment_status":"open","ping_status":"closed","template":"","meta":[],"etheme_brands":[],"product_brand":[],"product_cat":[117,97],"product_tag":[133],"class_list":{"0":"post-4686","1":"product","2":"type-product","3":"status-publish","4":"has-post-thumbnail","6":"product_cat-categoriabrincosbrinco-feminino","7":"product_cat-categoriabrincos","8":"product_tag-uze-pratas","10":"first","11":"instock","12":"shipping-taxable","13":"purchasable","14":"product-type-simple"},"_links":{"self":[{"href":"https:\/\/agenciausphot.com\/uze\/wp-json\/wp\/v2\/product\/4686","targetHints":{"allow":["GET"]}}],"collection":[{"href":"https:\/\/agenciausphot.com\/uze\/wp-json\/wp\/v2\/product"}],"about":[{"href":"https:\/\/agenciausphot.com\/uze\/wp-json\/wp\/v2\/types\/product"}],"replies":[{"embeddable":true,"href":"https:\/\/agenciausphot.com\/uze\/wp-json\/wp\/v2\/comments?post=4686"}],"version-history":[{"count":1,"href":"https:\/\/agenciausphot.com\/uze\/wp-json\/wp\/v2\/product\/4686\/revisions"}],"predecessor-version":[{"id":5845,"href":"https:\/\/agenciausphot.com\/uze\/wp-json\/wp\/v2\/product\/4686\/revisions\/5845"}],"wp:featuredmedia":[{"embeddable":true,"href":"https:\/\/agenciausphot.com\/uze\/wp-json\/wp\/v2\/media\/4685"}],"wp:attachment":[{"href":"https:\/\/agenciausphot.com\/uze\/wp-json\/wp\/v2\/media?parent=4686"}],"wp:term":[{"taxonomy":"brand","embeddable":true,"href":"https:\/\/agenciausphot.com\/uze\/wp-json\/wp\/v2\/etheme_brands?post=4686"},{"taxonomy":"product_brand","embeddable":true,"href":"https:\/\/agenciausphot.com\/uze\/wp-json\/wp\/v2\/product_brand?post=4686"},{"taxonomy":"product_cat","embeddable":true,"href":"https:\/\/agenciausphot.com\/uze\/wp-json\/wp\/v2\/product_cat?post=4686"},{"taxonomy":"product_tag","embeddable":true,"href":"https:\/\/agenciausphot.com\/uze\/wp-json\/wp\/v2\/product_tag?post=4686"}],"curies":[{"name":"wp","href":"https:\/\/api.w.org\/{rel}","templated":true}]}}