{"id":4652,"date":"2025-10-29T13:01:42","date_gmt":"2025-10-29T13:01:42","guid":{"rendered":"https:\/\/agenciausphot.com\/uze\/produto\/brinco-coracao-liso\/"},"modified":"2025-11-04T20:34:23","modified_gmt":"2025-11-04T20:34:23","slug":"brinco-coracao-liso","status":"publish","type":"product","link":"https:\/\/agenciausphot.com\/uze\/produto\/brinco-coracao-liso\/","title":{"rendered":"Brinco cora\u00e7\u0101o liso"},"content":{"rendered":"<p data-start=\"50\" data-end=\"262\"><strong data-start=\"50\" data-end=\"86\">Brinco Cora\u00e7\u00e3o Liso em Prata 925<\/strong><br data-start=\"86\" data-end=\"89\"><br \/>\nDelicado e atemporal, este brinco em formato de cora\u00e7\u00e3o liso transmite romantismo em um design minimalista. Produzido em <strong data-start=\"210\" data-end=\"232\">Prata 925 leg\u00edtima<\/strong> com <strong data-start=\"237\" data-end=\"259\">garantia vital\u00edcia<\/strong>.<\/p>\n","protected":false},"excerpt":{"rendered":"<p>Brinco Cora\u00e7\u00e3o Liso em Prata 925 Delicado e atemporal, este brinco em formato de cora\u00e7\u00e3o liso transmite romantismo em um design minimalista. Produzido em Prata&#8230;<\/p>\n","protected":false},"featured_media":4651,"comment_status":"open","ping_status":"closed","template":"","meta":[],"etheme_brands":[],"product_brand":[],"product_cat":[117,97],"product_tag":[133],"class_list":{"0":"post-4652","1":"product","2":"type-product","3":"status-publish","4":"has-post-thumbnail","6":"product_cat-categoriabrincosbrinco-feminino","7":"product_cat-categoriabrincos","8":"product_tag-uze-pratas","10":"first","11":"instock","12":"shipping-taxable","13":"purchasable","14":"product-type-simple"},"_links":{"self":[{"href":"https:\/\/agenciausphot.com\/uze\/wp-json\/wp\/v2\/product\/4652","targetHints":{"allow":["GET"]}}],"collection":[{"href":"https:\/\/agenciausphot.com\/uze\/wp-json\/wp\/v2\/product"}],"about":[{"href":"https:\/\/agenciausphot.com\/uze\/wp-json\/wp\/v2\/types\/product"}],"replies":[{"embeddable":true,"href":"https:\/\/agenciausphot.com\/uze\/wp-json\/wp\/v2\/comments?post=4652"}],"version-history":[{"count":1,"href":"https:\/\/agenciausphot.com\/uze\/wp-json\/wp\/v2\/product\/4652\/revisions"}],"predecessor-version":[{"id":5829,"href":"https:\/\/agenciausphot.com\/uze\/wp-json\/wp\/v2\/product\/4652\/revisions\/5829"}],"wp:featuredmedia":[{"embeddable":true,"href":"https:\/\/agenciausphot.com\/uze\/wp-json\/wp\/v2\/media\/4651"}],"wp:attachment":[{"href":"https:\/\/agenciausphot.com\/uze\/wp-json\/wp\/v2\/media?parent=4652"}],"wp:term":[{"taxonomy":"brand","embeddable":true,"href":"https:\/\/agenciausphot.com\/uze\/wp-json\/wp\/v2\/etheme_brands?post=4652"},{"taxonomy":"product_brand","embeddable":true,"href":"https:\/\/agenciausphot.com\/uze\/wp-json\/wp\/v2\/product_brand?post=4652"},{"taxonomy":"product_cat","embeddable":true,"href":"https:\/\/agenciausphot.com\/uze\/wp-json\/wp\/v2\/product_cat?post=4652"},{"taxonomy":"product_tag","embeddable":true,"href":"https:\/\/agenciausphot.com\/uze\/wp-json\/wp\/v2\/product_tag?post=4652"}],"curies":[{"name":"wp","href":"https:\/\/api.w.org\/{rel}","templated":true}]}}