{"id":4599,"date":"2025-10-29T13:01:04","date_gmt":"2025-10-29T13:01:04","guid":{"rendered":"https:\/\/agenciausphot.com\/uze\/produto\/anel-simbolo-infinito-colorido\/"},"modified":"2025-12-22T16:27:14","modified_gmt":"2025-12-22T16:27:14","slug":"anel-simbolo-infinito-colorido","status":"publish","type":"product","link":"https:\/\/agenciausphot.com\/uze\/produto\/anel-simbolo-infinito-colorido\/","title":{"rendered":"Anel s\u00edmbolo infinito colorido"},"content":{"rendered":"<h3 data-start=\"108\" data-end=\"134\">Detalhes do Produto:<\/h3>\n<p data-start=\"135\" data-end=\"560\">Anel em <strong data-start=\"143\" data-end=\"165\">Prata 925 leg\u00edtima<\/strong>, com aro delicado e design central em formato de <strong data-start=\"215\" data-end=\"235\">s\u00edmbolo infinito<\/strong>, representando eternidade, amor e equil\u00edbrio. O destaque fica por conta das <strong data-start=\"312\" data-end=\"346\">zirc\u00f4nias coloridas cravejadas<\/strong> ao longo do s\u00edmbolo, que proporcionam brilho vibrante e alegre, tornando a pe\u00e7a \u00fanica e cheia de personalidade. Uma joia moderna e significativa, ideal para quem gosta de acess\u00f3rios marcantes e cheios de estilo.<\/p>\n<p data-start=\"562\" data-end=\"682\">As pratas 925 possuem <strong data-start=\"584\" data-end=\"606\">garantia vital\u00edcia<\/strong>, reconhecidas por sua qualidade, resist\u00eancia e excelente custo-benef\u00edcio.<\/p>\n<hr data-start=\"684\" data-end=\"687\">\n<h3 data-start=\"689\" data-end=\"721\">Especifica\u00e7\u00f5es do produto:<\/h3>\n<ul data-start=\"722\" data-end=\"958\">\n<li data-start=\"722\" data-end=\"777\">\n<p data-start=\"724\" data-end=\"777\"><strong data-start=\"724\" data-end=\"735\">Modelo:<\/strong> Anel S\u00edmbolo Infinito Colorido em Prata<\/p>\n<\/li>\n<li data-start=\"778\" data-end=\"802\">\n<p data-start=\"780\" data-end=\"802\"><strong data-start=\"780\" data-end=\"794\">Espessura:<\/strong> 1,3mm<\/p>\n<\/li>\n<li data-start=\"803\" data-end=\"870\">\n<p data-start=\"805\" data-end=\"870\"><strong data-start=\"805\" data-end=\"820\">Dim. Pedra:<\/strong> 1mm (zirc\u00f4nias coloridas cravejadas no s\u00edmbolo)<\/p>\n<\/li>\n<li data-start=\"871\" data-end=\"907\">\n<p data-start=\"873\" data-end=\"907\"><strong data-start=\"873\" data-end=\"886\">Material:<\/strong> Prata 925 leg\u00edtima<\/p>\n<\/li>\n<li data-start=\"908\" data-end=\"932\">\n<p data-start=\"910\" data-end=\"932\"><strong data-start=\"910\" data-end=\"921\">G\u00eanero:<\/strong> Feminino<\/p>\n<\/li>\n<li data-start=\"933\" data-end=\"958\">\n<p data-start=\"935\" data-end=\"958\"><strong data-start=\"935\" data-end=\"944\">Peso:<\/strong> Aprox. 1,7g<\/p>\n<\/li>\n<\/ul>\n<hr data-start=\"960\" data-end=\"963\">\n<h3 data-start=\"965\" data-end=\"980\">Garantia:<\/h3>\n<p data-start=\"981\" data-end=\"1235\">Todas as joias em <strong data-start=\"999\" data-end=\"1012\">Prata 925<\/strong> acompanham <strong data-start=\"1024\" data-end=\"1068\">Certificado de Garantia de Autenticidade<\/strong>, assegurando a <strong data-start=\"1084\" data-end=\"1102\">dura\u00e7\u00e3o eterna<\/strong> do material. Diferente das bijuterias, pe\u00e7as em Prata 925 preservam sua beleza e valor por toda a vida, assim como o <strong data-start=\"1220\" data-end=\"1232\">Ouro 18k<\/strong>.<\/p>\n<p data-start=\"981\" data-end=\"1235\"><\/p>\n","protected":false},"excerpt":{"rendered":"<p>Detalhes do Produto: Anel em Prata 925 leg\u00edtima, com aro delicado e design central em formato de s\u00edmbolo infinito, representando eternidade, amor e equil\u00edbrio. O&#8230;<\/p>\n","protected":false},"featured_media":4598,"comment_status":"open","ping_status":"closed","template":"","meta":[],"etheme_brands":[],"product_brand":[],"product_cat":[103,92],"product_tag":[133],"class_list":{"0":"post-4599","1":"product","2":"type-product","3":"status-publish","4":"has-post-thumbnail","6":"product_cat-categoriaanisanel-feminino","7":"product_cat-categoriaanis","8":"product_tag-uze-pratas","10":"first","11":"instock","12":"shipping-taxable","13":"purchasable","14":"product-type-variable"},"_links":{"self":[{"href":"https:\/\/agenciausphot.com\/uze\/wp-json\/wp\/v2\/product\/4599","targetHints":{"allow":["GET"]}}],"collection":[{"href":"https:\/\/agenciausphot.com\/uze\/wp-json\/wp\/v2\/product"}],"about":[{"href":"https:\/\/agenciausphot.com\/uze\/wp-json\/wp\/v2\/types\/product"}],"replies":[{"embeddable":true,"href":"https:\/\/agenciausphot.com\/uze\/wp-json\/wp\/v2\/comments?post=4599"}],"version-history":[{"count":1,"href":"https:\/\/agenciausphot.com\/uze\/wp-json\/wp\/v2\/product\/4599\/revisions"}],"predecessor-version":[{"id":5803,"href":"https:\/\/agenciausphot.com\/uze\/wp-json\/wp\/v2\/product\/4599\/revisions\/5803"}],"wp:featuredmedia":[{"embeddable":true,"href":"https:\/\/agenciausphot.com\/uze\/wp-json\/wp\/v2\/media\/4598"}],"wp:attachment":[{"href":"https:\/\/agenciausphot.com\/uze\/wp-json\/wp\/v2\/media?parent=4599"}],"wp:term":[{"taxonomy":"brand","embeddable":true,"href":"https:\/\/agenciausphot.com\/uze\/wp-json\/wp\/v2\/etheme_brands?post=4599"},{"taxonomy":"product_brand","embeddable":true,"href":"https:\/\/agenciausphot.com\/uze\/wp-json\/wp\/v2\/product_brand?post=4599"},{"taxonomy":"product_cat","embeddable":true,"href":"https:\/\/agenciausphot.com\/uze\/wp-json\/wp\/v2\/product_cat?post=4599"},{"taxonomy":"product_tag","embeddable":true,"href":"https:\/\/agenciausphot.com\/uze\/wp-json\/wp\/v2\/product_tag?post=4599"}],"curies":[{"name":"wp","href":"https:\/\/api.w.org\/{rel}","templated":true}]}}