{"id":4597,"date":"2025-10-29T13:01:02","date_gmt":"2025-10-29T13:01:02","guid":{"rendered":"https:\/\/agenciausphot.com\/uze\/produto\/anel-simbolo-infinito\/"},"modified":"2025-12-22T16:27:13","modified_gmt":"2025-12-22T16:27:13","slug":"anel-simbolo-infinito","status":"publish","type":"product","link":"https:\/\/agenciausphot.com\/uze\/produto\/anel-simbolo-infinito\/","title":{"rendered":"Anel s\u00edmbolo infinito"},"content":{"rendered":"<h3 data-start=\"99\" data-end=\"125\">Detalhes do Produto:<\/h3>\n<p data-start=\"126\" data-end=\"501\">Anel em <strong data-start=\"134\" data-end=\"156\">Prata 925 leg\u00edtima<\/strong>, com aro delicado e design central em <strong data-start=\"195\" data-end=\"218\">s\u00edmbolo de infinito<\/strong>, representando eternidade, amor e equil\u00edbrio. O acabamento polido garante brilho sofisticado, tornando a pe\u00e7a elegante e vers\u00e1til. Uma joia minimalista e cheia de significado, perfeita para presentear algu\u00e9m especial ou para usar no dia a dia como um lembrete de conex\u00f5es eternas.<\/p>\n<p data-start=\"503\" data-end=\"623\">As pratas 925 possuem <strong data-start=\"525\" data-end=\"547\">garantia vital\u00edcia<\/strong>, reconhecidas por sua qualidade, resist\u00eancia e excelente custo-benef\u00edcio.<\/p>\n<hr data-start=\"625\" data-end=\"628\">\n<h3 data-start=\"630\" data-end=\"662\">Especifica\u00e7\u00f5es do produto:<\/h3>\n<ul data-start=\"663\" data-end=\"822\">\n<li data-start=\"663\" data-end=\"709\">\n<p data-start=\"665\" data-end=\"709\"><strong data-start=\"665\" data-end=\"676\">Modelo:<\/strong> Anel S\u00edmbolo Infinito em Prata<\/p>\n<\/li>\n<li data-start=\"710\" data-end=\"734\">\n<p data-start=\"712\" data-end=\"734\"><strong data-start=\"712\" data-end=\"726\">Espessura:<\/strong> 1,3mm<\/p>\n<\/li>\n<li data-start=\"735\" data-end=\"771\">\n<p data-start=\"737\" data-end=\"771\"><strong data-start=\"737\" data-end=\"750\">Material:<\/strong> Prata 925 leg\u00edtima<\/p>\n<\/li>\n<li data-start=\"772\" data-end=\"796\">\n<p data-start=\"774\" data-end=\"796\"><strong data-start=\"774\" data-end=\"785\">G\u00eanero:<\/strong> Feminino<\/p>\n<\/li>\n<li data-start=\"797\" data-end=\"822\">\n<p data-start=\"799\" data-end=\"822\"><strong data-start=\"799\" data-end=\"808\">Peso:<\/strong> Aprox. 1,6g<\/p>\n<\/li>\n<\/ul>\n<hr data-start=\"824\" data-end=\"827\">\n<h3 data-start=\"829\" data-end=\"844\">Garantia:<\/h3>\n<p data-start=\"845\" data-end=\"1099\">Todas as joias em <strong data-start=\"863\" data-end=\"876\">Prata 925<\/strong> acompanham <strong data-start=\"888\" data-end=\"932\">Certificado de Garantia de Autenticidade<\/strong>, assegurando a <strong data-start=\"948\" data-end=\"966\">dura\u00e7\u00e3o eterna<\/strong> do material. Diferente das bijuterias, pe\u00e7as em Prata 925 preservam sua beleza e valor por toda a vida, assim como o <strong data-start=\"1084\" data-end=\"1096\">Ouro 18k<\/strong>.<\/p>\n<hr data-start=\"1101\" data-end=\"1106\">\n<p data-start=\"1108\" data-end=\"1251\" data-is-last-node=\"\" data-is-only-node=\"\">\n","protected":false},"excerpt":{"rendered":"<p>Detalhes do Produto: Anel em Prata 925 leg\u00edtima, com aro delicado e design central em s\u00edmbolo de infinito, representando eternidade, amor e equil\u00edbrio. O acabamento&#8230;<\/p>\n","protected":false},"featured_media":4596,"comment_status":"open","ping_status":"closed","template":"","meta":[],"etheme_brands":[],"product_brand":[],"product_cat":[103,92],"product_tag":[133],"class_list":{"0":"post-4597","1":"product","2":"type-product","3":"status-publish","4":"has-post-thumbnail","6":"product_cat-categoriaanisanel-feminino","7":"product_cat-categoriaanis","8":"product_tag-uze-pratas","10":"first","11":"instock","12":"shipping-taxable","13":"purchasable","14":"product-type-variable"},"_links":{"self":[{"href":"https:\/\/agenciausphot.com\/uze\/wp-json\/wp\/v2\/product\/4597","targetHints":{"allow":["GET"]}}],"collection":[{"href":"https:\/\/agenciausphot.com\/uze\/wp-json\/wp\/v2\/product"}],"about":[{"href":"https:\/\/agenciausphot.com\/uze\/wp-json\/wp\/v2\/types\/product"}],"replies":[{"embeddable":true,"href":"https:\/\/agenciausphot.com\/uze\/wp-json\/wp\/v2\/comments?post=4597"}],"version-history":[{"count":1,"href":"https:\/\/agenciausphot.com\/uze\/wp-json\/wp\/v2\/product\/4597\/revisions"}],"predecessor-version":[{"id":5802,"href":"https:\/\/agenciausphot.com\/uze\/wp-json\/wp\/v2\/product\/4597\/revisions\/5802"}],"wp:featuredmedia":[{"embeddable":true,"href":"https:\/\/agenciausphot.com\/uze\/wp-json\/wp\/v2\/media\/4596"}],"wp:attachment":[{"href":"https:\/\/agenciausphot.com\/uze\/wp-json\/wp\/v2\/media?parent=4597"}],"wp:term":[{"taxonomy":"brand","embeddable":true,"href":"https:\/\/agenciausphot.com\/uze\/wp-json\/wp\/v2\/etheme_brands?post=4597"},{"taxonomy":"product_brand","embeddable":true,"href":"https:\/\/agenciausphot.com\/uze\/wp-json\/wp\/v2\/product_brand?post=4597"},{"taxonomy":"product_cat","embeddable":true,"href":"https:\/\/agenciausphot.com\/uze\/wp-json\/wp\/v2\/product_cat?post=4597"},{"taxonomy":"product_tag","embeddable":true,"href":"https:\/\/agenciausphot.com\/uze\/wp-json\/wp\/v2\/product_tag?post=4597"}],"curies":[{"name":"wp","href":"https:\/\/api.w.org\/{rel}","templated":true}]}}