{"id":4593,"date":"2025-10-29T13:00:59","date_gmt":"2025-10-29T13:00:59","guid":{"rendered":"https:\/\/agenciausphot.com\/uze\/produto\/anel-de-prata-zirconia-gota-rosa-pontilhada\/"},"modified":"2025-12-22T16:27:11","modified_gmt":"2025-12-22T16:27:11","slug":"anel-de-prata-zirconia-gota-rosa-pontilhada","status":"publish","type":"product","link":"https:\/\/agenciausphot.com\/uze\/produto\/anel-de-prata-zirconia-gota-rosa-pontilhada\/","title":{"rendered":"Anel de prata zirc\u00f4nia gota rosa pontilhada"},"content":{"rendered":"<h3 data-start=\"112\" data-end=\"138\">Detalhes do Produto:<\/h3>\n<p data-start=\"139\" data-end=\"580\">Anel em <strong data-start=\"147\" data-end=\"169\">Prata 925 leg\u00edtima<\/strong>, com aro delicado que valoriza a pedra central em <strong data-start=\"220\" data-end=\"244\">formato de gota rosa<\/strong>, s\u00edmbolo de romantismo e delicadeza. O design \u00e9 real\u00e7ado por um acabamento <strong data-start=\"320\" data-end=\"372\">pontilhado cravejado com micro zirc\u00f4nias cristal<\/strong>, que iluminam a pe\u00e7a e criam um contraste sofisticado com o tom suave da zirc\u00f4nia rosa. Uma joia elegante e encantadora, perfeita para ocasi\u00f5es especiais ou para compor looks cheios de charme no dia a dia.<\/p>\n<p data-start=\"582\" data-end=\"703\">As pratas 925 possuem <strong data-start=\"604\" data-end=\"626\">garantia vital\u00edcia<\/strong>, reconhecidas por sua qualidade, durabilidade e excelente custo-benef\u00edcio.<\/p>\n<hr data-start=\"705\" data-end=\"708\">\n<h3 data-start=\"710\" data-end=\"742\">Especifica\u00e7\u00f5es do produto:<\/h3>\n<ul data-start=\"743\" data-end=\"1012\">\n<li data-start=\"743\" data-end=\"793\">\n<p data-start=\"745\" data-end=\"793\"><strong data-start=\"745\" data-end=\"756\">Modelo:<\/strong> Anel Zirc\u00f4nia Gota Rosa Pontilhada<\/p>\n<\/li>\n<li data-start=\"794\" data-end=\"818\">\n<p data-start=\"796\" data-end=\"818\"><strong data-start=\"796\" data-end=\"810\">Espessura:<\/strong> 1,4mm<\/p>\n<\/li>\n<li data-start=\"819\" data-end=\"924\">\n<p data-start=\"821\" data-end=\"924\"><strong data-start=\"821\" data-end=\"836\">Dim. Pedra:<\/strong> 6x8mm (zirc\u00f4nia central em formato gota rosa) + 1mm (zirc\u00f4nias cravejadas no entorno)<\/p>\n<\/li>\n<li data-start=\"925\" data-end=\"961\">\n<p data-start=\"927\" data-end=\"961\"><strong data-start=\"927\" data-end=\"940\">Material:<\/strong> Prata 925 leg\u00edtima<\/p>\n<\/li>\n<li data-start=\"962\" data-end=\"986\">\n<p data-start=\"964\" data-end=\"986\"><strong data-start=\"964\" data-end=\"975\">G\u00eanero:<\/strong> Feminino<\/p>\n<\/li>\n<li data-start=\"987\" data-end=\"1012\">\n<p data-start=\"989\" data-end=\"1012\"><strong data-start=\"989\" data-end=\"998\">Peso:<\/strong> Aprox. 1,9g<\/p>\n<\/li>\n<\/ul>\n<hr data-start=\"1014\" data-end=\"1017\">\n<h3 data-start=\"1019\" data-end=\"1034\">Garantia:<\/h3>\n<p data-start=\"1035\" data-end=\"1289\">Todas as joias em <strong data-start=\"1053\" data-end=\"1066\">Prata 925<\/strong> acompanham <strong data-start=\"1078\" data-end=\"1122\">Certificado de Garantia de Autenticidade<\/strong>, assegurando a <strong data-start=\"1138\" data-end=\"1156\">dura\u00e7\u00e3o eterna<\/strong> do material. Diferente das bijuterias, pe\u00e7as em Prata 925 preservam seu brilho e valor por toda a vida, assim como o <strong data-start=\"1274\" data-end=\"1286\">Ouro 18k<\/strong>.<\/p>\n","protected":false},"excerpt":{"rendered":"<p>Detalhes do Produto: Anel em Prata 925 leg\u00edtima, com aro delicado que valoriza a pedra central em formato de gota rosa, s\u00edmbolo de romantismo e&#8230;<\/p>\n","protected":false},"featured_media":4592,"comment_status":"open","ping_status":"closed","template":"","meta":[],"etheme_brands":[],"product_brand":[],"product_cat":[103,92],"product_tag":[133],"class_list":{"0":"post-4593","1":"product","2":"type-product","3":"status-publish","4":"has-post-thumbnail","6":"product_cat-categoriaanisanel-feminino","7":"product_cat-categoriaanis","8":"product_tag-uze-pratas","10":"first","11":"instock","12":"shipping-taxable","13":"purchasable","14":"product-type-variable"},"_links":{"self":[{"href":"https:\/\/agenciausphot.com\/uze\/wp-json\/wp\/v2\/product\/4593","targetHints":{"allow":["GET"]}}],"collection":[{"href":"https:\/\/agenciausphot.com\/uze\/wp-json\/wp\/v2\/product"}],"about":[{"href":"https:\/\/agenciausphot.com\/uze\/wp-json\/wp\/v2\/types\/product"}],"replies":[{"embeddable":true,"href":"https:\/\/agenciausphot.com\/uze\/wp-json\/wp\/v2\/comments?post=4593"}],"version-history":[{"count":1,"href":"https:\/\/agenciausphot.com\/uze\/wp-json\/wp\/v2\/product\/4593\/revisions"}],"predecessor-version":[{"id":5800,"href":"https:\/\/agenciausphot.com\/uze\/wp-json\/wp\/v2\/product\/4593\/revisions\/5800"}],"wp:featuredmedia":[{"embeddable":true,"href":"https:\/\/agenciausphot.com\/uze\/wp-json\/wp\/v2\/media\/4592"}],"wp:attachment":[{"href":"https:\/\/agenciausphot.com\/uze\/wp-json\/wp\/v2\/media?parent=4593"}],"wp:term":[{"taxonomy":"brand","embeddable":true,"href":"https:\/\/agenciausphot.com\/uze\/wp-json\/wp\/v2\/etheme_brands?post=4593"},{"taxonomy":"product_brand","embeddable":true,"href":"https:\/\/agenciausphot.com\/uze\/wp-json\/wp\/v2\/product_brand?post=4593"},{"taxonomy":"product_cat","embeddable":true,"href":"https:\/\/agenciausphot.com\/uze\/wp-json\/wp\/v2\/product_cat?post=4593"},{"taxonomy":"product_tag","embeddable":true,"href":"https:\/\/agenciausphot.com\/uze\/wp-json\/wp\/v2\/product_tag?post=4593"}],"curies":[{"name":"wp","href":"https:\/\/api.w.org\/{rel}","templated":true}]}}