{"id":4591,"date":"2025-10-29T13:00:58","date_gmt":"2025-10-29T13:00:58","guid":{"rendered":"https:\/\/agenciausphot.com\/uze\/produto\/anel-de-prata-zirconia-gota-azul-pontilhada\/"},"modified":"2025-12-22T16:27:09","modified_gmt":"2025-12-22T16:27:09","slug":"anel-de-prata-zirconia-gota-azul-pontilhada","status":"publish","type":"product","link":"https:\/\/agenciausphot.com\/uze\/produto\/anel-de-prata-zirconia-gota-azul-pontilhada\/","title":{"rendered":"Anel de prata zirc\u00f4nia gota azul pontilhada"},"content":{"rendered":"<h3 data-start=\"112\" data-end=\"138\">Detalhes do Produto:<\/h3>\n<p data-start=\"139\" data-end=\"578\">Anel em <strong data-start=\"147\" data-end=\"169\">Prata 925 leg\u00edtima<\/strong>, com aro delicado e elegante, destacando uma <strong data-start=\"215\" data-end=\"251\">zirc\u00f4nia em formato de gota azul<\/strong>, rodeada por um acabamento <strong data-start=\"279\" data-end=\"331\">pontilhado cravejado com micro zirc\u00f4nias cristal<\/strong> que intensificam o brilho da pe\u00e7a. O contraste entre o azul profundo da pedra central e o brilho das zirc\u00f4nias laterais garante sofistica\u00e7\u00e3o e delicadeza, tornando a joia ideal para ocasi\u00f5es especiais ou para dar um toque refinado ao dia a dia.<\/p>\n<p data-start=\"580\" data-end=\"700\">As pratas 925 possuem <strong data-start=\"602\" data-end=\"624\">garantia vital\u00edcia<\/strong>, reconhecidas por sua resist\u00eancia, qualidade e excelente custo-benef\u00edcio.<\/p>\n<hr data-start=\"702\" data-end=\"705\">\n<h3 data-start=\"707\" data-end=\"739\">Especifica\u00e7\u00f5es do produto:<\/h3>\n<ul data-start=\"740\" data-end=\"1004\">\n<li data-start=\"740\" data-end=\"790\">\n<p data-start=\"742\" data-end=\"790\"><strong data-start=\"742\" data-end=\"753\">Modelo:<\/strong> Anel Zirc\u00f4nia Gota Azul Pontilhada<\/p>\n<\/li>\n<li data-start=\"791\" data-end=\"815\">\n<p data-start=\"793\" data-end=\"815\"><strong data-start=\"793\" data-end=\"807\">Espessura:<\/strong> 1,4mm<\/p>\n<\/li>\n<li data-start=\"816\" data-end=\"916\">\n<p data-start=\"818\" data-end=\"916\"><strong data-start=\"818\" data-end=\"833\">Dim. Pedra:<\/strong> 6x8mm (zirc\u00f4nia central em formato gota) + 1mm (zirc\u00f4nias cravejadas no entorno)<\/p>\n<\/li>\n<li data-start=\"917\" data-end=\"953\">\n<p data-start=\"919\" data-end=\"953\"><strong data-start=\"919\" data-end=\"932\">Material:<\/strong> Prata 925 leg\u00edtima<\/p>\n<\/li>\n<li data-start=\"954\" data-end=\"978\">\n<p data-start=\"956\" data-end=\"978\"><strong data-start=\"956\" data-end=\"967\">G\u00eanero:<\/strong> Feminino<\/p>\n<\/li>\n<li data-start=\"979\" data-end=\"1004\">\n<p data-start=\"981\" data-end=\"1004\"><strong data-start=\"981\" data-end=\"990\">Peso:<\/strong> Aprox. 1,9g<\/p>\n<\/li>\n<\/ul>\n<hr data-start=\"1006\" data-end=\"1009\">\n<h3 data-start=\"1011\" data-end=\"1026\">Garantia:<\/h3>\n<p data-start=\"1027\" data-end=\"1281\">Todas as joias em <strong data-start=\"1045\" data-end=\"1058\">Prata 925<\/strong> acompanham <strong data-start=\"1070\" data-end=\"1114\">Certificado de Garantia de Autenticidade<\/strong>, assegurando a <strong data-start=\"1130\" data-end=\"1148\">dura\u00e7\u00e3o eterna<\/strong> do material. Diferente das bijuterias, pe\u00e7as em Prata 925 preservam seu brilho e valor por toda a vida, assim como o <strong data-start=\"1266\" data-end=\"1278\">Ouro 18k<\/strong>.<\/p>\n","protected":false},"excerpt":{"rendered":"<p>Detalhes do Produto: Anel em Prata 925 leg\u00edtima, com aro delicado e elegante, destacando uma zirc\u00f4nia em formato de gota azul, rodeada por um acabamento&#8230;<\/p>\n","protected":false},"featured_media":4590,"comment_status":"open","ping_status":"closed","template":"","meta":[],"etheme_brands":[],"product_brand":[],"product_cat":[103,92],"product_tag":[133],"class_list":{"0":"post-4591","1":"product","2":"type-product","3":"status-publish","4":"has-post-thumbnail","6":"product_cat-categoriaanisanel-feminino","7":"product_cat-categoriaanis","8":"product_tag-uze-pratas","10":"first","11":"instock","12":"shipping-taxable","13":"purchasable","14":"product-type-variable"},"_links":{"self":[{"href":"https:\/\/agenciausphot.com\/uze\/wp-json\/wp\/v2\/product\/4591","targetHints":{"allow":["GET"]}}],"collection":[{"href":"https:\/\/agenciausphot.com\/uze\/wp-json\/wp\/v2\/product"}],"about":[{"href":"https:\/\/agenciausphot.com\/uze\/wp-json\/wp\/v2\/types\/product"}],"replies":[{"embeddable":true,"href":"https:\/\/agenciausphot.com\/uze\/wp-json\/wp\/v2\/comments?post=4591"}],"version-history":[{"count":1,"href":"https:\/\/agenciausphot.com\/uze\/wp-json\/wp\/v2\/product\/4591\/revisions"}],"predecessor-version":[{"id":5799,"href":"https:\/\/agenciausphot.com\/uze\/wp-json\/wp\/v2\/product\/4591\/revisions\/5799"}],"wp:featuredmedia":[{"embeddable":true,"href":"https:\/\/agenciausphot.com\/uze\/wp-json\/wp\/v2\/media\/4590"}],"wp:attachment":[{"href":"https:\/\/agenciausphot.com\/uze\/wp-json\/wp\/v2\/media?parent=4591"}],"wp:term":[{"taxonomy":"brand","embeddable":true,"href":"https:\/\/agenciausphot.com\/uze\/wp-json\/wp\/v2\/etheme_brands?post=4591"},{"taxonomy":"product_brand","embeddable":true,"href":"https:\/\/agenciausphot.com\/uze\/wp-json\/wp\/v2\/product_brand?post=4591"},{"taxonomy":"product_cat","embeddable":true,"href":"https:\/\/agenciausphot.com\/uze\/wp-json\/wp\/v2\/product_cat?post=4591"},{"taxonomy":"product_tag","embeddable":true,"href":"https:\/\/agenciausphot.com\/uze\/wp-json\/wp\/v2\/product_tag?post=4591"}],"curies":[{"name":"wp","href":"https:\/\/api.w.org\/{rel}","templated":true}]}}