{"id":4584,"date":"2025-10-29T13:00:52","date_gmt":"2025-10-29T13:00:52","guid":{"rendered":"https:\/\/agenciausphot.com\/uze\/produto\/anel-pedra-zirconia-verde\/"},"modified":"2025-12-15T13:22:26","modified_gmt":"2025-12-15T13:22:26","slug":"anel-pedra-zirconia-verde","status":"publish","type":"product","link":"https:\/\/agenciausphot.com\/uze\/produto\/anel-pedra-zirconia-verde\/","title":{"rendered":"Anel pedra zirc\u00f4nia verde"},"content":{"rendered":"<h3 data-start=\"103\" data-end=\"129\">Detalhes do Produto:<\/h3>\n<p data-start=\"130\" data-end=\"510\">Anel em <strong data-start=\"138\" data-end=\"160\">Prata 925 leg\u00edtima<\/strong>, com aro delicado e design cl\u00e1ssico que destaca uma <strong data-start=\"213\" data-end=\"256\">zirc\u00f4nia central na cor verde esmeralda<\/strong> em formato redondo. A crava\u00e7\u00e3o garante seguran\u00e7a e brilho intenso, tornando a pe\u00e7a sofisticada e elegante. Uma joia vers\u00e1til que simboliza equil\u00edbrio e renova\u00e7\u00e3o, perfeita para presentear ou compor looks marcantes no dia a dia e em ocasi\u00f5es especiais.<\/p>\n<p data-start=\"512\" data-end=\"632\">As pratas 925 possuem <strong data-start=\"534\" data-end=\"556\">garantia vital\u00edcia<\/strong>, reconhecidas por sua qualidade, resist\u00eancia e excelente custo-benef\u00edcio.<\/p>\n<hr data-start=\"634\" data-end=\"637\">\n<h3 data-start=\"639\" data-end=\"671\">Especifica\u00e7\u00f5es do produto:<\/h3>\n<ul data-start=\"672\" data-end=\"884\">\n<li data-start=\"672\" data-end=\"722\">\n<p data-start=\"674\" data-end=\"722\"><strong data-start=\"674\" data-end=\"685\">Modelo:<\/strong> Anel Pedra Zirc\u00f4nia Verde em Prata<\/p>\n<\/li>\n<li data-start=\"723\" data-end=\"747\">\n<p data-start=\"725\" data-end=\"747\"><strong data-start=\"725\" data-end=\"739\">Espessura:<\/strong> 1,4mm<\/p>\n<\/li>\n<li data-start=\"748\" data-end=\"796\">\n<p data-start=\"750\" data-end=\"796\"><strong data-start=\"750\" data-end=\"765\">Dim. Pedra:<\/strong> 5mm (zirc\u00f4nia verde redonda)<\/p>\n<\/li>\n<li data-start=\"797\" data-end=\"833\">\n<p data-start=\"799\" data-end=\"833\"><strong data-start=\"799\" data-end=\"812\">Material:<\/strong> Prata 925 leg\u00edtima<\/p>\n<\/li>\n<li data-start=\"834\" data-end=\"858\">\n<p data-start=\"836\" data-end=\"858\"><strong data-start=\"836\" data-end=\"847\">G\u00eanero:<\/strong> Feminino<\/p>\n<\/li>\n<li data-start=\"859\" data-end=\"884\">\n<p data-start=\"861\" data-end=\"884\"><strong data-start=\"861\" data-end=\"870\">Peso:<\/strong> Aprox. 1,7g<\/p>\n<\/li>\n<\/ul>\n<hr data-start=\"886\" data-end=\"889\">\n<h3 data-start=\"891\" data-end=\"906\">Garantia:<\/h3>\n<p data-start=\"907\" data-end=\"1158\">Todas as joias em <strong data-start=\"925\" data-end=\"938\">Prata 925<\/strong> acompanham <strong data-start=\"950\" data-end=\"994\">Certificado de Garantia de Autenticidade<\/strong>, assegurando a <strong data-start=\"1010\" data-end=\"1028\">dura\u00e7\u00e3o eterna<\/strong> do material. Diferente das bijuterias, pe\u00e7as em Prata 925 mant\u00eam sua beleza e valor por toda a vida, assim como o <strong data-start=\"1143\" data-end=\"1155\">Ouro 18k<\/strong>.<\/p>\n","protected":false},"excerpt":{"rendered":"<p>Detalhes do Produto: Anel em Prata 925 leg\u00edtima, com aro delicado e design cl\u00e1ssico que destaca uma zirc\u00f4nia central na cor verde esmeralda em formato&#8230;<\/p>\n","protected":false},"featured_media":4583,"comment_status":"open","ping_status":"closed","template":"","meta":[],"etheme_brands":[],"product_brand":[],"product_cat":[103,92],"product_tag":[133],"class_list":{"0":"post-4584","1":"product","2":"type-product","3":"status-publish","4":"has-post-thumbnail","6":"product_cat-categoriaanisanel-feminino","7":"product_cat-categoriaanis","8":"product_tag-uze-pratas","10":"first","11":"outofstock","12":"shipping-taxable","13":"purchasable","14":"product-type-variable"},"_links":{"self":[{"href":"https:\/\/agenciausphot.com\/uze\/wp-json\/wp\/v2\/product\/4584","targetHints":{"allow":["GET"]}}],"collection":[{"href":"https:\/\/agenciausphot.com\/uze\/wp-json\/wp\/v2\/product"}],"about":[{"href":"https:\/\/agenciausphot.com\/uze\/wp-json\/wp\/v2\/types\/product"}],"replies":[{"embeddable":true,"href":"https:\/\/agenciausphot.com\/uze\/wp-json\/wp\/v2\/comments?post=4584"}],"version-history":[{"count":1,"href":"https:\/\/agenciausphot.com\/uze\/wp-json\/wp\/v2\/product\/4584\/revisions"}],"predecessor-version":[{"id":5796,"href":"https:\/\/agenciausphot.com\/uze\/wp-json\/wp\/v2\/product\/4584\/revisions\/5796"}],"wp:featuredmedia":[{"embeddable":true,"href":"https:\/\/agenciausphot.com\/uze\/wp-json\/wp\/v2\/media\/4583"}],"wp:attachment":[{"href":"https:\/\/agenciausphot.com\/uze\/wp-json\/wp\/v2\/media?parent=4584"}],"wp:term":[{"taxonomy":"brand","embeddable":true,"href":"https:\/\/agenciausphot.com\/uze\/wp-json\/wp\/v2\/etheme_brands?post=4584"},{"taxonomy":"product_brand","embeddable":true,"href":"https:\/\/agenciausphot.com\/uze\/wp-json\/wp\/v2\/product_brand?post=4584"},{"taxonomy":"product_cat","embeddable":true,"href":"https:\/\/agenciausphot.com\/uze\/wp-json\/wp\/v2\/product_cat?post=4584"},{"taxonomy":"product_tag","embeddable":true,"href":"https:\/\/agenciausphot.com\/uze\/wp-json\/wp\/v2\/product_tag?post=4584"}],"curies":[{"name":"wp","href":"https:\/\/api.w.org\/{rel}","templated":true}]}}