{"id":4574,"date":"2025-10-29T13:00:44","date_gmt":"2025-10-29T13:00:44","guid":{"rendered":"https:\/\/agenciausphot.com\/uze\/produto\/anel-coracao-liso\/"},"modified":"2025-12-15T13:22:25","modified_gmt":"2025-12-15T13:22:25","slug":"anel-coracao-liso","status":"publish","type":"product","link":"https:\/\/agenciausphot.com\/uze\/produto\/anel-coracao-liso\/","title":{"rendered":"Anel cora\u00e7\u00e3o liso"},"content":{"rendered":"<h3 data-start=\"95\" data-end=\"121\">Detalhes do Produto:<\/h3>\n<p data-start=\"122\" data-end=\"434\">Anel em <strong data-start=\"130\" data-end=\"152\">Prata 925 leg\u00edtima<\/strong>, com aro delicado e design central em formato de <strong data-start=\"202\" data-end=\"227\">cora\u00e7\u00e3o liso e polido<\/strong>, que garante brilho intenso e acabamento elegante. Uma joia minimalista, rom\u00e2ntica e atemporal, perfeita para simbolizar amor e delicadeza em todas as ocasi\u00f5es, seja no dia a dia ou em momentos especiais.<\/p>\n<p data-start=\"436\" data-end=\"556\">As pratas 925 possuem <strong data-start=\"458\" data-end=\"480\">garantia vital\u00edcia<\/strong>, reconhecidas por sua resist\u00eancia, qualidade e excelente custo-benef\u00edcio.<\/p>\n<hr data-start=\"558\" data-end=\"561\">\n<h3 data-start=\"563\" data-end=\"595\">Especifica\u00e7\u00f5es do produto:<\/h3>\n<ul data-start=\"596\" data-end=\"751\">\n<li data-start=\"596\" data-end=\"638\">\n<p data-start=\"598\" data-end=\"638\"><strong data-start=\"598\" data-end=\"609\">Modelo:<\/strong> Anel Cora\u00e7\u00e3o Liso em Prata<\/p>\n<\/li>\n<li data-start=\"639\" data-end=\"663\">\n<p data-start=\"641\" data-end=\"663\"><strong data-start=\"641\" data-end=\"655\">Espessura:<\/strong> 1,4mm<\/p>\n<\/li>\n<li data-start=\"664\" data-end=\"700\">\n<p data-start=\"666\" data-end=\"700\"><strong data-start=\"666\" data-end=\"679\">Material:<\/strong> Prata 925 leg\u00edtima<\/p>\n<\/li>\n<li data-start=\"701\" data-end=\"725\">\n<p data-start=\"703\" data-end=\"725\"><strong data-start=\"703\" data-end=\"714\">G\u00eanero:<\/strong> Feminino<\/p>\n<\/li>\n<li data-start=\"726\" data-end=\"751\">\n<p data-start=\"728\" data-end=\"751\"><strong data-start=\"728\" data-end=\"737\">Peso:<\/strong> Aprox. 1,6g<\/p>\n<\/li>\n<\/ul>\n<hr data-start=\"753\" data-end=\"756\">\n<h3 data-start=\"758\" data-end=\"773\">Garantia:<\/h3>\n<p data-start=\"774\" data-end=\"1028\">Todas as joias em <strong data-start=\"792\" data-end=\"805\">Prata 925<\/strong> acompanham <strong data-start=\"817\" data-end=\"861\">Certificado de Garantia de Autenticidade<\/strong>, assegurando a <strong data-start=\"877\" data-end=\"895\">dura\u00e7\u00e3o eterna<\/strong> do material. Diferente das bijuterias, pe\u00e7as em Prata 925 preservam seu brilho e valor por toda a vida, assim como o <strong data-start=\"1013\" data-end=\"1025\">Ouro 18k<\/strong>.<\/p>\n","protected":false},"excerpt":{"rendered":"<p>Detalhes do Produto: Anel em Prata 925 leg\u00edtima, com aro delicado e design central em formato de cora\u00e7\u00e3o liso e polido, que garante brilho intenso&#8230;<\/p>\n","protected":false},"featured_media":4573,"comment_status":"open","ping_status":"closed","template":"","meta":[],"etheme_brands":[],"product_brand":[],"product_cat":[103,92],"product_tag":[133],"class_list":{"0":"post-4574","1":"product","2":"type-product","3":"status-publish","4":"has-post-thumbnail","6":"product_cat-categoriaanisanel-feminino","7":"product_cat-categoriaanis","8":"product_tag-uze-pratas","10":"first","11":"outofstock","12":"shipping-taxable","13":"purchasable","14":"product-type-variable"},"_links":{"self":[{"href":"https:\/\/agenciausphot.com\/uze\/wp-json\/wp\/v2\/product\/4574","targetHints":{"allow":["GET"]}}],"collection":[{"href":"https:\/\/agenciausphot.com\/uze\/wp-json\/wp\/v2\/product"}],"about":[{"href":"https:\/\/agenciausphot.com\/uze\/wp-json\/wp\/v2\/types\/product"}],"replies":[{"embeddable":true,"href":"https:\/\/agenciausphot.com\/uze\/wp-json\/wp\/v2\/comments?post=4574"}],"version-history":[{"count":1,"href":"https:\/\/agenciausphot.com\/uze\/wp-json\/wp\/v2\/product\/4574\/revisions"}],"predecessor-version":[{"id":5792,"href":"https:\/\/agenciausphot.com\/uze\/wp-json\/wp\/v2\/product\/4574\/revisions\/5792"}],"wp:featuredmedia":[{"embeddable":true,"href":"https:\/\/agenciausphot.com\/uze\/wp-json\/wp\/v2\/media\/4573"}],"wp:attachment":[{"href":"https:\/\/agenciausphot.com\/uze\/wp-json\/wp\/v2\/media?parent=4574"}],"wp:term":[{"taxonomy":"brand","embeddable":true,"href":"https:\/\/agenciausphot.com\/uze\/wp-json\/wp\/v2\/etheme_brands?post=4574"},{"taxonomy":"product_brand","embeddable":true,"href":"https:\/\/agenciausphot.com\/uze\/wp-json\/wp\/v2\/product_brand?post=4574"},{"taxonomy":"product_cat","embeddable":true,"href":"https:\/\/agenciausphot.com\/uze\/wp-json\/wp\/v2\/product_cat?post=4574"},{"taxonomy":"product_tag","embeddable":true,"href":"https:\/\/agenciausphot.com\/uze\/wp-json\/wp\/v2\/product_tag?post=4574"}],"curies":[{"name":"wp","href":"https:\/\/api.w.org\/{rel}","templated":true}]}}