{"id":4568,"date":"2025-10-29T13:00:39","date_gmt":"2025-10-29T13:00:39","guid":{"rendered":"https:\/\/agenciausphot.com\/uze\/produto\/anel-trevo-cravejado-cristal\/"},"modified":"2025-12-05T04:41:38","modified_gmt":"2025-12-05T04:41:38","slug":"anel-trevo-cravejado-cristal","status":"publish","type":"product","link":"https:\/\/agenciausphot.com\/uze\/produto\/anel-trevo-cravejado-cristal\/","title":{"rendered":"Anel trevo cravejado cristal"},"content":{"rendered":"<h3 data-start=\"106\" data-end=\"132\">Detalhes do Produto:<\/h3>\n<p data-start=\"133\" data-end=\"553\">Anel em <strong data-start=\"141\" data-end=\"163\">Prata 925 leg\u00edtima<\/strong>, com aro delicado e design especial em formato de <strong data-start=\"214\" data-end=\"240\">trevo de quatro folhas<\/strong>, s\u00edmbolo de sorte e prote\u00e7\u00e3o. O trevo \u00e9 totalmente <strong data-start=\"292\" data-end=\"327\">cravejado com zirc\u00f4nias cristal<\/strong>, que proporcionam brilho intenso e sofisticado, tornando a pe\u00e7a elegante e encantadora. Uma joia que une significado, delicadeza e estilo, perfeita para presentear ou para carregar consigo um amuleto cheio de boas energias.<\/p>\n<p data-start=\"555\" data-end=\"680\">As pratas 925 possuem <strong data-start=\"577\" data-end=\"599\">garantia vital\u00edcia<\/strong>, reconhecidas por sua alta qualidade, resist\u00eancia e excelente custo-benef\u00edcio.<\/p>\n<hr data-start=\"682\" data-end=\"685\">\n<h3 data-start=\"687\" data-end=\"719\">Especifica\u00e7\u00f5es do produto:<\/h3>\n<ul data-start=\"720\" data-end=\"933\">\n<li data-start=\"720\" data-end=\"764\">\n<p data-start=\"722\" data-end=\"764\"><strong data-start=\"722\" data-end=\"733\">Modelo:<\/strong> Anel Trevo Cravejado Cristal<\/p>\n<\/li>\n<li data-start=\"765\" data-end=\"789\">\n<p data-start=\"767\" data-end=\"789\"><strong data-start=\"767\" data-end=\"781\">Espessura:<\/strong> 1,4mm<\/p>\n<\/li>\n<li data-start=\"790\" data-end=\"845\">\n<p data-start=\"792\" data-end=\"845\"><strong data-start=\"792\" data-end=\"807\">Dim. Pedra:<\/strong> 1mm (zirc\u00f4nias cravejadas no trevo)<\/p>\n<\/li>\n<li data-start=\"846\" data-end=\"882\">\n<p data-start=\"848\" data-end=\"882\"><strong data-start=\"848\" data-end=\"861\">Material:<\/strong> Prata 925 leg\u00edtima<\/p>\n<\/li>\n<li data-start=\"883\" data-end=\"907\">\n<p data-start=\"885\" data-end=\"907\"><strong data-start=\"885\" data-end=\"896\">G\u00eanero:<\/strong> Feminino<\/p>\n<\/li>\n<li data-start=\"908\" data-end=\"933\">\n<p data-start=\"910\" data-end=\"933\"><strong data-start=\"910\" data-end=\"919\">Peso:<\/strong> Aprox. 1,7g<\/p>\n<\/li>\n<\/ul>\n<hr data-start=\"935\" data-end=\"938\">\n<h3 data-start=\"940\" data-end=\"955\">Garantia:<\/h3>\n<p data-start=\"956\" data-end=\"1210\">Todas as joias em <strong data-start=\"974\" data-end=\"987\">Prata 925<\/strong> acompanham <strong data-start=\"999\" data-end=\"1043\">Certificado de Garantia de Autenticidade<\/strong>, assegurando a <strong data-start=\"1059\" data-end=\"1077\">dura\u00e7\u00e3o eterna<\/strong> do material. Diferente das bijuterias, pe\u00e7as em Prata 925 preservam seu brilho e valor por toda a vida, assim como o <strong data-start=\"1195\" data-end=\"1207\">Ouro 18k<\/strong>.<\/p>\n","protected":false},"excerpt":{"rendered":"<p>Detalhes do Produto: Anel em Prata 925 leg\u00edtima, com aro delicado e design especial em formato de trevo de quatro folhas, s\u00edmbolo de sorte e&#8230;<\/p>\n","protected":false},"featured_media":4567,"comment_status":"open","ping_status":"closed","template":"","meta":[],"etheme_brands":[],"product_brand":[],"product_cat":[103,92],"product_tag":[133],"class_list":{"0":"post-4568","1":"product","2":"type-product","3":"status-publish","4":"has-post-thumbnail","6":"product_cat-categoriaanisanel-feminino","7":"product_cat-categoriaanis","8":"product_tag-uze-pratas","10":"first","11":"outofstock","12":"shipping-taxable","13":"product-type-variable"},"_links":{"self":[{"href":"https:\/\/agenciausphot.com\/uze\/wp-json\/wp\/v2\/product\/4568","targetHints":{"allow":["GET"]}}],"collection":[{"href":"https:\/\/agenciausphot.com\/uze\/wp-json\/wp\/v2\/product"}],"about":[{"href":"https:\/\/agenciausphot.com\/uze\/wp-json\/wp\/v2\/types\/product"}],"replies":[{"embeddable":true,"href":"https:\/\/agenciausphot.com\/uze\/wp-json\/wp\/v2\/comments?post=4568"}],"version-history":[{"count":1,"href":"https:\/\/agenciausphot.com\/uze\/wp-json\/wp\/v2\/product\/4568\/revisions"}],"predecessor-version":[{"id":5789,"href":"https:\/\/agenciausphot.com\/uze\/wp-json\/wp\/v2\/product\/4568\/revisions\/5789"}],"wp:featuredmedia":[{"embeddable":true,"href":"https:\/\/agenciausphot.com\/uze\/wp-json\/wp\/v2\/media\/4567"}],"wp:attachment":[{"href":"https:\/\/agenciausphot.com\/uze\/wp-json\/wp\/v2\/media?parent=4568"}],"wp:term":[{"taxonomy":"brand","embeddable":true,"href":"https:\/\/agenciausphot.com\/uze\/wp-json\/wp\/v2\/etheme_brands?post=4568"},{"taxonomy":"product_brand","embeddable":true,"href":"https:\/\/agenciausphot.com\/uze\/wp-json\/wp\/v2\/product_brand?post=4568"},{"taxonomy":"product_cat","embeddable":true,"href":"https:\/\/agenciausphot.com\/uze\/wp-json\/wp\/v2\/product_cat?post=4568"},{"taxonomy":"product_tag","embeddable":true,"href":"https:\/\/agenciausphot.com\/uze\/wp-json\/wp\/v2\/product_tag?post=4568"}],"curies":[{"name":"wp","href":"https:\/\/api.w.org\/{rel}","templated":true}]}}