{"id":4566,"date":"2025-10-29T13:00:38","date_gmt":"2025-10-29T13:00:38","guid":{"rendered":"https:\/\/agenciausphot.com\/uze\/produto\/anel-liso-de-prata-chapa\/"},"modified":"2025-12-15T13:22:23","modified_gmt":"2025-12-15T13:22:23","slug":"anel-liso-de-prata-chapa","status":"publish","type":"product","link":"https:\/\/agenciausphot.com\/uze\/produto\/anel-liso-de-prata-chapa\/","title":{"rendered":"Anel liso de prata chapa"},"content":{"rendered":"<h3 data-start=\"93\" data-end=\"119\">Detalhes do Produto:<\/h3>\n<p data-start=\"120\" data-end=\"481\">Anel em <strong data-start=\"128\" data-end=\"150\">Prata 925 leg\u00edtima<\/strong>, com design liso e robusto em formato de <strong data-start=\"192\" data-end=\"201\">chapa<\/strong>, que proporciona um visual moderno, marcante e elegante. O acabamento polido garante brilho intenso e sofistica\u00e7\u00e3o, tornando a pe\u00e7a vers\u00e1til para compor diferentes estilos, do casual ao sofisticado. Uma joia atemporal, perfeita para quem gosta de pe\u00e7as cl\u00e1ssicas e de presen\u00e7a.<\/p>\n<p data-start=\"483\" data-end=\"608\">As pratas 925 possuem <strong data-start=\"505\" data-end=\"527\">garantia vital\u00edcia<\/strong>, reconhecidas por sua alta qualidade, resist\u00eancia e excelente custo-benef\u00edcio.<\/p>\n<hr data-start=\"610\" data-end=\"613\">\n<h3 data-start=\"615\" data-end=\"647\">Especifica\u00e7\u00f5es do produto:<\/h3>\n<ul data-start=\"648\" data-end=\"800\">\n<li data-start=\"648\" data-end=\"688\">\n<p data-start=\"650\" data-end=\"688\"><strong data-start=\"650\" data-end=\"661\">Modelo:<\/strong> Anel Liso de Prata Chapa<\/p>\n<\/li>\n<li data-start=\"689\" data-end=\"713\">\n<p data-start=\"691\" data-end=\"713\"><strong data-start=\"691\" data-end=\"705\">Espessura:<\/strong> 2,0mm<\/p>\n<\/li>\n<li data-start=\"714\" data-end=\"750\">\n<p data-start=\"716\" data-end=\"750\"><strong data-start=\"716\" data-end=\"729\">Material:<\/strong> Prata 925 leg\u00edtima<\/p>\n<\/li>\n<li data-start=\"751\" data-end=\"774\">\n<p data-start=\"753\" data-end=\"774\"><strong data-start=\"753\" data-end=\"764\">G\u00eanero:<\/strong> Unissex<\/p>\n<\/li>\n<li data-start=\"775\" data-end=\"800\">\n<p data-start=\"777\" data-end=\"800\"><strong data-start=\"777\" data-end=\"786\">Peso:<\/strong> Aprox. 2,5g<\/p>\n<\/li>\n<\/ul>\n<hr data-start=\"802\" data-end=\"805\">\n<h3 data-start=\"807\" data-end=\"822\">Garantia:<\/h3>\n<p data-start=\"823\" data-end=\"1074\">Todas as joias em <strong data-start=\"841\" data-end=\"854\">Prata 925<\/strong> acompanham <strong data-start=\"866\" data-end=\"910\">Certificado de Garantia de Autenticidade<\/strong>, assegurando a <strong data-start=\"926\" data-end=\"944\">dura\u00e7\u00e3o eterna<\/strong> do material. Diferente das bijuterias, pe\u00e7as em Prata 925 mant\u00eam seu valor e beleza por toda a vida, assim como o <strong data-start=\"1059\" data-end=\"1071\">Ouro 18k<\/strong>.<\/p>\n<hr data-start=\"1076\" data-end=\"1081\">\n<p data-start=\"1083\" data-end=\"1224\" data-is-last-node=\"\" data-is-only-node=\"\">\n","protected":false},"excerpt":{"rendered":"<p>Detalhes do Produto: Anel em Prata 925 leg\u00edtima, com design liso e robusto em formato de chapa, que proporciona um visual moderno, marcante e elegante&#8230;.<\/p>\n","protected":false},"featured_media":4565,"comment_status":"open","ping_status":"closed","template":"","meta":[],"etheme_brands":[],"product_brand":[],"product_cat":[103,92],"product_tag":[133],"class_list":{"0":"post-4566","1":"product","2":"type-product","3":"status-publish","4":"has-post-thumbnail","6":"product_cat-categoriaanisanel-feminino","7":"product_cat-categoriaanis","8":"product_tag-uze-pratas","10":"first","11":"outofstock","12":"shipping-taxable","13":"purchasable","14":"product-type-variable"},"_links":{"self":[{"href":"https:\/\/agenciausphot.com\/uze\/wp-json\/wp\/v2\/product\/4566","targetHints":{"allow":["GET"]}}],"collection":[{"href":"https:\/\/agenciausphot.com\/uze\/wp-json\/wp\/v2\/product"}],"about":[{"href":"https:\/\/agenciausphot.com\/uze\/wp-json\/wp\/v2\/types\/product"}],"replies":[{"embeddable":true,"href":"https:\/\/agenciausphot.com\/uze\/wp-json\/wp\/v2\/comments?post=4566"}],"version-history":[{"count":1,"href":"https:\/\/agenciausphot.com\/uze\/wp-json\/wp\/v2\/product\/4566\/revisions"}],"predecessor-version":[{"id":5788,"href":"https:\/\/agenciausphot.com\/uze\/wp-json\/wp\/v2\/product\/4566\/revisions\/5788"}],"wp:featuredmedia":[{"embeddable":true,"href":"https:\/\/agenciausphot.com\/uze\/wp-json\/wp\/v2\/media\/4565"}],"wp:attachment":[{"href":"https:\/\/agenciausphot.com\/uze\/wp-json\/wp\/v2\/media?parent=4566"}],"wp:term":[{"taxonomy":"brand","embeddable":true,"href":"https:\/\/agenciausphot.com\/uze\/wp-json\/wp\/v2\/etheme_brands?post=4566"},{"taxonomy":"product_brand","embeddable":true,"href":"https:\/\/agenciausphot.com\/uze\/wp-json\/wp\/v2\/product_brand?post=4566"},{"taxonomy":"product_cat","embeddable":true,"href":"https:\/\/agenciausphot.com\/uze\/wp-json\/wp\/v2\/product_cat?post=4566"},{"taxonomy":"product_tag","embeddable":true,"href":"https:\/\/agenciausphot.com\/uze\/wp-json\/wp\/v2\/product_tag?post=4566"}],"curies":[{"name":"wp","href":"https:\/\/api.w.org\/{rel}","templated":true}]}}