{"id":4564,"date":"2025-10-29T13:00:36","date_gmt":"2025-10-29T13:00:36","guid":{"rendered":"https:\/\/agenciausphot.com\/uze\/produto\/anel-regulavel-em-prata\/"},"modified":"2025-12-22T16:27:03","modified_gmt":"2025-12-22T16:27:03","slug":"anel-regulavel-em-prata","status":"publish","type":"product","link":"https:\/\/agenciausphot.com\/uze\/produto\/anel-regulavel-em-prata\/","title":{"rendered":"Anel regul\u00e1vel em prata"},"content":{"rendered":"<h3 data-start=\"92\" data-end=\"118\">Detalhes do Produto:<\/h3>\n<p data-start=\"119\" data-end=\"498\">Anel em <strong data-start=\"127\" data-end=\"149\">Prata 925 leg\u00edtima<\/strong>, com aro regul\u00e1vel que se ajusta facilmente a diferentes tamanhos de dedo, garantindo conforto e praticidade no uso. Seu design minimalista e moderno permite que seja usado sozinho para um visual delicado ou combinado com outras joias para compor produ\u00e7\u00f5es sofisticadas. Uma pe\u00e7a vers\u00e1til, ideal para o dia a dia e tamb\u00e9m para ocasi\u00f5es especiais.<\/p>\n<p data-start=\"500\" data-end=\"626\">As pratas 925 possuem <strong data-start=\"522\" data-end=\"544\">garantia vital\u00edcia<\/strong>, reconhecidas por sua alta qualidade, durabilidade e excelente custo-benef\u00edcio.<\/p>\n<hr data-start=\"628\" data-end=\"631\">\n<h3 data-start=\"633\" data-end=\"665\">Especifica\u00e7\u00f5es do produto:<\/h3>\n<ul data-start=\"666\" data-end=\"843\">\n<li data-start=\"666\" data-end=\"705\">\n<p data-start=\"668\" data-end=\"705\"><strong data-start=\"668\" data-end=\"679\">Modelo:<\/strong> Anel Regul\u00e1vel em Prata<\/p>\n<\/li>\n<li data-start=\"706\" data-end=\"730\">\n<p data-start=\"708\" data-end=\"730\"><strong data-start=\"708\" data-end=\"722\">Espessura:<\/strong> 1,5mm<\/p>\n<\/li>\n<li data-start=\"731\" data-end=\"767\">\n<p data-start=\"733\" data-end=\"767\"><strong data-start=\"733\" data-end=\"746\">Material:<\/strong> Prata 925 leg\u00edtima<\/p>\n<\/li>\n<li data-start=\"768\" data-end=\"791\">\n<p data-start=\"770\" data-end=\"791\"><strong data-start=\"770\" data-end=\"781\">G\u00eanero:<\/strong> Unissex<\/p>\n<\/li>\n<li data-start=\"792\" data-end=\"817\">\n<p data-start=\"794\" data-end=\"817\"><strong data-start=\"794\" data-end=\"803\">Peso:<\/strong> Aprox. 1,9g<\/p>\n<\/li>\n<li data-start=\"818\" data-end=\"843\">\n<p data-start=\"820\" data-end=\"843\"><strong data-start=\"820\" data-end=\"831\">Ajuste:<\/strong> Regul\u00e1vel<\/p>\n<\/li>\n<\/ul>\n<hr data-start=\"845\" data-end=\"848\">\n<h3 data-start=\"850\" data-end=\"865\">Garantia:<\/h3>\n<p data-start=\"866\" data-end=\"1113\">Todas as joias em <strong data-start=\"884\" data-end=\"897\">Prata 925<\/strong> acompanham <strong data-start=\"909\" data-end=\"953\">Certificado de Garantia de Autenticidade<\/strong>, assegurando a <strong data-start=\"969\" data-end=\"987\">dura\u00e7\u00e3o eterna<\/strong> do material. Diferente das bijuterias, pe\u00e7as em Prata 925 mant\u00eam brilho e valor por toda a vida, assim como o <strong data-start=\"1098\" data-end=\"1110\">Ouro 18k<\/strong>.<\/p>\n","protected":false},"excerpt":{"rendered":"<p>Detalhes do Produto: Anel em Prata 925 leg\u00edtima, com aro regul\u00e1vel que se ajusta facilmente a diferentes tamanhos de dedo, garantindo conforto e praticidade no&#8230;<\/p>\n","protected":false},"featured_media":4562,"comment_status":"open","ping_status":"closed","template":"","meta":[],"etheme_brands":[],"product_brand":[],"product_cat":[103,92],"product_tag":[133],"class_list":{"0":"post-4564","1":"product","2":"type-product","3":"status-publish","4":"has-post-thumbnail","6":"product_cat-categoriaanisanel-feminino","7":"product_cat-categoriaanis","8":"product_tag-uze-pratas","10":"first","11":"instock","12":"shipping-taxable","13":"purchasable","14":"product-type-variable"},"_links":{"self":[{"href":"https:\/\/agenciausphot.com\/uze\/wp-json\/wp\/v2\/product\/4564","targetHints":{"allow":["GET"]}}],"collection":[{"href":"https:\/\/agenciausphot.com\/uze\/wp-json\/wp\/v2\/product"}],"about":[{"href":"https:\/\/agenciausphot.com\/uze\/wp-json\/wp\/v2\/types\/product"}],"replies":[{"embeddable":true,"href":"https:\/\/agenciausphot.com\/uze\/wp-json\/wp\/v2\/comments?post=4564"}],"version-history":[{"count":1,"href":"https:\/\/agenciausphot.com\/uze\/wp-json\/wp\/v2\/product\/4564\/revisions"}],"predecessor-version":[{"id":5787,"href":"https:\/\/agenciausphot.com\/uze\/wp-json\/wp\/v2\/product\/4564\/revisions\/5787"}],"wp:featuredmedia":[{"embeddable":true,"href":"https:\/\/agenciausphot.com\/uze\/wp-json\/wp\/v2\/media\/4562"}],"wp:attachment":[{"href":"https:\/\/agenciausphot.com\/uze\/wp-json\/wp\/v2\/media?parent=4564"}],"wp:term":[{"taxonomy":"brand","embeddable":true,"href":"https:\/\/agenciausphot.com\/uze\/wp-json\/wp\/v2\/etheme_brands?post=4564"},{"taxonomy":"product_brand","embeddable":true,"href":"https:\/\/agenciausphot.com\/uze\/wp-json\/wp\/v2\/product_brand?post=4564"},{"taxonomy":"product_cat","embeddable":true,"href":"https:\/\/agenciausphot.com\/uze\/wp-json\/wp\/v2\/product_cat?post=4564"},{"taxonomy":"product_tag","embeddable":true,"href":"https:\/\/agenciausphot.com\/uze\/wp-json\/wp\/v2\/product_tag?post=4564"}],"curies":[{"name":"wp","href":"https:\/\/api.w.org\/{rel}","templated":true}]}}