{"id":4561,"date":"2025-10-29T13:00:34","date_gmt":"2025-10-29T13:00:34","guid":{"rendered":"https:\/\/agenciausphot.com\/uze\/produto\/anel-solitario-cravejado\/"},"modified":"2025-12-23T05:33:52","modified_gmt":"2025-12-23T05:33:52","slug":"anel-solitario-cravejado","status":"publish","type":"product","link":"https:\/\/agenciausphot.com\/uze\/produto\/anel-solitario-cravejado\/","title":{"rendered":"Anel solit\u00e1rio cravejado"},"content":{"rendered":"<h3 data-start=\"102\" data-end=\"128\">Detalhes do Produto:<\/h3>\n<p data-start=\"129\" data-end=\"565\">Anel Solit\u00e1rio em <strong data-start=\"147\" data-end=\"169\">Prata 925 leg\u00edtima<\/strong>, com aro delicado e sofisticado, totalmente <strong data-start=\"214\" data-end=\"255\">cravejado com micro zirc\u00f4nias cristal<\/strong> que garantem brilho em cada detalhe. No centro, uma <strong data-start=\"308\" data-end=\"345\">zirc\u00f4nia maior em formato redondo<\/strong> se destaca, criando um visual cl\u00e1ssico, elegante e atemporal. Uma joia vers\u00e1til, perfeita para ser usada sozinha ou combinada com outros an\u00e9is, ideal para momentos especiais ou para dar um toque refinado ao dia a dia.<\/p>\n<p data-start=\"567\" data-end=\"692\">As pratas 925 possuem <strong data-start=\"589\" data-end=\"611\">garantia vital\u00edcia<\/strong>, reconhecidas por sua alta qualidade, resist\u00eancia e excelente custo-benef\u00edcio.<\/p>\n<hr data-start=\"694\" data-end=\"697\">\n<h3 data-start=\"699\" data-end=\"731\">Especifica\u00e7\u00f5es do produto:<\/h3>\n<ul data-start=\"732\" data-end=\"965\">\n<li data-start=\"732\" data-end=\"781\">\n<p data-start=\"734\" data-end=\"781\"><strong data-start=\"734\" data-end=\"745\">Modelo:<\/strong> Anel Solit\u00e1rio Cravejado em Prata<\/p>\n<\/li>\n<li data-start=\"782\" data-end=\"806\">\n<p data-start=\"784\" data-end=\"806\"><strong data-start=\"784\" data-end=\"798\">Espessura:<\/strong> 1,4mm<\/p>\n<\/li>\n<li data-start=\"807\" data-end=\"877\">\n<p data-start=\"809\" data-end=\"877\"><strong data-start=\"809\" data-end=\"824\">Dim. Pedra:<\/strong> 5mm (zirc\u00f4nia central) + 1mm (laterais cravejadas)<\/p>\n<\/li>\n<li data-start=\"878\" data-end=\"914\">\n<p data-start=\"880\" data-end=\"914\"><strong data-start=\"880\" data-end=\"893\">Material:<\/strong> Prata 925 leg\u00edtima<\/p>\n<\/li>\n<li data-start=\"915\" data-end=\"939\">\n<p data-start=\"917\" data-end=\"939\"><strong data-start=\"917\" data-end=\"928\">G\u00eanero:<\/strong> Feminino<\/p>\n<\/li>\n<li data-start=\"940\" data-end=\"965\">\n<p data-start=\"942\" data-end=\"965\"><strong data-start=\"942\" data-end=\"951\">Peso:<\/strong> Aprox. 1,8g<\/p>\n<\/li>\n<\/ul>\n<hr data-start=\"967\" data-end=\"970\">\n<h3 data-start=\"972\" data-end=\"987\">Garantia:<\/h3>\n<p data-start=\"988\" data-end=\"1236\">As joias em <strong data-start=\"1000\" data-end=\"1013\">Prata 925<\/strong> acompanham <strong data-start=\"1025\" data-end=\"1069\">Certificado de Garantia de Autenticidade<\/strong>, assegurando a <strong data-start=\"1085\" data-end=\"1103\">dura\u00e7\u00e3o eterna<\/strong> do material. Diferente das bijuterias, pe\u00e7as em Prata 925 preservam seu brilho e valor por toda a vida, assim como o <strong data-start=\"1221\" data-end=\"1233\">Ouro 18k<\/strong>.<\/p>\n","protected":false},"excerpt":{"rendered":"<p>Detalhes do Produto: Anel Solit\u00e1rio em Prata 925 leg\u00edtima, com aro delicado e sofisticado, totalmente cravejado com micro zirc\u00f4nias cristal que garantem brilho em cada&#8230;<\/p>\n","protected":false},"featured_media":4560,"comment_status":"open","ping_status":"closed","template":"","meta":[],"etheme_brands":[],"product_brand":[],"product_cat":[103,92],"product_tag":[133],"class_list":{"0":"post-4561","1":"product","2":"type-product","3":"status-publish","4":"has-post-thumbnail","6":"product_cat-categoriaanisanel-feminino","7":"product_cat-categoriaanis","8":"product_tag-uze-pratas","10":"first","11":"instock","12":"shipping-taxable","13":"purchasable","14":"product-type-variable"},"_links":{"self":[{"href":"https:\/\/agenciausphot.com\/uze\/wp-json\/wp\/v2\/product\/4561","targetHints":{"allow":["GET"]}}],"collection":[{"href":"https:\/\/agenciausphot.com\/uze\/wp-json\/wp\/v2\/product"}],"about":[{"href":"https:\/\/agenciausphot.com\/uze\/wp-json\/wp\/v2\/types\/product"}],"replies":[{"embeddable":true,"href":"https:\/\/agenciausphot.com\/uze\/wp-json\/wp\/v2\/comments?post=4561"}],"version-history":[{"count":1,"href":"https:\/\/agenciausphot.com\/uze\/wp-json\/wp\/v2\/product\/4561\/revisions"}],"predecessor-version":[{"id":5786,"href":"https:\/\/agenciausphot.com\/uze\/wp-json\/wp\/v2\/product\/4561\/revisions\/5786"}],"wp:featuredmedia":[{"embeddable":true,"href":"https:\/\/agenciausphot.com\/uze\/wp-json\/wp\/v2\/media\/4560"}],"wp:attachment":[{"href":"https:\/\/agenciausphot.com\/uze\/wp-json\/wp\/v2\/media?parent=4561"}],"wp:term":[{"taxonomy":"brand","embeddable":true,"href":"https:\/\/agenciausphot.com\/uze\/wp-json\/wp\/v2\/etheme_brands?post=4561"},{"taxonomy":"product_brand","embeddable":true,"href":"https:\/\/agenciausphot.com\/uze\/wp-json\/wp\/v2\/product_brand?post=4561"},{"taxonomy":"product_cat","embeddable":true,"href":"https:\/\/agenciausphot.com\/uze\/wp-json\/wp\/v2\/product_cat?post=4561"},{"taxonomy":"product_tag","embeddable":true,"href":"https:\/\/agenciausphot.com\/uze\/wp-json\/wp\/v2\/product_tag?post=4561"}],"curies":[{"name":"wp","href":"https:\/\/api.w.org\/{rel}","templated":true}]}}