{"id":4543,"date":"2025-10-29T13:00:19","date_gmt":"2025-10-29T13:00:19","guid":{"rendered":"https:\/\/agenciausphot.com\/uze\/produto\/anel-de-prata-coracoes-vazados-e-brilhante\/"},"modified":"2025-12-22T16:27:00","modified_gmt":"2025-12-22T16:27:00","slug":"anel-de-prata-coracoes-vazados-e-brilhante","status":"publish","type":"product","link":"https:\/\/agenciausphot.com\/uze\/produto\/anel-de-prata-coracoes-vazados-e-brilhante\/","title":{"rendered":"Anel de prata cora\u00e7\u00f5es vazados e brilhante"},"content":{"rendered":"<h3 data-start=\"126\" data-end=\"152\">Detalhes do Produto:<\/h3>\n<p data-start=\"153\" data-end=\"492\">Anel em <strong data-start=\"161\" data-end=\"183\">Prata 925 leg\u00edtima<\/strong>, com design delicado formado por uma sequ\u00eancia de <strong data-start=\"234\" data-end=\"254\">cora\u00e7\u00f5es vazados<\/strong> que percorrem todo o aro. Intercalados, alguns cora\u00e7\u00f5es recebem aplica\u00e7\u00e3o de <strong data-start=\"332\" data-end=\"353\">zirc\u00f4nias cristal<\/strong>, criando um efeito brilhante e sofisticado. Uma joia rom\u00e2ntica e elegante, perfeita para simbolizar amor e carinho em todas as ocasi\u00f5es.<\/p>\n<p data-start=\"494\" data-end=\"619\">As pratas 925 possuem <strong data-start=\"516\" data-end=\"538\">garantia vital\u00edcia<\/strong>, reconhecidas por sua resist\u00eancia, alta qualidade e excelente custo-benef\u00edcio.<\/p>\n<hr data-start=\"621\" data-end=\"624\">\n<h3 data-start=\"626\" data-end=\"658\">Especifica\u00e7\u00f5es do produto:<\/h3>\n<ul data-start=\"659\" data-end=\"890\">\n<li data-start=\"659\" data-end=\"717\">\n<p data-start=\"661\" data-end=\"717\"><strong data-start=\"661\" data-end=\"672\">Modelo:<\/strong> Anel de Prata Cora\u00e7\u00f5es Vazados e Brilhante<\/p>\n<\/li>\n<li data-start=\"718\" data-end=\"742\">\n<p data-start=\"720\" data-end=\"742\"><strong data-start=\"720\" data-end=\"734\">Espessura:<\/strong> 1,5mm<\/p>\n<\/li>\n<li data-start=\"743\" data-end=\"802\">\n<p data-start=\"745\" data-end=\"802\"><strong data-start=\"745\" data-end=\"760\">Dim. Pedra:<\/strong> 1mm (zirc\u00f4nias nos cora\u00e7\u00f5es cravejados)<\/p>\n<\/li>\n<li data-start=\"803\" data-end=\"839\">\n<p data-start=\"805\" data-end=\"839\"><strong data-start=\"805\" data-end=\"818\">Material:<\/strong> Prata 925 leg\u00edtima<\/p>\n<\/li>\n<li data-start=\"840\" data-end=\"864\">\n<p data-start=\"842\" data-end=\"864\"><strong data-start=\"842\" data-end=\"853\">G\u00eanero:<\/strong> Feminino<\/p>\n<\/li>\n<li data-start=\"865\" data-end=\"890\">\n<p data-start=\"867\" data-end=\"890\"><strong data-start=\"867\" data-end=\"876\">Peso:<\/strong> Aprox. 1,8g<\/p>\n<\/li>\n<\/ul>\n<hr data-start=\"892\" data-end=\"895\">\n<h3 data-start=\"897\" data-end=\"912\">Garantia:<\/h3>\n<p data-start=\"913\" data-end=\"1168\">Todas as joias em <strong data-start=\"931\" data-end=\"944\">Prata 925<\/strong> acompanham <strong data-start=\"956\" data-end=\"1000\">Certificado de Garantia de Autenticidade<\/strong>, assegurando a <strong data-start=\"1016\" data-end=\"1034\">dura\u00e7\u00e3o eterna<\/strong> do material. Diferentemente de bijuterias, pe\u00e7as em Prata 925 mant\u00eam sua beleza e valor por toda a vida, assim como o <strong data-start=\"1153\" data-end=\"1165\">Ouro 18k<\/strong>.<\/p>\n","protected":false},"excerpt":{"rendered":"<p>Detalhes do Produto: Anel em Prata 925 leg\u00edtima, com design delicado formado por uma sequ\u00eancia de cora\u00e7\u00f5es vazados que percorrem todo o aro. Intercalados, alguns&#8230;<\/p>\n","protected":false},"featured_media":4542,"comment_status":"open","ping_status":"closed","template":"","meta":[],"etheme_brands":[],"product_brand":[],"product_cat":[103,92],"product_tag":[133],"class_list":{"0":"post-4543","1":"product","2":"type-product","3":"status-publish","4":"has-post-thumbnail","6":"product_cat-categoriaanisanel-feminino","7":"product_cat-categoriaanis","8":"product_tag-uze-pratas","10":"first","11":"instock","12":"shipping-taxable","13":"purchasable","14":"product-type-variable"},"_links":{"self":[{"href":"https:\/\/agenciausphot.com\/uze\/wp-json\/wp\/v2\/product\/4543","targetHints":{"allow":["GET"]}}],"collection":[{"href":"https:\/\/agenciausphot.com\/uze\/wp-json\/wp\/v2\/product"}],"about":[{"href":"https:\/\/agenciausphot.com\/uze\/wp-json\/wp\/v2\/types\/product"}],"replies":[{"embeddable":true,"href":"https:\/\/agenciausphot.com\/uze\/wp-json\/wp\/v2\/comments?post=4543"}],"version-history":[{"count":1,"href":"https:\/\/agenciausphot.com\/uze\/wp-json\/wp\/v2\/product\/4543\/revisions"}],"predecessor-version":[{"id":5778,"href":"https:\/\/agenciausphot.com\/uze\/wp-json\/wp\/v2\/product\/4543\/revisions\/5778"}],"wp:featuredmedia":[{"embeddable":true,"href":"https:\/\/agenciausphot.com\/uze\/wp-json\/wp\/v2\/media\/4542"}],"wp:attachment":[{"href":"https:\/\/agenciausphot.com\/uze\/wp-json\/wp\/v2\/media?parent=4543"}],"wp:term":[{"taxonomy":"brand","embeddable":true,"href":"https:\/\/agenciausphot.com\/uze\/wp-json\/wp\/v2\/etheme_brands?post=4543"},{"taxonomy":"product_brand","embeddable":true,"href":"https:\/\/agenciausphot.com\/uze\/wp-json\/wp\/v2\/product_brand?post=4543"},{"taxonomy":"product_cat","embeddable":true,"href":"https:\/\/agenciausphot.com\/uze\/wp-json\/wp\/v2\/product_cat?post=4543"},{"taxonomy":"product_tag","embeddable":true,"href":"https:\/\/agenciausphot.com\/uze\/wp-json\/wp\/v2\/product_tag?post=4543"}],"curies":[{"name":"wp","href":"https:\/\/api.w.org\/{rel}","templated":true}]}}