{"id":4499,"date":"2025-10-29T12:59:47","date_gmt":"2025-10-29T12:59:47","guid":{"rendered":"https:\/\/agenciausphot.com\/uze\/produto\/relicario-coracao\/"},"modified":"2025-11-14T19:23:27","modified_gmt":"2025-11-14T19:23:27","slug":"relicario-coracao","status":"publish","type":"product","link":"https:\/\/agenciausphot.com\/uze\/produto\/relicario-coracao\/","title":{"rendered":"Relicario coracao"},"content":{"rendered":"<h3 data-start=\"95\" data-end=\"121\">Detalhes do Produto:<\/h3>\n<p data-start=\"122\" data-end=\"516\">Relic\u00e1rio em <strong data-start=\"135\" data-end=\"157\">Prata 925 leg\u00edtima<\/strong>, com formato de <strong data-start=\"174\" data-end=\"194\">cora\u00e7\u00e3o cl\u00e1ssico<\/strong>, que abre para guardar pequenas fotos, mensagens ou lembran\u00e7as especiais. O acabamento polido garante brilho delicado e sofisticado, tornando a pe\u00e7a uma joia \u00fanica e cheia de significado. Um acess\u00f3rio que simboliza amor, mem\u00f3rias e momentos eternizados, ideal para presentear algu\u00e9m especial ou carregar sempre consigo.<\/p>\n<p data-start=\"518\" data-end=\"639\">As pratas 925 possuem <strong data-start=\"540\" data-end=\"562\">garantia vital\u00edcia<\/strong>, reconhecidas por sua qualidade, durabilidade e excelente custo-benef\u00edcio.<\/p>\n<hr data-start=\"641\" data-end=\"644\">\n<h3 data-start=\"646\" data-end=\"678\">Especifica\u00e7\u00f5es do produto:<\/h3>\n<ul data-start=\"679\" data-end=\"938\">\n<li data-start=\"679\" data-end=\"721\">\n<p data-start=\"681\" data-end=\"721\"><strong data-start=\"681\" data-end=\"692\">Modelo:<\/strong> Relic\u00e1rio Cora\u00e7\u00e3o em Prata<\/p>\n<\/li>\n<li data-start=\"722\" data-end=\"771\">\n<p data-start=\"724\" data-end=\"771\"><strong data-start=\"724\" data-end=\"752\">Comprimento da Corrente:<\/strong> 45cm (ajust\u00e1vel)<\/p>\n<\/li>\n<li data-start=\"772\" data-end=\"850\">\n<p data-start=\"774\" data-end=\"850\"><strong data-start=\"774\" data-end=\"787\">Pingente:<\/strong> Relic\u00e1rio em formato de cora\u00e7\u00e3o (abre para fotos\/lembran\u00e7as)<\/p>\n<\/li>\n<li data-start=\"851\" data-end=\"887\">\n<p data-start=\"853\" data-end=\"887\"><strong data-start=\"853\" data-end=\"866\">Material:<\/strong> Prata 925 leg\u00edtima<\/p>\n<\/li>\n<li data-start=\"888\" data-end=\"912\">\n<p data-start=\"890\" data-end=\"912\"><strong data-start=\"890\" data-end=\"901\">G\u00eanero:<\/strong> Feminino<\/p>\n<\/li>\n<li data-start=\"913\" data-end=\"938\">\n<p data-start=\"915\" data-end=\"938\"><strong data-start=\"915\" data-end=\"924\">Peso:<\/strong> Aprox. 3,0g<\/p>\n<\/li>\n<\/ul>\n<hr data-start=\"940\" data-end=\"943\">\n<h3 data-start=\"945\" data-end=\"960\">Garantia:<\/h3>\n<p data-start=\"961\" data-end=\"1213\">Todos os relic\u00e1rios em <strong data-start=\"984\" data-end=\"997\">Prata 925<\/strong> acompanham <strong data-start=\"1009\" data-end=\"1053\">Certificado de Garantia de Autenticidade<\/strong>, assegurando a <strong data-start=\"1069\" data-end=\"1087\">dura\u00e7\u00e3o eterna<\/strong> do material. Diferente das bijuterias, pe\u00e7as em Prata 925 mant\u00eam brilho e valor por toda a vida, assim como o <strong data-start=\"1198\" data-end=\"1210\">Ouro 18k<\/strong>.<\/p>\n<hr data-start=\"1215\" data-end=\"1220\">\n<p data-start=\"1222\" data-end=\"1330\" data-is-last-node=\"\" data-is-only-node=\"\">\n","protected":false},"excerpt":{"rendered":"<p>Detalhes do Produto: Relic\u00e1rio em Prata 925 leg\u00edtima, com formato de cora\u00e7\u00e3o cl\u00e1ssico, que abre para guardar pequenas fotos, mensagens ou lembran\u00e7as especiais. O acabamento&#8230;<\/p>\n","protected":false},"featured_media":4498,"comment_status":"open","ping_status":"closed","template":"","meta":[],"etheme_brands":[],"product_brand":[],"product_cat":[106,93],"product_tag":[133],"class_list":{"0":"post-4499","1":"product","2":"type-product","3":"status-publish","4":"has-post-thumbnail","6":"product_cat-categoriacolarescolar-feminino","7":"product_cat-categoriacolares","8":"product_tag-uze-pratas","10":"first","11":"outofstock","12":"shipping-taxable","13":"product-type-variable"},"_links":{"self":[{"href":"https:\/\/agenciausphot.com\/uze\/wp-json\/wp\/v2\/product\/4499","targetHints":{"allow":["GET"]}}],"collection":[{"href":"https:\/\/agenciausphot.com\/uze\/wp-json\/wp\/v2\/product"}],"about":[{"href":"https:\/\/agenciausphot.com\/uze\/wp-json\/wp\/v2\/types\/product"}],"replies":[{"embeddable":true,"href":"https:\/\/agenciausphot.com\/uze\/wp-json\/wp\/v2\/comments?post=4499"}],"version-history":[{"count":1,"href":"https:\/\/agenciausphot.com\/uze\/wp-json\/wp\/v2\/product\/4499\/revisions"}],"predecessor-version":[{"id":5758,"href":"https:\/\/agenciausphot.com\/uze\/wp-json\/wp\/v2\/product\/4499\/revisions\/5758"}],"wp:featuredmedia":[{"embeddable":true,"href":"https:\/\/agenciausphot.com\/uze\/wp-json\/wp\/v2\/media\/4498"}],"wp:attachment":[{"href":"https:\/\/agenciausphot.com\/uze\/wp-json\/wp\/v2\/media?parent=4499"}],"wp:term":[{"taxonomy":"brand","embeddable":true,"href":"https:\/\/agenciausphot.com\/uze\/wp-json\/wp\/v2\/etheme_brands?post=4499"},{"taxonomy":"product_brand","embeddable":true,"href":"https:\/\/agenciausphot.com\/uze\/wp-json\/wp\/v2\/product_brand?post=4499"},{"taxonomy":"product_cat","embeddable":true,"href":"https:\/\/agenciausphot.com\/uze\/wp-json\/wp\/v2\/product_cat?post=4499"},{"taxonomy":"product_tag","embeddable":true,"href":"https:\/\/agenciausphot.com\/uze\/wp-json\/wp\/v2\/product_tag?post=4499"}],"curies":[{"name":"wp","href":"https:\/\/api.w.org\/{rel}","templated":true}]}}