{"id":7116,"date":"2025-12-15T13:22:04","date_gmt":"2025-12-15T13:22:04","guid":{"rendered":"https:\/\/agenciausphot.com\/uze\/produto\/anel-solitario-liso-caixa-alta-classico\/"},"modified":"2025-12-22T16:27:45","modified_gmt":"2025-12-22T16:27:45","slug":"anel-solitario-liso-caixa-alta-classico","status":"publish","type":"product","link":"https:\/\/agenciausphot.com\/uze\/en\/product\/anel-solitario-liso-caixa-alta-classico\/","title":{"rendered":"ANEL SOLITARIO LISO CAIXA ALTA CLASSICO"},"content":{"rendered":"<h2 data-start=\"61\" data-end=\"105\">ANEL SOLIT\u00c1RIO LISO CAIXA ALTA CL\u00c1SSICO<\/h2>\n<p data-start=\"107\" data-end=\"368\">O Solit\u00e1rio Liso Caixa Alta Cl\u00e1ssico valoriza a pedra central com seu aro liso e estrutura elevada, que destaca a luminosidade de forma elegante e atemporal. Um design minimalista e sofisticado, ideal para quem busca um solit\u00e1rio tradicional, por\u00e9m imponente.<\/p>\n<p data-start=\"370\" data-end=\"423\">Prata 925<br data-start=\"379\" data-end=\"382\"><br \/>\nAro liso<br data-start=\"390\" data-end=\"393\"><br \/>\nCaixa alta<br data-start=\"403\" data-end=\"406\"><br \/>\nDesign cl\u00e1ssico<\/p>","protected":false},"excerpt":{"rendered":"<p>ANEL SOLIT\u00c1RIO LISO CAIXA ALTA CL\u00c1SSICO O Solit\u00e1rio Liso Caixa Alta Cl\u00e1ssico valoriza a pedra central com seu aro liso e estrutura elevada, que destaca&#8230;<\/p>","protected":false},"featured_media":7115,"comment_status":"open","ping_status":"closed","template":"","meta":[],"etheme_brands":[],"product_brand":[],"product_cat":[103,92],"product_tag":[133],"class_list":{"0":"post-7116","1":"product","2":"type-product","3":"status-publish","4":"has-post-thumbnail","6":"product_cat-categoriaanisanel-feminino","7":"product_cat-categoriaanis","8":"product_tag-uze-pratas","10":"first","11":"instock","12":"shipping-taxable","13":"purchasable","14":"product-type-variable"},"_links":{"self":[{"href":"https:\/\/agenciausphot.com\/uze\/en\/wp-json\/wp\/v2\/product\/7116","targetHints":{"allow":["GET"]}}],"collection":[{"href":"https:\/\/agenciausphot.com\/uze\/en\/wp-json\/wp\/v2\/product"}],"about":[{"href":"https:\/\/agenciausphot.com\/uze\/en\/wp-json\/wp\/v2\/types\/product"}],"replies":[{"embeddable":true,"href":"https:\/\/agenciausphot.com\/uze\/en\/wp-json\/wp\/v2\/comments?post=7116"}],"version-history":[{"count":1,"href":"https:\/\/agenciausphot.com\/uze\/en\/wp-json\/wp\/v2\/product\/7116\/revisions"}],"predecessor-version":[{"id":7173,"href":"https:\/\/agenciausphot.com\/uze\/en\/wp-json\/wp\/v2\/product\/7116\/revisions\/7173"}],"wp:featuredmedia":[{"embeddable":true,"href":"https:\/\/agenciausphot.com\/uze\/en\/wp-json\/wp\/v2\/media\/7115"}],"wp:attachment":[{"href":"https:\/\/agenciausphot.com\/uze\/en\/wp-json\/wp\/v2\/media?parent=7116"}],"wp:term":[{"taxonomy":"brand","embeddable":true,"href":"https:\/\/agenciausphot.com\/uze\/en\/wp-json\/wp\/v2\/etheme_brands?post=7116"},{"taxonomy":"product_brand","embeddable":true,"href":"https:\/\/agenciausphot.com\/uze\/en\/wp-json\/wp\/v2\/product_brand?post=7116"},{"taxonomy":"product_cat","embeddable":true,"href":"https:\/\/agenciausphot.com\/uze\/en\/wp-json\/wp\/v2\/product_cat?post=7116"},{"taxonomy":"product_tag","embeddable":true,"href":"https:\/\/agenciausphot.com\/uze\/en\/wp-json\/wp\/v2\/product_tag?post=7116"}],"curies":[{"name":"wp","href":"https:\/\/api.w.org\/{rel}","templated":true}]}}