{"id":7112,"date":"2025-12-15T13:22:00","date_gmt":"2025-12-15T13:22:00","guid":{"rendered":"https:\/\/agenciausphot.com\/uze\/produto\/anel-solitario-classico-princesa\/"},"modified":"2026-01-12T15:15:12","modified_gmt":"2026-01-12T15:15:12","slug":"anel-solitario-classico-princesa","status":"publish","type":"product","link":"https:\/\/agenciausphot.com\/uze\/en\/product\/anel-solitario-classico-princesa\/","title":{"rendered":"ANEL SOLIT\u00c1RIO CL\u00c1SSICO PRINCESA"},"content":{"rendered":"<h2 data-start=\"47\" data-end=\"84\">ANEL SOLIT\u00c1RIO CL\u00c1SSICO PRINCESA<\/h2>\n<p data-start=\"86\" data-end=\"300\">O Solit\u00e1rio Cl\u00e1ssico Princesa \u00e9 a defini\u00e7\u00e3o de eleg\u00e2ncia atemporal. Com aro liso e pedra central no formato princesa, ele traz um brilho sofisticado e delicado, perfeito para quem aprecia joias finas e marcantes.<\/p>\n<p data-start=\"302\" data-end=\"374\">Prata 925<br data-start=\"311\" data-end=\"314\"><br \/>\nDesign minimalista<br data-start=\"332\" data-end=\"335\"><br \/>\nPedra princesa<br data-start=\"349\" data-end=\"352\"><br \/>\nAcabamento impec\u00e1vel<\/p>","protected":false},"excerpt":{"rendered":"<p>ANEL SOLIT\u00c1RIO CL\u00c1SSICO PRINCESA O Solit\u00e1rio Cl\u00e1ssico Princesa \u00e9 a defini\u00e7\u00e3o de eleg\u00e2ncia atemporal. Com aro liso e pedra central no formato princesa, ele traz&#8230;<\/p>","protected":false},"featured_media":7111,"comment_status":"open","ping_status":"closed","template":"","meta":[],"etheme_brands":[],"product_brand":[],"product_cat":[103,92],"product_tag":[133],"class_list":{"0":"post-7112","1":"product","2":"type-product","3":"status-publish","4":"has-post-thumbnail","6":"product_cat-categoriaanisanel-feminino","7":"product_cat-categoriaanis","8":"product_tag-uze-pratas","10":"first","11":"instock","12":"shipping-taxable","13":"purchasable","14":"product-type-variable"},"_links":{"self":[{"href":"https:\/\/agenciausphot.com\/uze\/en\/wp-json\/wp\/v2\/product\/7112","targetHints":{"allow":["GET"]}}],"collection":[{"href":"https:\/\/agenciausphot.com\/uze\/en\/wp-json\/wp\/v2\/product"}],"about":[{"href":"https:\/\/agenciausphot.com\/uze\/en\/wp-json\/wp\/v2\/types\/product"}],"replies":[{"embeddable":true,"href":"https:\/\/agenciausphot.com\/uze\/en\/wp-json\/wp\/v2\/comments?post=7112"}],"version-history":[{"count":1,"href":"https:\/\/agenciausphot.com\/uze\/en\/wp-json\/wp\/v2\/product\/7112\/revisions"}],"predecessor-version":[{"id":7171,"href":"https:\/\/agenciausphot.com\/uze\/en\/wp-json\/wp\/v2\/product\/7112\/revisions\/7171"}],"wp:featuredmedia":[{"embeddable":true,"href":"https:\/\/agenciausphot.com\/uze\/en\/wp-json\/wp\/v2\/media\/7111"}],"wp:attachment":[{"href":"https:\/\/agenciausphot.com\/uze\/en\/wp-json\/wp\/v2\/media?parent=7112"}],"wp:term":[{"taxonomy":"brand","embeddable":true,"href":"https:\/\/agenciausphot.com\/uze\/en\/wp-json\/wp\/v2\/etheme_brands?post=7112"},{"taxonomy":"product_brand","embeddable":true,"href":"https:\/\/agenciausphot.com\/uze\/en\/wp-json\/wp\/v2\/product_brand?post=7112"},{"taxonomy":"product_cat","embeddable":true,"href":"https:\/\/agenciausphot.com\/uze\/en\/wp-json\/wp\/v2\/product_cat?post=7112"},{"taxonomy":"product_tag","embeddable":true,"href":"https:\/\/agenciausphot.com\/uze\/en\/wp-json\/wp\/v2\/product_tag?post=7112"}],"curies":[{"name":"wp","href":"https:\/\/api.w.org\/{rel}","templated":true}]}}