{"id":7108,"date":"2025-12-15T13:21:57","date_gmt":"2025-12-15T13:21:57","guid":{"rendered":"https:\/\/agenciausphot.com\/uze\/produto\/anel-solitario-cravejado-princesa\/"},"modified":"2026-01-12T15:15:11","modified_gmt":"2026-01-12T15:15:11","slug":"anel-solitario-cravejado-princesa","status":"publish","type":"product","link":"https:\/\/agenciausphot.com\/uze\/en\/product\/anel-solitario-cravejado-princesa\/","title":{"rendered":"ANEL SOLITARIO CRAVEJADO PRINCESA"},"content":{"rendered":"<h2 data-start=\"32\" data-end=\"78\"><strong data-start=\"35\" data-end=\"76\">Anel Solit\u00e1rio Cravejado Princesa \ud83d\udc8d\u2728<\/strong><\/h2>\n<p data-start=\"80\" data-end=\"153\">E aqui vai uma <strong data-start=\"95\" data-end=\"148\">descri\u00e7\u00e3o pronta para postar no site ou Instagram<\/strong> \ud83d\udc47<\/p>\n<h3 data-start=\"155\" data-end=\"170\">\u2728 Descri\u00e7\u00e3o<\/h3>\n<p data-start=\"171\" data-end=\"392\">O <strong data-start=\"173\" data-end=\"210\">Anel Solit\u00e1rio Cravejado Princesa<\/strong> \u00e9 aquele cl\u00e1ssico que nunca sai de moda! Um design delicado com aro fininho e detalhe cravejado na parte superior, trazendo ainda mais brilho para a pedra central estilo princesa.<\/p>\n<p data-start=\"394\" data-end=\"518\">Elegante, moderno e atemporal \u2014 perfeito para presentear ou para usar todos os dias real\u00e7ando sua beleza com sofistica\u00e7\u00e3o.<\/p>\n<h3 data-start=\"520\" data-end=\"537\">\ud83d\udc8e Detalhes<\/h3>\n<p data-start=\"538\" data-end=\"675\">\u2022 Prata 925 leg\u00edtima<br data-start=\"558\" data-end=\"561\"><br \/>\n\u2022 Pedra central estilo princesa<br data-start=\"592\" data-end=\"595\"><br \/>\n\u2022 Cravejado apenas na parte superior<br data-start=\"631\" data-end=\"634\"><br \/>\n\u2022 Acabamento polido<br data-start=\"653\" data-end=\"656\"><br \/>\n\u2022 Garantia eterna<\/p>","protected":false},"excerpt":{"rendered":"<p>Anel Solit\u00e1rio Cravejado Princesa \ud83d\udc8d\u2728 E aqui vai uma descri\u00e7\u00e3o pronta para postar no site ou Instagram \ud83d\udc47 \u2728 Descri\u00e7\u00e3o O Anel Solit\u00e1rio Cravejado Princesa&#8230;<\/p>","protected":false},"featured_media":7107,"comment_status":"open","ping_status":"closed","template":"","meta":[],"etheme_brands":[],"product_brand":[],"product_cat":[103,92],"product_tag":[133],"class_list":{"0":"post-7108","1":"product","2":"type-product","3":"status-publish","4":"has-post-thumbnail","6":"product_cat-categoriaanisanel-feminino","7":"product_cat-categoriaanis","8":"product_tag-uze-pratas","10":"first","11":"instock","12":"shipping-taxable","13":"purchasable","14":"product-type-variable"},"_links":{"self":[{"href":"https:\/\/agenciausphot.com\/uze\/en\/wp-json\/wp\/v2\/product\/7108","targetHints":{"allow":["GET"]}}],"collection":[{"href":"https:\/\/agenciausphot.com\/uze\/en\/wp-json\/wp\/v2\/product"}],"about":[{"href":"https:\/\/agenciausphot.com\/uze\/en\/wp-json\/wp\/v2\/types\/product"}],"replies":[{"embeddable":true,"href":"https:\/\/agenciausphot.com\/uze\/en\/wp-json\/wp\/v2\/comments?post=7108"}],"version-history":[{"count":1,"href":"https:\/\/agenciausphot.com\/uze\/en\/wp-json\/wp\/v2\/product\/7108\/revisions"}],"predecessor-version":[{"id":7169,"href":"https:\/\/agenciausphot.com\/uze\/en\/wp-json\/wp\/v2\/product\/7108\/revisions\/7169"}],"wp:featuredmedia":[{"embeddable":true,"href":"https:\/\/agenciausphot.com\/uze\/en\/wp-json\/wp\/v2\/media\/7107"}],"wp:attachment":[{"href":"https:\/\/agenciausphot.com\/uze\/en\/wp-json\/wp\/v2\/media?parent=7108"}],"wp:term":[{"taxonomy":"brand","embeddable":true,"href":"https:\/\/agenciausphot.com\/uze\/en\/wp-json\/wp\/v2\/etheme_brands?post=7108"},{"taxonomy":"product_brand","embeddable":true,"href":"https:\/\/agenciausphot.com\/uze\/en\/wp-json\/wp\/v2\/product_brand?post=7108"},{"taxonomy":"product_cat","embeddable":true,"href":"https:\/\/agenciausphot.com\/uze\/en\/wp-json\/wp\/v2\/product_cat?post=7108"},{"taxonomy":"product_tag","embeddable":true,"href":"https:\/\/agenciausphot.com\/uze\/en\/wp-json\/wp\/v2\/product_tag?post=7108"}],"curies":[{"name":"wp","href":"https:\/\/api.w.org\/{rel}","templated":true}]}}