{"id":7098,"date":"2025-12-15T13:21:29","date_gmt":"2025-12-15T13:21:29","guid":{"rendered":"https:\/\/agenciausphot.com\/uze\/produto\/anel-coracao-verde-cravejado\/"},"modified":"2025-12-22T16:27:40","modified_gmt":"2025-12-22T16:27:40","slug":"anel-coracao-verde-cravejado","status":"publish","type":"product","link":"https:\/\/agenciausphot.com\/uze\/en\/product\/anel-coracao-verde-cravejado\/","title":{"rendered":"Anel coracao verde cravejado"},"content":{"rendered":"<p data-start=\"101\" data-end=\"444\"><strong data-start=\"101\" data-end=\"148\">Anel Cora\u00e7\u00e3o VERDE Cravejado em Prata 925<\/strong><br data-start=\"148\" data-end=\"151\"><br \/>\nEste anel em Prata 925 apresenta um cristal central lapidado em formato de cora\u00e7\u00e3o, cuidadosamente engastado com garras aparentes que real\u00e7am sua luminosidade. Ao redor, um halo de microcravejamento adiciona brilho cont\u00ednuo e confere maior destaque ao design rom\u00e2ntico e sofisticado da pe\u00e7a.<\/p>\n<p data-start=\"446\" data-end=\"631\">Com acabamento fino e estrutura leve, \u00e9 uma joia vers\u00e1til, ideal para uso di\u00e1rio ou para compor produ\u00e7\u00f5es elegantes. Uma pe\u00e7a que combina delicadeza, modernidade e excelente acabamento.<\/p>\n<hr data-start=\"633\" data-end=\"636\">\n<p data-start=\"638\" data-end=\"735\" data-is-last-node=\"\" data-is-only-node=\"\">","protected":false},"excerpt":{"rendered":"<p>Anel Cora\u00e7\u00e3o VERDE Cravejado em Prata 925 Este anel em Prata 925 apresenta um cristal central lapidado em formato de cora\u00e7\u00e3o, cuidadosamente engastado com garras&#8230;<\/p>","protected":false},"featured_media":7097,"comment_status":"open","ping_status":"closed","template":"","meta":[],"etheme_brands":[],"product_brand":[],"product_cat":[103,92],"product_tag":[133],"class_list":{"0":"post-7098","1":"product","2":"type-product","3":"status-publish","4":"has-post-thumbnail","6":"product_cat-categoriaanisanel-feminino","7":"product_cat-categoriaanis","8":"product_tag-uze-pratas","10":"first","11":"instock","12":"shipping-taxable","13":"purchasable","14":"product-type-variable"},"_links":{"self":[{"href":"https:\/\/agenciausphot.com\/uze\/en\/wp-json\/wp\/v2\/product\/7098","targetHints":{"allow":["GET"]}}],"collection":[{"href":"https:\/\/agenciausphot.com\/uze\/en\/wp-json\/wp\/v2\/product"}],"about":[{"href":"https:\/\/agenciausphot.com\/uze\/en\/wp-json\/wp\/v2\/types\/product"}],"replies":[{"embeddable":true,"href":"https:\/\/agenciausphot.com\/uze\/en\/wp-json\/wp\/v2\/comments?post=7098"}],"version-history":[{"count":1,"href":"https:\/\/agenciausphot.com\/uze\/en\/wp-json\/wp\/v2\/product\/7098\/revisions"}],"predecessor-version":[{"id":7166,"href":"https:\/\/agenciausphot.com\/uze\/en\/wp-json\/wp\/v2\/product\/7098\/revisions\/7166"}],"wp:featuredmedia":[{"embeddable":true,"href":"https:\/\/agenciausphot.com\/uze\/en\/wp-json\/wp\/v2\/media\/7097"}],"wp:attachment":[{"href":"https:\/\/agenciausphot.com\/uze\/en\/wp-json\/wp\/v2\/media?parent=7098"}],"wp:term":[{"taxonomy":"brand","embeddable":true,"href":"https:\/\/agenciausphot.com\/uze\/en\/wp-json\/wp\/v2\/etheme_brands?post=7098"},{"taxonomy":"product_brand","embeddable":true,"href":"https:\/\/agenciausphot.com\/uze\/en\/wp-json\/wp\/v2\/product_brand?post=7098"},{"taxonomy":"product_cat","embeddable":true,"href":"https:\/\/agenciausphot.com\/uze\/en\/wp-json\/wp\/v2\/product_cat?post=7098"},{"taxonomy":"product_tag","embeddable":true,"href":"https:\/\/agenciausphot.com\/uze\/en\/wp-json\/wp\/v2\/product_tag?post=7098"}],"curies":[{"name":"wp","href":"https:\/\/api.w.org\/{rel}","templated":true}]}}