{"id":7092,"date":"2025-12-15T13:21:25","date_gmt":"2025-12-15T13:21:25","guid":{"rendered":"https:\/\/agenciausphot.com\/uze\/produto\/anel-prata-925-com-pedra-quadrada-azul\/"},"modified":"2025-12-22T16:27:39","modified_gmt":"2025-12-22T16:27:39","slug":"anel-prata-925-com-pedra-quadrada-azul","status":"publish","type":"product","link":"https:\/\/agenciausphot.com\/uze\/en\/product\/anel-prata-925-com-pedra-quadrada-azul\/","title":{"rendered":"Anel Prata 925 com Pedra quadrada azul"},"content":{"rendered":"<p><strong data-start=\"102\" data-end=\"145\">Anel Prata 925 com Pedra quadrada azul<\/strong><br data-start=\"145\" data-end=\"148\"><br \/>\nUm design cl\u00e1ssico com um toque de ousadia. A pedra quadrada azul em destaque valoriza o brilho do cravejamento ao redor, criando uma composi\u00e7\u00e3o sofisticada, feminina e atemporal. Uma joia marcante para quem busca eleg\u00e2ncia com personalidade.<\/p>","protected":false},"excerpt":{"rendered":"<p>Anel Prata 925 com Pedra quadrada azul Um design cl\u00e1ssico com um toque de ousadia. A pedra quadrada azul em destaque valoriza o brilho do&#8230;<\/p>","protected":false},"featured_media":7091,"comment_status":"open","ping_status":"closed","template":"","meta":[],"etheme_brands":[],"product_brand":[],"product_cat":[103,92],"product_tag":[133],"class_list":{"0":"post-7092","1":"product","2":"type-product","3":"status-publish","4":"has-post-thumbnail","6":"product_cat-categoriaanisanel-feminino","7":"product_cat-categoriaanis","8":"product_tag-uze-pratas","10":"first","11":"instock","12":"shipping-taxable","13":"purchasable","14":"product-type-variable"},"_links":{"self":[{"href":"https:\/\/agenciausphot.com\/uze\/en\/wp-json\/wp\/v2\/product\/7092","targetHints":{"allow":["GET"]}}],"collection":[{"href":"https:\/\/agenciausphot.com\/uze\/en\/wp-json\/wp\/v2\/product"}],"about":[{"href":"https:\/\/agenciausphot.com\/uze\/en\/wp-json\/wp\/v2\/types\/product"}],"replies":[{"embeddable":true,"href":"https:\/\/agenciausphot.com\/uze\/en\/wp-json\/wp\/v2\/comments?post=7092"}],"version-history":[{"count":1,"href":"https:\/\/agenciausphot.com\/uze\/en\/wp-json\/wp\/v2\/product\/7092\/revisions"}],"predecessor-version":[{"id":7164,"href":"https:\/\/agenciausphot.com\/uze\/en\/wp-json\/wp\/v2\/product\/7092\/revisions\/7164"}],"wp:featuredmedia":[{"embeddable":true,"href":"https:\/\/agenciausphot.com\/uze\/en\/wp-json\/wp\/v2\/media\/7091"}],"wp:attachment":[{"href":"https:\/\/agenciausphot.com\/uze\/en\/wp-json\/wp\/v2\/media?parent=7092"}],"wp:term":[{"taxonomy":"brand","embeddable":true,"href":"https:\/\/agenciausphot.com\/uze\/en\/wp-json\/wp\/v2\/etheme_brands?post=7092"},{"taxonomy":"product_brand","embeddable":true,"href":"https:\/\/agenciausphot.com\/uze\/en\/wp-json\/wp\/v2\/product_brand?post=7092"},{"taxonomy":"product_cat","embeddable":true,"href":"https:\/\/agenciausphot.com\/uze\/en\/wp-json\/wp\/v2\/product_cat?post=7092"},{"taxonomy":"product_tag","embeddable":true,"href":"https:\/\/agenciausphot.com\/uze\/en\/wp-json\/wp\/v2\/product_tag?post=7092"}],"curies":[{"name":"wp","href":"https:\/\/api.w.org\/{rel}","templated":true}]}}