{"id":7084,"date":"2025-12-15T13:21:19","date_gmt":"2025-12-15T13:21:19","guid":{"rendered":"https:\/\/agenciausphot.com\/uze\/produto\/anel-infinito-vazado\/"},"modified":"2025-12-22T16:27:36","modified_gmt":"2025-12-22T16:27:36","slug":"anel-infinito-vazado","status":"publish","type":"product","link":"https:\/\/agenciausphot.com\/uze\/en\/product\/anel-infinito-vazado\/","title":{"rendered":"Anel infinito vazado"},"content":{"rendered":"<p style=\"border: 0px;padding: 0px;position: relative;z-index: 0;margin-bottom: 0px;font-size: 15.4px;font-family: Poppins, sans-serif;vertical-align: baseline\">Anel infinito liso e vazado tradicional, em prata 925. \u00c9 aquele modelo que n\u00e3o pode faltar no seu porta joias. Uma pe\u00e7a coringa, f\u00e1cil de combinar com outros an\u00e9is e looks. Temos certeza que voc\u00ea vai adorar ter ele para usar em qualquer ocasi\u00e3o.&nbsp;<\/p>\n<div><\/div>","protected":false},"excerpt":{"rendered":"<p>Anel infinito liso e vazado tradicional, em prata 925. \u00c9 aquele modelo que n\u00e3o pode faltar no seu porta joias. Uma pe\u00e7a coringa, f\u00e1cil de&#8230;<\/p>","protected":false},"featured_media":7083,"comment_status":"open","ping_status":"closed","template":"","meta":[],"etheme_brands":[],"product_brand":[],"product_cat":[103,92],"product_tag":[133],"class_list":{"0":"post-7084","1":"product","2":"type-product","3":"status-publish","4":"has-post-thumbnail","6":"product_cat-categoriaanisanel-feminino","7":"product_cat-categoriaanis","8":"product_tag-uze-pratas","10":"first","11":"instock","12":"shipping-taxable","13":"purchasable","14":"product-type-variable"},"_links":{"self":[{"href":"https:\/\/agenciausphot.com\/uze\/en\/wp-json\/wp\/v2\/product\/7084","targetHints":{"allow":["GET"]}}],"collection":[{"href":"https:\/\/agenciausphot.com\/uze\/en\/wp-json\/wp\/v2\/product"}],"about":[{"href":"https:\/\/agenciausphot.com\/uze\/en\/wp-json\/wp\/v2\/types\/product"}],"replies":[{"embeddable":true,"href":"https:\/\/agenciausphot.com\/uze\/en\/wp-json\/wp\/v2\/comments?post=7084"}],"version-history":[{"count":1,"href":"https:\/\/agenciausphot.com\/uze\/en\/wp-json\/wp\/v2\/product\/7084\/revisions"}],"predecessor-version":[{"id":7160,"href":"https:\/\/agenciausphot.com\/uze\/en\/wp-json\/wp\/v2\/product\/7084\/revisions\/7160"}],"wp:featuredmedia":[{"embeddable":true,"href":"https:\/\/agenciausphot.com\/uze\/en\/wp-json\/wp\/v2\/media\/7083"}],"wp:attachment":[{"href":"https:\/\/agenciausphot.com\/uze\/en\/wp-json\/wp\/v2\/media?parent=7084"}],"wp:term":[{"taxonomy":"brand","embeddable":true,"href":"https:\/\/agenciausphot.com\/uze\/en\/wp-json\/wp\/v2\/etheme_brands?post=7084"},{"taxonomy":"product_brand","embeddable":true,"href":"https:\/\/agenciausphot.com\/uze\/en\/wp-json\/wp\/v2\/product_brand?post=7084"},{"taxonomy":"product_cat","embeddable":true,"href":"https:\/\/agenciausphot.com\/uze\/en\/wp-json\/wp\/v2\/product_cat?post=7084"},{"taxonomy":"product_tag","embeddable":true,"href":"https:\/\/agenciausphot.com\/uze\/en\/wp-json\/wp\/v2\/product_tag?post=7084"}],"curies":[{"name":"wp","href":"https:\/\/api.w.org\/{rel}","templated":true}]}}