{"id":6997,"date":"2025-12-04T16:58:39","date_gmt":"2025-12-04T16:58:39","guid":{"rendered":"https:\/\/agenciausphot.com\/uze\/produto\/brinco-coracao-verde-cravejado\/"},"modified":"2026-01-12T15:14:52","modified_gmt":"2026-01-12T15:14:52","slug":"brinco-coracao-verde-cravejado","status":"publish","type":"product","link":"https:\/\/agenciausphot.com\/uze\/en\/product\/brinco-coracao-verde-cravejado\/","title":{"rendered":"Brinco cora\u00e7\u00e3o verde cravejado"},"content":{"rendered":"<h2 data-start=\"109\" data-end=\"189\"><strong data-start=\"112\" data-end=\"189\">Brinco Cora\u00e7\u00e3o Verde Cravejado em Prata 925 \u2013 Romantismo com Toque de Cor<\/strong><\/h2>\n<p data-start=\"191\" data-end=\"504\">O Brinco Cora\u00e7\u00e3o Verde Cravejado da UZE Pratas \u00e9 a joia ideal para quem ama pe\u00e7as delicadas, modernas e com um charme especial. Produzido em <strong data-start=\"332\" data-end=\"354\">Prata 925 leg\u00edtima<\/strong>, ele apresenta o formato de cora\u00e7\u00e3o <strong data-start=\"391\" data-end=\"434\">cravejado com zirc\u00f4nias verde-esmeralda<\/strong>, que adicionam brilho vibrante e um toque de personalidade ao visual.<\/p>\n<p data-start=\"506\" data-end=\"757\">O tom verde traz eleg\u00e2ncia e destaque, enquanto o design rom\u00e2ntico torna a pe\u00e7a perfeita para composi\u00e7\u00f5es delicadas, uso di\u00e1rio ou ocasi\u00f5es especiais. \u00c9 um brinco leve, feminino e cheio de presen\u00e7a \u2014 ideal para iluminar o rosto com cor e sofistica\u00e7\u00e3o.<\/p>\n<hr data-start=\"759\" data-end=\"762\">\n<h3 data-start=\"764\" data-end=\"797\"><strong data-start=\"768\" data-end=\"797\">Especifica\u00e7\u00f5es do Produto<\/strong><\/h3>\n<ul data-start=\"798\" data-end=\"996\">\n<li data-start=\"798\" data-end=\"834\">\n<p data-start=\"800\" data-end=\"834\"><strong data-start=\"800\" data-end=\"813\">Material:<\/strong> Prata 925 leg\u00edtima<\/p>\n<\/li>\n<li data-start=\"835\" data-end=\"869\">\n<p data-start=\"837\" data-end=\"869\"><strong data-start=\"837\" data-end=\"849\">Formato:<\/strong> Cora\u00e7\u00e3o cravejado<\/p>\n<\/li>\n<li data-start=\"870\" data-end=\"911\">\n<p data-start=\"872\" data-end=\"911\"><strong data-start=\"872\" data-end=\"883\">Pedras:<\/strong> Zirc\u00f4nias verde-esmeralda<\/p>\n<\/li>\n<li data-start=\"912\" data-end=\"950\">\n<p data-start=\"914\" data-end=\"950\"><strong data-start=\"914\" data-end=\"929\">Acabamento:<\/strong> Polido e brilhante<\/p>\n<\/li>\n<li data-start=\"951\" data-end=\"996\">\n<p data-start=\"953\" data-end=\"996\"><strong data-start=\"953\" data-end=\"964\">Estilo:<\/strong> Rom\u00e2ntico, moderno e elegante<\/p>\n<\/li>\n<\/ul>\n<hr data-start=\"998\" data-end=\"1001\">\n<h3 data-start=\"1003\" data-end=\"1030\"><strong data-start=\"1007\" data-end=\"1030\">Garantia UZE Pratas<\/strong><\/h3>\n<p data-start=\"1031\" data-end=\"1158\">Todas as joias em Prata 925 acompanham <strong data-start=\"1070\" data-end=\"1097\">Certificado de Garantia<\/strong>, garantindo autenticidade, durabilidade e brilho permanente.<\/p>","protected":false},"excerpt":{"rendered":"<p>Brinco Cora\u00e7\u00e3o Verde Cravejado em Prata 925 \u2013 Romantismo com Toque de Cor O Brinco Cora\u00e7\u00e3o Verde Cravejado da UZE Pratas \u00e9 a joia ideal&#8230;<\/p>","protected":false},"featured_media":6996,"comment_status":"open","ping_status":"closed","template":"","meta":[],"etheme_brands":[],"product_brand":[],"product_cat":[117,97],"product_tag":[133],"class_list":{"0":"post-6997","1":"product","2":"type-product","3":"status-publish","4":"has-post-thumbnail","6":"product_cat-categoriabrincosbrinco-feminino","7":"product_cat-categoriabrincos","8":"product_tag-uze-pratas","10":"first","11":"instock","12":"shipping-taxable","13":"purchasable","14":"product-type-simple"},"_links":{"self":[{"href":"https:\/\/agenciausphot.com\/uze\/en\/wp-json\/wp\/v2\/product\/6997","targetHints":{"allow":["GET"]}}],"collection":[{"href":"https:\/\/agenciausphot.com\/uze\/en\/wp-json\/wp\/v2\/product"}],"about":[{"href":"https:\/\/agenciausphot.com\/uze\/en\/wp-json\/wp\/v2\/types\/product"}],"replies":[{"embeddable":true,"href":"https:\/\/agenciausphot.com\/uze\/en\/wp-json\/wp\/v2\/comments?post=6997"}],"version-history":[{"count":1,"href":"https:\/\/agenciausphot.com\/uze\/en\/wp-json\/wp\/v2\/product\/6997\/revisions"}],"predecessor-version":[{"id":7051,"href":"https:\/\/agenciausphot.com\/uze\/en\/wp-json\/wp\/v2\/product\/6997\/revisions\/7051"}],"wp:featuredmedia":[{"embeddable":true,"href":"https:\/\/agenciausphot.com\/uze\/en\/wp-json\/wp\/v2\/media\/6996"}],"wp:attachment":[{"href":"https:\/\/agenciausphot.com\/uze\/en\/wp-json\/wp\/v2\/media?parent=6997"}],"wp:term":[{"taxonomy":"brand","embeddable":true,"href":"https:\/\/agenciausphot.com\/uze\/en\/wp-json\/wp\/v2\/etheme_brands?post=6997"},{"taxonomy":"product_brand","embeddable":true,"href":"https:\/\/agenciausphot.com\/uze\/en\/wp-json\/wp\/v2\/product_brand?post=6997"},{"taxonomy":"product_cat","embeddable":true,"href":"https:\/\/agenciausphot.com\/uze\/en\/wp-json\/wp\/v2\/product_cat?post=6997"},{"taxonomy":"product_tag","embeddable":true,"href":"https:\/\/agenciausphot.com\/uze\/en\/wp-json\/wp\/v2\/product_tag?post=6997"}],"curies":[{"name":"wp","href":"https:\/\/api.w.org\/{rel}","templated":true}]}}