{"id":6992,"date":"2025-12-04T16:58:35","date_gmt":"2025-12-04T16:58:35","guid":{"rendered":"https:\/\/agenciausphot.com\/uze\/produto\/brinco-pendurado-zicornia\/"},"modified":"2025-12-22T16:26:41","modified_gmt":"2025-12-22T16:26:41","slug":"brinco-pendurado-zicornia","status":"publish","type":"product","link":"https:\/\/agenciausphot.com\/uze\/en\/product\/brinco-pendurado-zicornia\/","title":{"rendered":"Brinco pendurado zicornia"},"content":{"rendered":"<h2 data-start=\"109\" data-end=\"189\"><strong data-start=\"112\" data-end=\"189\">Brinco Pendurado Zirc\u00f4nia em Prata 925 \u2013 Movimento, Brilho e Sofistica\u00e7\u00e3o<\/strong><\/h2>\n<p data-start=\"191\" data-end=\"482\">O Brinco Pendurado Zirc\u00f4nia da UZE Pratas \u00e9 a pe\u00e7a ideal para quem busca eleg\u00e2ncia com um toque moderno. Produzido em <strong data-start=\"309\" data-end=\"331\">Prata 925 leg\u00edtima<\/strong>, ele apresenta uma <strong data-start=\"351\" data-end=\"372\">zirc\u00f4nia lapidada<\/strong> em destaque, que reflete a luz com intensidade enquanto o design pendurado traz movimento e leveza ao visual.<\/p>\n<p data-start=\"484\" data-end=\"703\">\u00c9 um brinco vers\u00e1til, que valoriza o rosto, alonga o pesco\u00e7o e transforma qualquer produ\u00e7\u00e3o, seja para o dia a dia ou para ocasi\u00f5es especiais. Feminino, delicado e cheio de brilho, \u00e9 uma joia que n\u00e3o passa despercebida.<\/p>\n<hr data-start=\"705\" data-end=\"708\">\n<h3 data-start=\"710\" data-end=\"743\"><strong data-start=\"714\" data-end=\"743\">Especifica\u00e7\u00f5es do Produto<\/strong><\/h3>\n<ul data-start=\"744\" data-end=\"941\">\n<li data-start=\"744\" data-end=\"780\">\n<p data-start=\"746\" data-end=\"780\"><strong data-start=\"746\" data-end=\"759\">Material:<\/strong> Prata 925 leg\u00edtima<\/p>\n<\/li>\n<li data-start=\"781\" data-end=\"806\">\n<p data-start=\"783\" data-end=\"806\"><strong data-start=\"783\" data-end=\"794\">Modelo:<\/strong> Pendurado<\/p>\n<\/li>\n<li data-start=\"807\" data-end=\"854\">\n<p data-start=\"809\" data-end=\"854\"><strong data-start=\"809\" data-end=\"819\">Pedra:<\/strong> Zirc\u00f4nia lapidada de alto brilho<\/p>\n<\/li>\n<li data-start=\"855\" data-end=\"893\">\n<p data-start=\"857\" data-end=\"893\"><strong data-start=\"857\" data-end=\"872\">Acabamento:<\/strong> Polido e brilhante<\/p>\n<\/li>\n<li data-start=\"894\" data-end=\"941\">\n<p data-start=\"896\" data-end=\"941\"><strong data-start=\"896\" data-end=\"907\">Estilo:<\/strong> Moderno, elegante e sofisticado<\/p>\n<\/li>\n<\/ul>\n<hr data-start=\"943\" data-end=\"946\">\n<h3 data-start=\"948\" data-end=\"975\"><strong data-start=\"952\" data-end=\"975\">Garantia UZE Pratas<\/strong><\/h3>\n<p data-start=\"976\" data-end=\"1103\">Todas as joias em Prata 925 acompanham <strong data-start=\"1015\" data-end=\"1042\">Certificado de Garantia<\/strong>, garantindo autenticidade, durabilidade e brilho permanente.<\/p>","protected":false},"excerpt":{"rendered":"<p>Brinco Pendurado Zirc\u00f4nia em Prata 925 \u2013 Movimento, Brilho e Sofistica\u00e7\u00e3o O Brinco Pendurado Zirc\u00f4nia da UZE Pratas \u00e9 a pe\u00e7a ideal para quem busca&#8230;<\/p>","protected":false},"featured_media":6991,"comment_status":"open","ping_status":"closed","template":"","meta":[],"etheme_brands":[],"product_brand":[],"product_cat":[117,97],"product_tag":[133],"class_list":{"0":"post-6992","1":"product","2":"type-product","3":"status-publish","4":"has-post-thumbnail","6":"product_cat-categoriabrincosbrinco-feminino","7":"product_cat-categoriabrincos","8":"product_tag-uze-pratas","10":"first","11":"outofstock","12":"shipping-taxable","13":"purchasable","14":"product-type-simple"},"_links":{"self":[{"href":"https:\/\/agenciausphot.com\/uze\/en\/wp-json\/wp\/v2\/product\/6992","targetHints":{"allow":["GET"]}}],"collection":[{"href":"https:\/\/agenciausphot.com\/uze\/en\/wp-json\/wp\/v2\/product"}],"about":[{"href":"https:\/\/agenciausphot.com\/uze\/en\/wp-json\/wp\/v2\/types\/product"}],"replies":[{"embeddable":true,"href":"https:\/\/agenciausphot.com\/uze\/en\/wp-json\/wp\/v2\/comments?post=6992"}],"version-history":[{"count":1,"href":"https:\/\/agenciausphot.com\/uze\/en\/wp-json\/wp\/v2\/product\/6992\/revisions"}],"predecessor-version":[{"id":7047,"href":"https:\/\/agenciausphot.com\/uze\/en\/wp-json\/wp\/v2\/product\/6992\/revisions\/7047"}],"wp:featuredmedia":[{"embeddable":true,"href":"https:\/\/agenciausphot.com\/uze\/en\/wp-json\/wp\/v2\/media\/6991"}],"wp:attachment":[{"href":"https:\/\/agenciausphot.com\/uze\/en\/wp-json\/wp\/v2\/media?parent=6992"}],"wp:term":[{"taxonomy":"brand","embeddable":true,"href":"https:\/\/agenciausphot.com\/uze\/en\/wp-json\/wp\/v2\/etheme_brands?post=6992"},{"taxonomy":"product_brand","embeddable":true,"href":"https:\/\/agenciausphot.com\/uze\/en\/wp-json\/wp\/v2\/product_brand?post=6992"},{"taxonomy":"product_cat","embeddable":true,"href":"https:\/\/agenciausphot.com\/uze\/en\/wp-json\/wp\/v2\/product_cat?post=6992"},{"taxonomy":"product_tag","embeddable":true,"href":"https:\/\/agenciausphot.com\/uze\/en\/wp-json\/wp\/v2\/product_tag?post=6992"}],"curies":[{"name":"wp","href":"https:\/\/api.w.org\/{rel}","templated":true}]}}