{"id":6989,"date":"2025-12-04T16:58:33","date_gmt":"2025-12-04T16:58:33","guid":{"rendered":"https:\/\/agenciausphot.com\/uze\/produto\/brinco-gota-vermelho\/"},"modified":"2025-12-04T18:43:04","modified_gmt":"2025-12-04T18:43:04","slug":"brinco-gota-vermelho","status":"publish","type":"product","link":"https:\/\/agenciausphot.com\/uze\/en\/product\/brinco-gota-vermelho\/","title":{"rendered":"Brinco gota vermelho"},"content":{"rendered":"<h2 data-start=\"109\" data-end=\"186\"><strong data-start=\"112\" data-end=\"186\">Brinco Gota Vermelho em Prata 925 \u2013 Brilho Intenso com Toque de Paix\u00e3o<\/strong><\/h2>\n<p data-start=\"188\" data-end=\"478\">O Brinco Gota Vermelho da UZE Pratas \u00e9 a joia ideal para quem ama acess\u00f3rios marcantes, sofisticados e cheios de personalidade. Produzido em <strong data-start=\"329\" data-end=\"351\">Prata 925 leg\u00edtima<\/strong>, ele apresenta uma <strong data-start=\"371\" data-end=\"397\">zirc\u00f4nia vermelho-rubi<\/strong> em formato de gota, com lapida\u00e7\u00e3o que reflete a luz de forma intensa e elegante.<\/p>\n<p data-start=\"480\" data-end=\"717\">O tom vermelho traz for\u00e7a, paix\u00e3o e destaque ao visual, tornando este brinco perfeito para ocasi\u00f5es especiais, looks noturnos ou para dar um toque vibrante ao dia a dia. Leve, delicado e moderno, ele ilumina o rosto com brilho e atitude.<\/p>\n<hr data-start=\"719\" data-end=\"722\">\n<h3 data-start=\"724\" data-end=\"757\"><strong data-start=\"728\" data-end=\"757\">Especifica\u00e7\u00f5es do Produto<\/strong><\/h3>\n<ul data-start=\"758\" data-end=\"942\">\n<li data-start=\"758\" data-end=\"794\">\n<p data-start=\"760\" data-end=\"794\"><strong data-start=\"760\" data-end=\"773\">Material:<\/strong> Prata 925 leg\u00edtima<\/p>\n<\/li>\n<li data-start=\"795\" data-end=\"816\">\n<p data-start=\"797\" data-end=\"816\"><strong data-start=\"797\" data-end=\"809\">Formato:<\/strong> Gota<\/p>\n<\/li>\n<li data-start=\"817\" data-end=\"854\">\n<p data-start=\"819\" data-end=\"854\"><strong data-start=\"819\" data-end=\"829\">Pedra:<\/strong> Zirc\u00f4nia vermelho-rubi<\/p>\n<\/li>\n<li data-start=\"855\" data-end=\"893\">\n<p data-start=\"857\" data-end=\"893\"><strong data-start=\"857\" data-end=\"872\">Acabamento:<\/strong> Polido e brilhante<\/p>\n<\/li>\n<li data-start=\"894\" data-end=\"942\">\n<p data-start=\"896\" data-end=\"942\"><strong data-start=\"896\" data-end=\"907\">Estilo:<\/strong> Elegante, marcante e sofisticado<\/p>\n<\/li>\n<\/ul>\n<hr data-start=\"944\" data-end=\"947\">\n<h3 data-start=\"949\" data-end=\"976\"><strong data-start=\"953\" data-end=\"976\">Garantia UZE Pratas<\/strong><\/h3>\n<p data-start=\"977\" data-end=\"1104\">Todas as joias em Prata 925 acompanham <strong data-start=\"1016\" data-end=\"1043\">Certificado de Garantia<\/strong>, garantindo autenticidade, durabilidade e brilho permanente.<\/p>","protected":false},"excerpt":{"rendered":"<p>Brinco Gota Vermelho em Prata 925 \u2013 Brilho Intenso com Toque de Paix\u00e3o O Brinco Gota Vermelho da UZE Pratas \u00e9 a joia ideal para&#8230;<\/p>","protected":false},"featured_media":0,"comment_status":"open","ping_status":"closed","template":"","meta":[],"etheme_brands":[],"product_brand":[],"product_cat":[117,97],"product_tag":[133],"class_list":{"0":"post-6989","1":"product","2":"type-product","3":"status-publish","5":"product_cat-categoriabrincosbrinco-feminino","6":"product_cat-categoriabrincos","7":"product_tag-uze-pratas","9":"first","10":"outofstock","11":"shipping-taxable","12":"purchasable","13":"product-type-simple"},"_links":{"self":[{"href":"https:\/\/agenciausphot.com\/uze\/en\/wp-json\/wp\/v2\/product\/6989","targetHints":{"allow":["GET"]}}],"collection":[{"href":"https:\/\/agenciausphot.com\/uze\/en\/wp-json\/wp\/v2\/product"}],"about":[{"href":"https:\/\/agenciausphot.com\/uze\/en\/wp-json\/wp\/v2\/types\/product"}],"replies":[{"embeddable":true,"href":"https:\/\/agenciausphot.com\/uze\/en\/wp-json\/wp\/v2\/comments?post=6989"}],"version-history":[{"count":1,"href":"https:\/\/agenciausphot.com\/uze\/en\/wp-json\/wp\/v2\/product\/6989\/revisions"}],"predecessor-version":[{"id":7044,"href":"https:\/\/agenciausphot.com\/uze\/en\/wp-json\/wp\/v2\/product\/6989\/revisions\/7044"}],"wp:attachment":[{"href":"https:\/\/agenciausphot.com\/uze\/en\/wp-json\/wp\/v2\/media?parent=6989"}],"wp:term":[{"taxonomy":"brand","embeddable":true,"href":"https:\/\/agenciausphot.com\/uze\/en\/wp-json\/wp\/v2\/etheme_brands?post=6989"},{"taxonomy":"product_brand","embeddable":true,"href":"https:\/\/agenciausphot.com\/uze\/en\/wp-json\/wp\/v2\/product_brand?post=6989"},{"taxonomy":"product_cat","embeddable":true,"href":"https:\/\/agenciausphot.com\/uze\/en\/wp-json\/wp\/v2\/product_cat?post=6989"},{"taxonomy":"product_tag","embeddable":true,"href":"https:\/\/agenciausphot.com\/uze\/en\/wp-json\/wp\/v2\/product_tag?post=6989"}],"curies":[{"name":"wp","href":"https:\/\/api.w.org\/{rel}","templated":true}]}}