{"id":6988,"date":"2025-12-04T16:58:33","date_gmt":"2025-12-04T16:58:33","guid":{"rendered":"https:\/\/agenciausphot.com\/uze\/produto\/brinco-ponto-de-luz-verde\/"},"modified":"2025-12-22T16:26:40","modified_gmt":"2025-12-22T16:26:40","slug":"brinco-ponto-de-luz-verde","status":"publish","type":"product","link":"https:\/\/agenciausphot.com\/uze\/en\/product\/brinco-ponto-de-luz-verde\/","title":{"rendered":"Brinco ponto de luz verde"},"content":{"rendered":"<h2 data-start=\"109\" data-end=\"186\"><strong data-start=\"112\" data-end=\"186\">Brinco Ponto de Luz Verde em Prata 925 \u2013 Brilho Sutil com Toque de Cor<\/strong><\/h2>\n<p data-start=\"188\" data-end=\"479\">O Brinco Ponto de Luz Verde da UZE Pratas \u00e9 uma joia delicada e vers\u00e1til, perfeita para quem ama um toque de cor com eleg\u00e2ncia. Produzido em <strong data-start=\"329\" data-end=\"351\">Prata 925 leg\u00edtima<\/strong>, ele apresenta uma <strong data-start=\"371\" data-end=\"399\">zirc\u00f4nia verde-esmeralda<\/strong> lapidada, que reflete a luz com intensidade e ilumina o rosto com sofistica\u00e7\u00e3o.<\/p>\n<p data-start=\"481\" data-end=\"727\">Cl\u00e1ssico, leve e atemporal, \u00e9 uma pe\u00e7a que combina com qualquer look e pode ser usada sozinha, em mix de brincos ou como segundo furo. O tom verde adiciona personalidade e delicadeza, tornando este ponto de luz um favorito para todas as ocasi\u00f5es.<\/p>\n<hr data-start=\"729\" data-end=\"732\">\n<h3 data-start=\"734\" data-end=\"767\"><strong data-start=\"738\" data-end=\"767\">Especifica\u00e7\u00f5es do Produto<\/strong><\/h3>\n<ul data-start=\"768\" data-end=\"957\">\n<li data-start=\"768\" data-end=\"804\">\n<p data-start=\"770\" data-end=\"804\"><strong data-start=\"770\" data-end=\"783\">Material:<\/strong> Prata 925 leg\u00edtima<\/p>\n<\/li>\n<li data-start=\"805\" data-end=\"844\">\n<p data-start=\"807\" data-end=\"844\"><strong data-start=\"807\" data-end=\"817\">Pedra:<\/strong> Zirc\u00f4nia verde-esmeralda<\/p>\n<\/li>\n<li data-start=\"845\" data-end=\"873\">\n<p data-start=\"847\" data-end=\"873\"><strong data-start=\"847\" data-end=\"858\">Modelo:<\/strong> Ponto de luz<\/p>\n<\/li>\n<li data-start=\"874\" data-end=\"912\">\n<p data-start=\"876\" data-end=\"912\"><strong data-start=\"876\" data-end=\"891\">Acabamento:<\/strong> Polido e brilhante<\/p>\n<\/li>\n<li data-start=\"913\" data-end=\"957\">\n<p data-start=\"915\" data-end=\"957\"><strong data-start=\"915\" data-end=\"926\">Estilo:<\/strong> Delicado, moderno e vers\u00e1til<\/p>\n<\/li>\n<\/ul>\n<hr data-start=\"959\" data-end=\"962\">\n<h3 data-start=\"964\" data-end=\"991\"><strong data-start=\"968\" data-end=\"991\">Garantia UZE Pratas<\/strong><\/h3>\n<p data-start=\"992\" data-end=\"1119\">Todas as joias em Prata 925 acompanham <strong data-start=\"1031\" data-end=\"1058\">Certificado de Garantia<\/strong>, garantindo autenticidade, durabilidade e brilho permanente.<\/p>","protected":false},"excerpt":{"rendered":"<p>Brinco Ponto de Luz Verde em Prata 925 \u2013 Brilho Sutil com Toque de Cor O Brinco Ponto de Luz Verde da UZE Pratas \u00e9&#8230;<\/p>","protected":false},"featured_media":6987,"comment_status":"open","ping_status":"closed","template":"","meta":[],"etheme_brands":[],"product_brand":[],"product_cat":[117,97],"product_tag":[133],"class_list":{"0":"post-6988","1":"product","2":"type-product","3":"status-publish","4":"has-post-thumbnail","6":"product_cat-categoriabrincosbrinco-feminino","7":"product_cat-categoriabrincos","8":"product_tag-uze-pratas","10":"first","11":"instock","12":"shipping-taxable","13":"purchasable","14":"product-type-simple"},"_links":{"self":[{"href":"https:\/\/agenciausphot.com\/uze\/en\/wp-json\/wp\/v2\/product\/6988","targetHints":{"allow":["GET"]}}],"collection":[{"href":"https:\/\/agenciausphot.com\/uze\/en\/wp-json\/wp\/v2\/product"}],"about":[{"href":"https:\/\/agenciausphot.com\/uze\/en\/wp-json\/wp\/v2\/types\/product"}],"replies":[{"embeddable":true,"href":"https:\/\/agenciausphot.com\/uze\/en\/wp-json\/wp\/v2\/comments?post=6988"}],"version-history":[{"count":1,"href":"https:\/\/agenciausphot.com\/uze\/en\/wp-json\/wp\/v2\/product\/6988\/revisions"}],"predecessor-version":[{"id":7043,"href":"https:\/\/agenciausphot.com\/uze\/en\/wp-json\/wp\/v2\/product\/6988\/revisions\/7043"}],"wp:featuredmedia":[{"embeddable":true,"href":"https:\/\/agenciausphot.com\/uze\/en\/wp-json\/wp\/v2\/media\/6987"}],"wp:attachment":[{"href":"https:\/\/agenciausphot.com\/uze\/en\/wp-json\/wp\/v2\/media?parent=6988"}],"wp:term":[{"taxonomy":"brand","embeddable":true,"href":"https:\/\/agenciausphot.com\/uze\/en\/wp-json\/wp\/v2\/etheme_brands?post=6988"},{"taxonomy":"product_brand","embeddable":true,"href":"https:\/\/agenciausphot.com\/uze\/en\/wp-json\/wp\/v2\/product_brand?post=6988"},{"taxonomy":"product_cat","embeddable":true,"href":"https:\/\/agenciausphot.com\/uze\/en\/wp-json\/wp\/v2\/product_cat?post=6988"},{"taxonomy":"product_tag","embeddable":true,"href":"https:\/\/agenciausphot.com\/uze\/en\/wp-json\/wp\/v2\/product_tag?post=6988"}],"curies":[{"name":"wp","href":"https:\/\/api.w.org\/{rel}","templated":true}]}}