{"id":6981,"date":"2025-12-04T16:58:27","date_gmt":"2025-12-04T16:58:27","guid":{"rendered":"https:\/\/agenciausphot.com\/uze\/produto\/brinco-flor-zicornia-azul\/"},"modified":"2025-12-22T16:26:39","modified_gmt":"2025-12-22T16:26:39","slug":"brinco-flor-zicornia-azul","status":"publish","type":"product","link":"https:\/\/agenciausphot.com\/uze\/en\/product\/brinco-flor-zicornia-azul\/","title":{"rendered":"Brinco flor zicornia azul"},"content":{"rendered":"<h2 data-start=\"109\" data-end=\"187\"><strong data-start=\"112\" data-end=\"187\">Brinco Flor Zirc\u00f4nia Azul em Prata 925 \u2013 Delicadeza com Brilho Marcante<\/strong><\/h2>\n<p data-start=\"189\" data-end=\"475\">O Brinco Flor Zirc\u00f4nia Azul da UZE Pratas \u00e9 a joia ideal para quem ama feminilidade com um toque vibrante de cor. Produzido em <strong data-start=\"316\" data-end=\"338\">Prata 925 leg\u00edtima<\/strong>, ele apresenta uma delicada flor formada por <strong data-start=\"384\" data-end=\"409\">zirc\u00f4nias azul-safira<\/strong>, que refletem a luz com intensidade e criam um visual encantador.<\/p>\n<p data-start=\"477\" data-end=\"704\">O design floral transmite leveza, gra\u00e7a e romantismo, enquanto o tom azul traz personalidade e sofistica\u00e7\u00e3o. \u00c9 uma pe\u00e7a vers\u00e1til, perfeita para elevar o look do dia a dia, compor mix de brincos ou brilhar em ocasi\u00f5es especiais.<\/p>\n<hr data-start=\"706\" data-end=\"709\">\n<h3 data-start=\"711\" data-end=\"744\"><strong data-start=\"715\" data-end=\"744\">Especifica\u00e7\u00f5es do Produto<\/strong><\/h3>\n<ul data-start=\"745\" data-end=\"930\">\n<li data-start=\"745\" data-end=\"781\">\n<p data-start=\"747\" data-end=\"781\"><strong data-start=\"747\" data-end=\"760\">Material:<\/strong> Prata 925 leg\u00edtima<\/p>\n<\/li>\n<li data-start=\"782\" data-end=\"803\">\n<p data-start=\"784\" data-end=\"803\"><strong data-start=\"784\" data-end=\"796\">Formato:<\/strong> Flor<\/p>\n<\/li>\n<li data-start=\"804\" data-end=\"841\">\n<p data-start=\"806\" data-end=\"841\"><strong data-start=\"806\" data-end=\"817\">Pedras:<\/strong> Zirc\u00f4nias azul-safira<\/p>\n<\/li>\n<li data-start=\"842\" data-end=\"880\">\n<p data-start=\"844\" data-end=\"880\"><strong data-start=\"844\" data-end=\"859\">Acabamento:<\/strong> Polido e brilhante<\/p>\n<\/li>\n<li data-start=\"881\" data-end=\"930\">\n<p data-start=\"883\" data-end=\"930\"><strong data-start=\"883\" data-end=\"894\">Estilo:<\/strong> Feminino, rom\u00e2ntico e sofisticado<\/p>\n<\/li>\n<\/ul>\n<hr data-start=\"932\" data-end=\"935\">\n<h3 data-start=\"937\" data-end=\"964\"><strong data-start=\"941\" data-end=\"964\">Garantia UZE Pratas<\/strong><\/h3>\n<p data-start=\"965\" data-end=\"1093\">Todas as joias em Prata 925 acompanham <strong data-start=\"1004\" data-end=\"1031\">Certificado de Garantia<\/strong>, assegurando autenticidade, durabilidade e brilho permanente.<\/p>","protected":false},"excerpt":{"rendered":"<p>Brinco Flor Zirc\u00f4nia Azul em Prata 925 \u2013 Delicadeza com Brilho Marcante O Brinco Flor Zirc\u00f4nia Azul da UZE Pratas \u00e9 a joia ideal para&#8230;<\/p>","protected":false},"featured_media":6980,"comment_status":"open","ping_status":"closed","template":"","meta":[],"etheme_brands":[],"product_brand":[],"product_cat":[117,97],"product_tag":[133],"class_list":{"0":"post-6981","1":"product","2":"type-product","3":"status-publish","4":"has-post-thumbnail","6":"product_cat-categoriabrincosbrinco-feminino","7":"product_cat-categoriabrincos","8":"product_tag-uze-pratas","10":"first","11":"outofstock","12":"shipping-taxable","13":"purchasable","14":"product-type-simple"},"_links":{"self":[{"href":"https:\/\/agenciausphot.com\/uze\/en\/wp-json\/wp\/v2\/product\/6981","targetHints":{"allow":["GET"]}}],"collection":[{"href":"https:\/\/agenciausphot.com\/uze\/en\/wp-json\/wp\/v2\/product"}],"about":[{"href":"https:\/\/agenciausphot.com\/uze\/en\/wp-json\/wp\/v2\/types\/product"}],"replies":[{"embeddable":true,"href":"https:\/\/agenciausphot.com\/uze\/en\/wp-json\/wp\/v2\/comments?post=6981"}],"version-history":[{"count":1,"href":"https:\/\/agenciausphot.com\/uze\/en\/wp-json\/wp\/v2\/product\/6981\/revisions"}],"predecessor-version":[{"id":7038,"href":"https:\/\/agenciausphot.com\/uze\/en\/wp-json\/wp\/v2\/product\/6981\/revisions\/7038"}],"wp:featuredmedia":[{"embeddable":true,"href":"https:\/\/agenciausphot.com\/uze\/en\/wp-json\/wp\/v2\/media\/6980"}],"wp:attachment":[{"href":"https:\/\/agenciausphot.com\/uze\/en\/wp-json\/wp\/v2\/media?parent=6981"}],"wp:term":[{"taxonomy":"brand","embeddable":true,"href":"https:\/\/agenciausphot.com\/uze\/en\/wp-json\/wp\/v2\/etheme_brands?post=6981"},{"taxonomy":"product_brand","embeddable":true,"href":"https:\/\/agenciausphot.com\/uze\/en\/wp-json\/wp\/v2\/product_brand?post=6981"},{"taxonomy":"product_cat","embeddable":true,"href":"https:\/\/agenciausphot.com\/uze\/en\/wp-json\/wp\/v2\/product_cat?post=6981"},{"taxonomy":"product_tag","embeddable":true,"href":"https:\/\/agenciausphot.com\/uze\/en\/wp-json\/wp\/v2\/product_tag?post=6981"}],"curies":[{"name":"wp","href":"https:\/\/api.w.org\/{rel}","templated":true}]}}