{"id":6971,"date":"2025-12-04T16:58:19","date_gmt":"2025-12-04T16:58:19","guid":{"rendered":"https:\/\/agenciausphot.com\/uze\/produto\/brinco-borboleta-roxa\/"},"modified":"2026-01-12T15:14:51","modified_gmt":"2026-01-12T15:14:51","slug":"brinco-borboleta-roxa","status":"publish","type":"product","link":"https:\/\/agenciausphot.com\/uze\/en\/product\/brinco-borboleta-roxa\/","title":{"rendered":"Brinco borboleta roxa"},"content":{"rendered":"<h2 data-start=\"109\" data-end=\"180\"><strong data-start=\"112\" data-end=\"180\">Brinco Borboleta Roxa em Prata 925 \u2013 Delicadeza com Toque de Cor<\/strong><\/h2>\n<p data-start=\"182\" data-end=\"444\">O Brinco Borboleta Roxa da UZE Pratas \u00e9 a joia perfeita para quem ama acess\u00f3rios delicados, femininos e cheios de personalidade. Produzido em <strong data-start=\"324\" data-end=\"346\">Prata 925 leg\u00edtima<\/strong>, ele traz o formato de borboleta com <strong data-start=\"384\" data-end=\"403\">zirc\u00f4nias roxas<\/strong>, que criam um brilho suave e encantador.<\/p>\n<p data-start=\"446\" data-end=\"708\">A borboleta simboliza liberdade, transforma\u00e7\u00e3o e leveza \u2014 tornando este brinco uma pe\u00e7a especial para iluminar o visual, seja no dia a dia ou em ocasi\u00f5es especiais. Leve, moderno e super delicado, combina perfeitamente com looks rom\u00e2nticos ou com mix de brincos.<\/p>\n<hr data-start=\"710\" data-end=\"713\">\n<h3 data-start=\"715\" data-end=\"748\"><strong data-start=\"719\" data-end=\"748\">Especifica\u00e7\u00f5es do Produto<\/strong><\/h3>\n<ul data-start=\"749\" data-end=\"931\">\n<li data-start=\"749\" data-end=\"785\">\n<p data-start=\"751\" data-end=\"785\"><strong data-start=\"751\" data-end=\"764\">Material:<\/strong> Prata 925 leg\u00edtima<\/p>\n<\/li>\n<li data-start=\"786\" data-end=\"812\">\n<p data-start=\"788\" data-end=\"812\"><strong data-start=\"788\" data-end=\"800\">Formato:<\/strong> Borboleta<\/p>\n<\/li>\n<li data-start=\"813\" data-end=\"844\">\n<p data-start=\"815\" data-end=\"844\"><strong data-start=\"815\" data-end=\"826\">Pedras:<\/strong> Zirc\u00f4nias roxas<\/p>\n<\/li>\n<li data-start=\"845\" data-end=\"883\">\n<p data-start=\"847\" data-end=\"883\"><strong data-start=\"847\" data-end=\"862\">Acabamento:<\/strong> Polido e brilhante<\/p>\n<\/li>\n<li data-start=\"884\" data-end=\"931\">\n<p data-start=\"886\" data-end=\"931\"><strong data-start=\"886\" data-end=\"897\">Estilo:<\/strong> Feminino, delicado e encantador<\/p>\n<\/li>\n<\/ul>\n<hr data-start=\"933\" data-end=\"936\">\n<h3 data-start=\"938\" data-end=\"965\"><strong data-start=\"942\" data-end=\"965\">Garantia UZE Pratas<\/strong><\/h3>\n<p data-start=\"966\" data-end=\"1093\">Todas as joias em Prata 925 acompanham <strong data-start=\"1005\" data-end=\"1032\">Certificado de Garantia<\/strong>, garantindo autenticidade, durabilidade e brilho permanente.<\/p>","protected":false},"excerpt":{"rendered":"<p>Brinco Borboleta Roxa em Prata 925 \u2013 Delicadeza com Toque de Cor O Brinco Borboleta Roxa da UZE Pratas \u00e9 a joia perfeita para quem&#8230;<\/p>","protected":false},"featured_media":6970,"comment_status":"open","ping_status":"closed","template":"","meta":[],"etheme_brands":[],"product_brand":[],"product_cat":[117,97],"product_tag":[133],"class_list":{"0":"post-6971","1":"product","2":"type-product","3":"status-publish","4":"has-post-thumbnail","6":"product_cat-categoriabrincosbrinco-feminino","7":"product_cat-categoriabrincos","8":"product_tag-uze-pratas","10":"first","11":"instock","12":"shipping-taxable","13":"purchasable","14":"product-type-simple"},"_links":{"self":[{"href":"https:\/\/agenciausphot.com\/uze\/en\/wp-json\/wp\/v2\/product\/6971","targetHints":{"allow":["GET"]}}],"collection":[{"href":"https:\/\/agenciausphot.com\/uze\/en\/wp-json\/wp\/v2\/product"}],"about":[{"href":"https:\/\/agenciausphot.com\/uze\/en\/wp-json\/wp\/v2\/types\/product"}],"replies":[{"embeddable":true,"href":"https:\/\/agenciausphot.com\/uze\/en\/wp-json\/wp\/v2\/comments?post=6971"}],"version-history":[{"count":1,"href":"https:\/\/agenciausphot.com\/uze\/en\/wp-json\/wp\/v2\/product\/6971\/revisions"}],"predecessor-version":[{"id":7031,"href":"https:\/\/agenciausphot.com\/uze\/en\/wp-json\/wp\/v2\/product\/6971\/revisions\/7031"}],"wp:featuredmedia":[{"embeddable":true,"href":"https:\/\/agenciausphot.com\/uze\/en\/wp-json\/wp\/v2\/media\/6970"}],"wp:attachment":[{"href":"https:\/\/agenciausphot.com\/uze\/en\/wp-json\/wp\/v2\/media?parent=6971"}],"wp:term":[{"taxonomy":"brand","embeddable":true,"href":"https:\/\/agenciausphot.com\/uze\/en\/wp-json\/wp\/v2\/etheme_brands?post=6971"},{"taxonomy":"product_brand","embeddable":true,"href":"https:\/\/agenciausphot.com\/uze\/en\/wp-json\/wp\/v2\/product_brand?post=6971"},{"taxonomy":"product_cat","embeddable":true,"href":"https:\/\/agenciausphot.com\/uze\/en\/wp-json\/wp\/v2\/product_cat?post=6971"},{"taxonomy":"product_tag","embeddable":true,"href":"https:\/\/agenciausphot.com\/uze\/en\/wp-json\/wp\/v2\/product_tag?post=6971"}],"curies":[{"name":"wp","href":"https:\/\/api.w.org\/{rel}","templated":true}]}}