{"id":6963,"date":"2025-12-04T16:58:13","date_gmt":"2025-12-04T16:58:13","guid":{"rendered":"https:\/\/agenciausphot.com\/uze\/produto\/bracelete-pandora\/"},"modified":"2025-12-22T16:26:35","modified_gmt":"2025-12-22T16:26:35","slug":"bracelete-pandora","status":"publish","type":"product","link":"https:\/\/agenciausphot.com\/uze\/en\/product\/bracelete-pandora\/","title":{"rendered":"Bracelete pandora"},"content":{"rendered":"<h2 data-start=\"109\" data-end=\"204\"><strong data-start=\"112\" data-end=\"204\">Bracelete Estilo Pandora em Prata 925 \u2013 Versatilidade para Criar Seu Pr\u00f3prio Significado<\/strong><\/h2>\n<p data-start=\"206\" data-end=\"483\">O Bracelete Estilo Pandora da UZE Pratas \u00e9 a joia ideal para quem ama personaliza\u00e7\u00e3o e estilo. Produzido em <strong data-start=\"314\" data-end=\"336\">Prata 925 leg\u00edtima<\/strong>, ele possui design r\u00edgido e sofisticado, pronto para receber berloques e charms que contam hist\u00f3rias, celebram momentos e representam quem voc\u00ea \u00e9.<\/p>\n<p data-start=\"485\" data-end=\"766\">Com acabamento polido e brilho impec\u00e1vel, o bracelete oferece durabilidade, conforto e um encaixe perfeito no pulso. \u00c9 uma pe\u00e7a vers\u00e1til, que combina com qualquer look e permite infinitas composi\u00e7\u00f5es \u2014 desde o uso minimalista at\u00e9 uma pulseira cheia de significados e personalidade.<\/p>\n<hr data-start=\"768\" data-end=\"771\">\n<h3 data-start=\"773\" data-end=\"806\"><strong data-start=\"777\" data-end=\"806\">Especifica\u00e7\u00f5es do Produto<\/strong><\/h3>\n<ul data-start=\"807\" data-end=\"1043\">\n<li data-start=\"807\" data-end=\"843\">\n<p data-start=\"809\" data-end=\"843\"><strong data-start=\"809\" data-end=\"822\">Material:<\/strong> Prata 925 leg\u00edtima<\/p>\n<\/li>\n<li data-start=\"844\" data-end=\"908\">\n<p data-start=\"846\" data-end=\"908\"><strong data-start=\"846\" data-end=\"857\">Modelo:<\/strong> Estilo Pandora (compat\u00edvel com berloques padr\u00e3o)<\/p>\n<\/li>\n<li data-start=\"909\" data-end=\"947\">\n<p data-start=\"911\" data-end=\"947\"><strong data-start=\"911\" data-end=\"926\">Acabamento:<\/strong> Polido e brilhante<\/p>\n<\/li>\n<li data-start=\"948\" data-end=\"992\">\n<p data-start=\"950\" data-end=\"992\"><strong data-start=\"950\" data-end=\"960\">Fecho:<\/strong> Seguro, resistente e elegante<\/p>\n<\/li>\n<li data-start=\"993\" data-end=\"1043\">\n<p data-start=\"995\" data-end=\"1043\"><strong data-start=\"995\" data-end=\"1006\">Estilo:<\/strong> Vers\u00e1til, moderno e personaliz\u00e1vel<\/p>\n<\/li>\n<\/ul>\n<hr data-start=\"1045\" data-end=\"1048\">\n<h3 data-start=\"1050\" data-end=\"1077\"><strong data-start=\"1054\" data-end=\"1077\">Garantia UZE Pratas<\/strong><\/h3>\n<p data-start=\"1078\" data-end=\"1205\">Todas as pe\u00e7as em Prata 925 acompanham <strong data-start=\"1117\" data-end=\"1144\">Certificado de Garantia<\/strong>, assegurando autenticidade, resist\u00eancia e brilho permanente.<\/p>","protected":false},"excerpt":{"rendered":"<p>Bracelete Estilo Pandora em Prata 925 \u2013 Versatilidade para Criar Seu Pr\u00f3prio Significado O Bracelete Estilo Pandora da UZE Pratas \u00e9 a joia ideal para&#8230;<\/p>","protected":false},"featured_media":6962,"comment_status":"open","ping_status":"closed","template":"","meta":[],"etheme_brands":[],"product_brand":[],"product_cat":[101,91],"product_tag":[133],"class_list":{"0":"post-6963","1":"product","2":"type-product","3":"status-publish","4":"has-post-thumbnail","6":"product_cat-categoriabraceletesbracelete-feminino","7":"product_cat-categoriabraceletes","8":"product_tag-uze-pratas","10":"first","11":"instock","12":"shipping-taxable","13":"purchasable","14":"product-type-simple"},"_links":{"self":[{"href":"https:\/\/agenciausphot.com\/uze\/en\/wp-json\/wp\/v2\/product\/6963","targetHints":{"allow":["GET"]}}],"collection":[{"href":"https:\/\/agenciausphot.com\/uze\/en\/wp-json\/wp\/v2\/product"}],"about":[{"href":"https:\/\/agenciausphot.com\/uze\/en\/wp-json\/wp\/v2\/types\/product"}],"replies":[{"embeddable":true,"href":"https:\/\/agenciausphot.com\/uze\/en\/wp-json\/wp\/v2\/comments?post=6963"}],"version-history":[{"count":1,"href":"https:\/\/agenciausphot.com\/uze\/en\/wp-json\/wp\/v2\/product\/6963\/revisions"}],"predecessor-version":[{"id":7025,"href":"https:\/\/agenciausphot.com\/uze\/en\/wp-json\/wp\/v2\/product\/6963\/revisions\/7025"}],"wp:featuredmedia":[{"embeddable":true,"href":"https:\/\/agenciausphot.com\/uze\/en\/wp-json\/wp\/v2\/media\/6962"}],"wp:attachment":[{"href":"https:\/\/agenciausphot.com\/uze\/en\/wp-json\/wp\/v2\/media?parent=6963"}],"wp:term":[{"taxonomy":"brand","embeddable":true,"href":"https:\/\/agenciausphot.com\/uze\/en\/wp-json\/wp\/v2\/etheme_brands?post=6963"},{"taxonomy":"product_brand","embeddable":true,"href":"https:\/\/agenciausphot.com\/uze\/en\/wp-json\/wp\/v2\/product_brand?post=6963"},{"taxonomy":"product_cat","embeddable":true,"href":"https:\/\/agenciausphot.com\/uze\/en\/wp-json\/wp\/v2\/product_cat?post=6963"},{"taxonomy":"product_tag","embeddable":true,"href":"https:\/\/agenciausphot.com\/uze\/en\/wp-json\/wp\/v2\/product_tag?post=6963"}],"curies":[{"name":"wp","href":"https:\/\/api.w.org\/{rel}","templated":true}]}}