{"id":6959,"date":"2025-12-04T16:58:10","date_gmt":"2025-12-04T16:58:10","guid":{"rendered":"https:\/\/agenciausphot.com\/uze\/produto\/pulseira-de-zicornia-verde\/"},"modified":"2026-01-12T15:14:50","modified_gmt":"2026-01-12T15:14:50","slug":"pulseira-de-zicornia-verde","status":"publish","type":"product","link":"https:\/\/agenciausphot.com\/uze\/en\/product\/pulseira-de-zicornia-verde\/","title":{"rendered":"Pulseira de zicornia verde"},"content":{"rendered":"<h2 data-start=\"109\" data-end=\"193\"><strong data-start=\"112\" data-end=\"193\">Pulseira de Zirc\u00f4nia Verde em Prata 925 \u2013 Brilho Sofisticado com Toque de Cor<\/strong><\/h2>\n<p data-start=\"195\" data-end=\"521\">A Pulseira de Zirc\u00f4nia Verde da UZE Pratas \u00e9 uma joia delicada e moderna, ideal para quem deseja adicionar eleg\u00e2ncia e personalidade ao visual. Produzida em <strong data-start=\"352\" data-end=\"374\">Prata 925 leg\u00edtima<\/strong>, ela traz um pingente com <strong data-start=\"401\" data-end=\"429\">zirc\u00f4nia verde-esmeralda<\/strong>, lapidada para refletir a luz com intensidade e destacar o pulso com um brilho sofisticado.<\/p>\n<p data-start=\"523\" data-end=\"758\">Seu design minimalista permite combina\u00e7\u00f5es com outras pulseiras, criando composi\u00e7\u00f5es estilosas e cheias de charme. \u00c9 perfeita para uso di\u00e1rio, ocasi\u00f5es especiais ou para presentear algu\u00e9m que ama detalhes delicados com um toque de cor.<\/p>\n<hr data-start=\"760\" data-end=\"763\">\n<h3 data-start=\"765\" data-end=\"798\"><strong data-start=\"769\" data-end=\"798\">Especifica\u00e7\u00f5es do Produto<\/strong><\/h3>\n<ul data-start=\"799\" data-end=\"1007\">\n<li data-start=\"799\" data-end=\"835\">\n<p data-start=\"801\" data-end=\"835\"><strong data-start=\"801\" data-end=\"814\">Material:<\/strong> Prata 925 leg\u00edtima<\/p>\n<\/li>\n<li data-start=\"836\" data-end=\"868\">\n<p data-start=\"838\" data-end=\"868\"><strong data-start=\"838\" data-end=\"851\">Pingente:<\/strong> Zirc\u00f4nia verde<\/p>\n<\/li>\n<li data-start=\"869\" data-end=\"923\">\n<p data-start=\"871\" data-end=\"923\"><strong data-start=\"871\" data-end=\"881\">Pedra:<\/strong> Zirc\u00f4nia verde-esmeralda de alto brilho<\/p>\n<\/li>\n<li data-start=\"924\" data-end=\"962\">\n<p data-start=\"926\" data-end=\"962\"><strong data-start=\"926\" data-end=\"941\">Acabamento:<\/strong> Polido e brilhante<\/p>\n<\/li>\n<li data-start=\"963\" data-end=\"1007\">\n<p data-start=\"965\" data-end=\"1007\"><strong data-start=\"965\" data-end=\"976\">Estilo:<\/strong> Moderno, delicado e feminino<\/p>\n<\/li>\n<\/ul>\n<hr data-start=\"1009\" data-end=\"1012\">\n<h3 data-start=\"1014\" data-end=\"1041\"><strong data-start=\"1018\" data-end=\"1041\">Garantia UZE Pratas<\/strong><\/h3>\n<p data-start=\"1042\" data-end=\"1170\">Todas as joias em Prata 925 acompanham <strong data-start=\"1081\" data-end=\"1108\">Certificado de Garantia<\/strong>, assegurando autenticidade, durabilidade e brilho permanente.<\/p>","protected":false},"excerpt":{"rendered":"<p>Pulseira de Zirc\u00f4nia Verde em Prata 925 \u2013 Brilho Sofisticado com Toque de Cor A Pulseira de Zirc\u00f4nia Verde da UZE Pratas \u00e9 uma joia&#8230;<\/p>","protected":false},"featured_media":6958,"comment_status":"open","ping_status":"closed","template":"","meta":[],"etheme_brands":[],"product_brand":[],"product_cat":[98,90],"product_tag":[133],"class_list":{"0":"post-6959","1":"product","2":"type-product","3":"status-publish","4":"has-post-thumbnail","6":"product_cat-categoriapulseiraspulseira-feminina","7":"product_cat-categoriapulseiras","8":"product_tag-uze-pratas","10":"first","11":"instock","12":"shipping-taxable","13":"purchasable","14":"product-type-simple"},"_links":{"self":[{"href":"https:\/\/agenciausphot.com\/uze\/en\/wp-json\/wp\/v2\/product\/6959","targetHints":{"allow":["GET"]}}],"collection":[{"href":"https:\/\/agenciausphot.com\/uze\/en\/wp-json\/wp\/v2\/product"}],"about":[{"href":"https:\/\/agenciausphot.com\/uze\/en\/wp-json\/wp\/v2\/types\/product"}],"replies":[{"embeddable":true,"href":"https:\/\/agenciausphot.com\/uze\/en\/wp-json\/wp\/v2\/comments?post=6959"}],"version-history":[{"count":1,"href":"https:\/\/agenciausphot.com\/uze\/en\/wp-json\/wp\/v2\/product\/6959\/revisions"}],"predecessor-version":[{"id":7023,"href":"https:\/\/agenciausphot.com\/uze\/en\/wp-json\/wp\/v2\/product\/6959\/revisions\/7023"}],"wp:featuredmedia":[{"embeddable":true,"href":"https:\/\/agenciausphot.com\/uze\/en\/wp-json\/wp\/v2\/media\/6958"}],"wp:attachment":[{"href":"https:\/\/agenciausphot.com\/uze\/en\/wp-json\/wp\/v2\/media?parent=6959"}],"wp:term":[{"taxonomy":"brand","embeddable":true,"href":"https:\/\/agenciausphot.com\/uze\/en\/wp-json\/wp\/v2\/etheme_brands?post=6959"},{"taxonomy":"product_brand","embeddable":true,"href":"https:\/\/agenciausphot.com\/uze\/en\/wp-json\/wp\/v2\/product_brand?post=6959"},{"taxonomy":"product_cat","embeddable":true,"href":"https:\/\/agenciausphot.com\/uze\/en\/wp-json\/wp\/v2\/product_cat?post=6959"},{"taxonomy":"product_tag","embeddable":true,"href":"https:\/\/agenciausphot.com\/uze\/en\/wp-json\/wp\/v2\/product_tag?post=6959"}],"curies":[{"name":"wp","href":"https:\/\/api.w.org\/{rel}","templated":true}]}}