{"id":6955,"date":"2025-12-04T16:58:07","date_gmt":"2025-12-04T16:58:07","guid":{"rendered":"https:\/\/agenciausphot.com\/uze\/produto\/pulseira-zircornia-redonda\/"},"modified":"2025-12-22T16:26:33","modified_gmt":"2025-12-22T16:26:33","slug":"pulseira-zircornia-redonda","status":"publish","type":"product","link":"https:\/\/agenciausphot.com\/uze\/en\/product\/pulseira-zircornia-redonda\/","title":{"rendered":"Pulseira zircornia redonda"},"content":{"rendered":"<h2 data-start=\"109\" data-end=\"184\"><strong data-start=\"112\" data-end=\"184\">Pulseira Zirc\u00f4nia Redonda em Prata 925 \u2013 Brilho Cl\u00e1ssico e Atemporal<\/strong><\/h2>\n<p data-start=\"186\" data-end=\"480\">A Pulseira Zirc\u00f4nia Redonda da UZE Pratas \u00e9 uma joia delicada e sofisticada, perfeita para quem ama brilho na medida certa. Produzida em <strong data-start=\"323\" data-end=\"345\">Prata 925 leg\u00edtima<\/strong>, ela traz um pingente redondo com <strong data-start=\"380\" data-end=\"401\">zirc\u00f4nia lapidada<\/strong>, que reflete a luz de forma intensa e elegante, valorizando qualquer produ\u00e7\u00e3o.<\/p>\n<p data-start=\"482\" data-end=\"722\">Seu design minimalista e atemporal combina facilmente com outras pulseiras, permitindo composi\u00e7\u00f5es modernas e cheias de estilo. \u00c9 a pe\u00e7a ideal para uso di\u00e1rio, presentear algu\u00e9m especial ou complementar um look com delicadeza e refinamento.<\/p>\n<hr data-start=\"724\" data-end=\"727\">\n<h3 data-start=\"729\" data-end=\"762\"><strong data-start=\"733\" data-end=\"762\">Especifica\u00e7\u00f5es do Produto<\/strong><\/h3>\n<ul data-start=\"763\" data-end=\"969\">\n<li data-start=\"763\" data-end=\"799\">\n<p data-start=\"765\" data-end=\"799\"><strong data-start=\"765\" data-end=\"778\">Material:<\/strong> Prata 925 leg\u00edtima<\/p>\n<\/li>\n<li data-start=\"800\" data-end=\"834\">\n<p data-start=\"802\" data-end=\"834\"><strong data-start=\"802\" data-end=\"815\">Pingente:<\/strong> Zirc\u00f4nia redonda<\/p>\n<\/li>\n<li data-start=\"835\" data-end=\"881\">\n<p data-start=\"837\" data-end=\"881\"><strong data-start=\"837\" data-end=\"847\">Pedra:<\/strong> Zirc\u00f4nia cristal de alto brilho<\/p>\n<\/li>\n<li data-start=\"882\" data-end=\"920\">\n<p data-start=\"884\" data-end=\"920\"><strong data-start=\"884\" data-end=\"899\">Acabamento:<\/strong> Polido e brilhante<\/p>\n<\/li>\n<li data-start=\"921\" data-end=\"969\">\n<p data-start=\"923\" data-end=\"969\"><strong data-start=\"923\" data-end=\"934\">Estilo:<\/strong> Minimalista, cl\u00e1ssico e delicado<\/p>\n<\/li>\n<\/ul>\n<hr data-start=\"971\" data-end=\"974\">\n<h3 data-start=\"976\" data-end=\"1003\"><strong data-start=\"980\" data-end=\"1003\">Garantia UZE Pratas<\/strong><\/h3>\n<p data-start=\"1004\" data-end=\"1131\">Todas as joias em Prata 925 acompanham <strong data-start=\"1043\" data-end=\"1070\">Certificado de Garantia<\/strong>, garantindo autenticidade, durabilidade e brilho permanente.<\/p>","protected":false},"excerpt":{"rendered":"<p>Pulseira Zirc\u00f4nia Redonda em Prata 925 \u2013 Brilho Cl\u00e1ssico e Atemporal A Pulseira Zirc\u00f4nia Redonda da UZE Pratas \u00e9 uma joia delicada e sofisticada, perfeita&#8230;<\/p>","protected":false},"featured_media":6954,"comment_status":"open","ping_status":"closed","template":"","meta":[],"etheme_brands":[],"product_brand":[],"product_cat":[98,90],"product_tag":[133],"class_list":{"0":"post-6955","1":"product","2":"type-product","3":"status-publish","4":"has-post-thumbnail","6":"product_cat-categoriapulseiraspulseira-feminina","7":"product_cat-categoriapulseiras","8":"product_tag-uze-pratas","10":"first","11":"instock","12":"shipping-taxable","13":"purchasable","14":"product-type-simple"},"_links":{"self":[{"href":"https:\/\/agenciausphot.com\/uze\/en\/wp-json\/wp\/v2\/product\/6955","targetHints":{"allow":["GET"]}}],"collection":[{"href":"https:\/\/agenciausphot.com\/uze\/en\/wp-json\/wp\/v2\/product"}],"about":[{"href":"https:\/\/agenciausphot.com\/uze\/en\/wp-json\/wp\/v2\/types\/product"}],"replies":[{"embeddable":true,"href":"https:\/\/agenciausphot.com\/uze\/en\/wp-json\/wp\/v2\/comments?post=6955"}],"version-history":[{"count":1,"href":"https:\/\/agenciausphot.com\/uze\/en\/wp-json\/wp\/v2\/product\/6955\/revisions"}],"predecessor-version":[{"id":7021,"href":"https:\/\/agenciausphot.com\/uze\/en\/wp-json\/wp\/v2\/product\/6955\/revisions\/7021"}],"wp:featuredmedia":[{"embeddable":true,"href":"https:\/\/agenciausphot.com\/uze\/en\/wp-json\/wp\/v2\/media\/6954"}],"wp:attachment":[{"href":"https:\/\/agenciausphot.com\/uze\/en\/wp-json\/wp\/v2\/media?parent=6955"}],"wp:term":[{"taxonomy":"brand","embeddable":true,"href":"https:\/\/agenciausphot.com\/uze\/en\/wp-json\/wp\/v2\/etheme_brands?post=6955"},{"taxonomy":"product_brand","embeddable":true,"href":"https:\/\/agenciausphot.com\/uze\/en\/wp-json\/wp\/v2\/product_brand?post=6955"},{"taxonomy":"product_cat","embeddable":true,"href":"https:\/\/agenciausphot.com\/uze\/en\/wp-json\/wp\/v2\/product_cat?post=6955"},{"taxonomy":"product_tag","embeddable":true,"href":"https:\/\/agenciausphot.com\/uze\/en\/wp-json\/wp\/v2\/product_tag?post=6955"}],"curies":[{"name":"wp","href":"https:\/\/api.w.org\/{rel}","templated":true}]}}