{"id":6940,"date":"2025-12-04T16:57:56","date_gmt":"2025-12-04T16:57:56","guid":{"rendered":"https:\/\/agenciausphot.com\/uze\/produto\/colar-arvore-da-vida-cravejado\/"},"modified":"2025-12-22T16:26:30","modified_gmt":"2025-12-22T16:26:30","slug":"colar-arvore-da-vida-cravejado","status":"publish","type":"product","link":"https:\/\/agenciausphot.com\/uze\/en\/product\/colar-arvore-da-vida-cravejado\/","title":{"rendered":"Colar arvore da vida cravejado"},"content":{"rendered":"<p data-start=\"190\" data-end=\"476\">O Colar \u00c1rvore da Vida Cravejado da UZE Pratas representa conex\u00e3o, crescimento e equil\u00edbrio. Produzido em <strong data-start=\"296\" data-end=\"318\">Prata 925 leg\u00edtima<\/strong>, ele traz um pingente delicado com o desenho da \u00c1rvore da Vida, <strong data-start=\"383\" data-end=\"431\">inteiramente cravejado com zirc\u00f4nias cristal<\/strong>, que adicionam brilho e sofistica\u00e7\u00e3o \u00e0 pe\u00e7a.<\/p>\n<p data-start=\"478\" data-end=\"714\">O s\u00edmbolo \u00e9 conhecido por transmitir prote\u00e7\u00e3o, prosperidade e a ideia de que todas as fases da vida contribuem para o nosso fortalecimento. Uma joia com significado especial, perfeita para usar no dia a dia ou presentear algu\u00e9m querido.<\/p>\n<hr data-start=\"716\" data-end=\"719\">\n<h3 data-start=\"721\" data-end=\"754\"><strong data-start=\"725\" data-end=\"754\">Especifica\u00e7\u00f5es do Produto<\/strong><\/h3>\n<ul data-start=\"755\" data-end=\"947\">\n<li data-start=\"755\" data-end=\"791\">\n<p data-start=\"757\" data-end=\"791\"><strong data-start=\"757\" data-end=\"770\">Material:<\/strong> Prata 925 leg\u00edtima<\/p>\n<\/li>\n<li data-start=\"792\" data-end=\"834\">\n<p data-start=\"794\" data-end=\"834\"><strong data-start=\"794\" data-end=\"807\">Pingente:<\/strong> \u00c1rvore da Vida cravejada<\/p>\n<\/li>\n<li data-start=\"835\" data-end=\"868\">\n<p data-start=\"837\" data-end=\"868\"><strong data-start=\"837\" data-end=\"848\">Pedras:<\/strong> Zirc\u00f4nias cristal<\/p>\n<\/li>\n<li data-start=\"869\" data-end=\"907\">\n<p data-start=\"871\" data-end=\"907\"><strong data-start=\"871\" data-end=\"886\">Acabamento:<\/strong> Polido e brilhante<\/p>\n<\/li>\n<li data-start=\"908\" data-end=\"947\">\n<p data-start=\"910\" data-end=\"947\"><strong data-start=\"910\" data-end=\"921\">Estilo:<\/strong> Significado + Eleg\u00e2ncia<\/p>\n<\/li>\n<\/ul>\n<hr data-start=\"949\" data-end=\"952\">\n<h3 data-start=\"954\" data-end=\"981\"><strong data-start=\"958\" data-end=\"981\">Garantia UZE Pratas<\/strong><\/h3>\n<p data-start=\"982\" data-end=\"1106\">Todas as pe\u00e7as em Prata 925 acompanham <strong data-start=\"1021\" data-end=\"1048\">Certificado de Garantia<\/strong>, assegurando autenticidade, durabilidade e brilho eterno.<\/p>","protected":false},"excerpt":{"rendered":"<p>O Colar \u00c1rvore da Vida Cravejado da UZE Pratas representa conex\u00e3o, crescimento e equil\u00edbrio. Produzido em Prata 925 leg\u00edtima, ele traz um pingente delicado com&#8230;<\/p>","protected":false},"featured_media":7010,"comment_status":"open","ping_status":"closed","template":"","meta":[],"etheme_brands":[],"product_brand":[],"product_cat":[106,93],"product_tag":[133],"class_list":{"0":"post-6940","1":"product","2":"type-product","3":"status-publish","4":"has-post-thumbnail","6":"product_cat-categoriacolarescolar-feminino","7":"product_cat-categoriacolares","8":"product_tag-uze-pratas","10":"first","11":"instock","12":"shipping-taxable","13":"purchasable","14":"product-type-simple"},"_links":{"self":[{"href":"https:\/\/agenciausphot.com\/uze\/en\/wp-json\/wp\/v2\/product\/6940","targetHints":{"allow":["GET"]}}],"collection":[{"href":"https:\/\/agenciausphot.com\/uze\/en\/wp-json\/wp\/v2\/product"}],"about":[{"href":"https:\/\/agenciausphot.com\/uze\/en\/wp-json\/wp\/v2\/types\/product"}],"replies":[{"embeddable":true,"href":"https:\/\/agenciausphot.com\/uze\/en\/wp-json\/wp\/v2\/comments?post=6940"}],"version-history":[{"count":1,"href":"https:\/\/agenciausphot.com\/uze\/en\/wp-json\/wp\/v2\/product\/6940\/revisions"}],"predecessor-version":[{"id":7011,"href":"https:\/\/agenciausphot.com\/uze\/en\/wp-json\/wp\/v2\/product\/6940\/revisions\/7011"}],"wp:featuredmedia":[{"embeddable":true,"href":"https:\/\/agenciausphot.com\/uze\/en\/wp-json\/wp\/v2\/media\/7010"}],"wp:attachment":[{"href":"https:\/\/agenciausphot.com\/uze\/en\/wp-json\/wp\/v2\/media?parent=6940"}],"wp:term":[{"taxonomy":"brand","embeddable":true,"href":"https:\/\/agenciausphot.com\/uze\/en\/wp-json\/wp\/v2\/etheme_brands?post=6940"},{"taxonomy":"product_brand","embeddable":true,"href":"https:\/\/agenciausphot.com\/uze\/en\/wp-json\/wp\/v2\/product_brand?post=6940"},{"taxonomy":"product_cat","embeddable":true,"href":"https:\/\/agenciausphot.com\/uze\/en\/wp-json\/wp\/v2\/product_cat?post=6940"},{"taxonomy":"product_tag","embeddable":true,"href":"https:\/\/agenciausphot.com\/uze\/en\/wp-json\/wp\/v2\/product_tag?post=6940"}],"curies":[{"name":"wp","href":"https:\/\/api.w.org\/{rel}","templated":true}]}}