{"id":6939,"date":"2025-12-04T16:57:55","date_gmt":"2025-12-04T16:57:55","guid":{"rendered":"https:\/\/agenciausphot.com\/uze\/produto\/colar-coracao-gota-roxo\/"},"modified":"2025-12-22T16:26:30","modified_gmt":"2025-12-22T16:26:30","slug":"colar-coracao-gota-roxo","status":"publish","type":"product","link":"https:\/\/agenciausphot.com\/uze\/en\/product\/colar-coracao-gota-roxo\/","title":{"rendered":"COLAR CORA\u00c7\u00c3O GOTA ROXO"},"content":{"rendered":"<p data-start=\"174\" data-end=\"434\">O Colar Cora\u00e7\u00e3o Gota Roxo da UZE Pratas combina romantismo e eleg\u00e2ncia em uma \u00fanica pe\u00e7a. Produzido em <strong data-start=\"277\" data-end=\"299\">Prata 925 leg\u00edtima<\/strong>, ele traz um pingente delicado com <strong data-start=\"335\" data-end=\"380\">cora\u00e7\u00e3o e gota cravejada em zirc\u00f4nia roxa<\/strong>, criando um brilho marcante e cheio de personalidade.<\/p>\n<p data-start=\"436\" data-end=\"655\">Seu design \u00e9 moderno e feminino, perfeito para valorizar o colo e complementar qualquer look, do b\u00e1sico ao mais sofisticado. Leve, delicado e cheio de charme, \u00e9 uma joia ideal para quem ama detalhes que fazem diferen\u00e7a.<\/p>\n<hr data-start=\"657\" data-end=\"660\">\n<h3 data-start=\"662\" data-end=\"695\"><strong data-start=\"666\" data-end=\"695\">Especifica\u00e7\u00f5es do Produto<\/strong><\/h3>\n<ul data-start=\"696\" data-end=\"894\">\n<li data-start=\"696\" data-end=\"732\">\n<p data-start=\"698\" data-end=\"732\"><strong data-start=\"698\" data-end=\"711\">Material:<\/strong> Prata 925 leg\u00edtima<\/p>\n<\/li>\n<li data-start=\"733\" data-end=\"772\">\n<p data-start=\"735\" data-end=\"772\"><strong data-start=\"735\" data-end=\"748\">Pingente:<\/strong> Cora\u00e7\u00e3o com gota roxa<\/p>\n<\/li>\n<li data-start=\"773\" data-end=\"819\">\n<p data-start=\"775\" data-end=\"819\"><strong data-start=\"775\" data-end=\"786\">Pedras:<\/strong> Zirc\u00f4nias roxas de alto brilho<\/p>\n<\/li>\n<li data-start=\"820\" data-end=\"858\">\n<p data-start=\"822\" data-end=\"858\"><strong data-start=\"822\" data-end=\"837\">Acabamento:<\/strong> Polido e brilhante<\/p>\n<\/li>\n<li data-start=\"859\" data-end=\"894\">\n<p data-start=\"861\" data-end=\"894\"><strong data-start=\"861\" data-end=\"872\">Estilo:<\/strong> Rom\u00e2ntico e moderno<\/p>\n<\/li>\n<\/ul>\n<hr data-start=\"896\" data-end=\"899\">\n<h3 data-start=\"901\" data-end=\"928\"><strong data-start=\"905\" data-end=\"928\">Garantia UZE Pratas<\/strong><\/h3>\n<p data-start=\"929\" data-end=\"1063\">Todas as pe\u00e7as em Prata 925 acompanham <strong data-start=\"968\" data-end=\"995\">Certificado de Garantia<\/strong>, garantindo autenticidade, durabilidade e brilho ao longo dos anos.<\/p>","protected":false},"excerpt":{"rendered":"<p>O Colar Cora\u00e7\u00e3o Gota Roxo da UZE Pratas combina romantismo e eleg\u00e2ncia em uma \u00fanica pe\u00e7a. Produzido em Prata 925 leg\u00edtima, ele traz um pingente&#8230;<\/p>","protected":false},"featured_media":7103,"comment_status":"open","ping_status":"closed","template":"","meta":[],"etheme_brands":[],"product_brand":[],"product_cat":[106,93],"product_tag":[133],"class_list":{"0":"post-6939","1":"product","2":"type-product","3":"status-publish","4":"has-post-thumbnail","6":"product_cat-categoriacolarescolar-feminino","7":"product_cat-categoriacolares","8":"product_tag-uze-pratas","10":"first","11":"instock","12":"shipping-taxable","13":"purchasable","14":"product-type-simple"},"_links":{"self":[{"href":"https:\/\/agenciausphot.com\/uze\/en\/wp-json\/wp\/v2\/product\/6939","targetHints":{"allow":["GET"]}}],"collection":[{"href":"https:\/\/agenciausphot.com\/uze\/en\/wp-json\/wp\/v2\/product"}],"about":[{"href":"https:\/\/agenciausphot.com\/uze\/en\/wp-json\/wp\/v2\/types\/product"}],"replies":[{"embeddable":true,"href":"https:\/\/agenciausphot.com\/uze\/en\/wp-json\/wp\/v2\/comments?post=6939"}],"version-history":[{"count":1,"href":"https:\/\/agenciausphot.com\/uze\/en\/wp-json\/wp\/v2\/product\/6939\/revisions"}],"predecessor-version":[{"id":7009,"href":"https:\/\/agenciausphot.com\/uze\/en\/wp-json\/wp\/v2\/product\/6939\/revisions\/7009"}],"wp:featuredmedia":[{"embeddable":true,"href":"https:\/\/agenciausphot.com\/uze\/en\/wp-json\/wp\/v2\/media\/7103"}],"wp:attachment":[{"href":"https:\/\/agenciausphot.com\/uze\/en\/wp-json\/wp\/v2\/media?parent=6939"}],"wp:term":[{"taxonomy":"brand","embeddable":true,"href":"https:\/\/agenciausphot.com\/uze\/en\/wp-json\/wp\/v2\/etheme_brands?post=6939"},{"taxonomy":"product_brand","embeddable":true,"href":"https:\/\/agenciausphot.com\/uze\/en\/wp-json\/wp\/v2\/product_brand?post=6939"},{"taxonomy":"product_cat","embeddable":true,"href":"https:\/\/agenciausphot.com\/uze\/en\/wp-json\/wp\/v2\/product_cat?post=6939"},{"taxonomy":"product_tag","embeddable":true,"href":"https:\/\/agenciausphot.com\/uze\/en\/wp-json\/wp\/v2\/product_tag?post=6939"}],"curies":[{"name":"wp","href":"https:\/\/api.w.org\/{rel}","templated":true}]}}