{"id":6938,"date":"2025-12-04T16:57:55","date_gmt":"2025-12-04T16:57:55","guid":{"rendered":"https:\/\/agenciausphot.com\/uze\/produto\/conjunto-cristal-zicornia\/"},"modified":"2026-01-12T15:14:49","modified_gmt":"2026-01-12T15:14:49","slug":"conjunto-cristal-zicornia","status":"publish","type":"product","link":"https:\/\/agenciausphot.com\/uze\/en\/product\/conjunto-cristal-zicornia\/","title":{"rendered":"Conjunto cristal zicornia"},"content":{"rendered":"<p data-start=\"185\" data-end=\"476\">O Conjunto Cristal Zirc\u00f4nia da UZE Pratas \u00e9 a defini\u00e7\u00e3o de delicadeza e sofistica\u00e7\u00e3o. Produzido em <strong data-start=\"284\" data-end=\"306\">Prata 925 leg\u00edtima<\/strong>, ele traz colar e brinco com pingentes cravejados em zirc\u00f4nias cristal, que oferecem <strong data-start=\"392\" data-end=\"432\">um brilho puro, elegante e impec\u00e1vel<\/strong> \u2014 perfeito para iluminar qualquer produ\u00e7\u00e3o.<\/p>\n<p data-start=\"478\" data-end=\"698\">Seu design minimalista e atemporal combina facilmente com outros acess\u00f3rios, permitindo composi\u00e7\u00f5es modernas e vers\u00e1teis. \u00c9 aquele conjunto que nunca sai de moda e que transforma at\u00e9 o look mais simples em algo especial.<\/p>\n<hr data-start=\"700\" data-end=\"703\">\n<h3 data-start=\"705\" data-end=\"738\"><strong data-start=\"709\" data-end=\"738\">Especifica\u00e7\u00f5es do Produto<\/strong><\/h3>\n<ul data-start=\"739\" data-end=\"1006\">\n<li data-start=\"739\" data-end=\"775\">\n<p data-start=\"741\" data-end=\"775\"><strong data-start=\"741\" data-end=\"754\">Material:<\/strong> Prata 925 leg\u00edtima<\/p>\n<\/li>\n<li data-start=\"776\" data-end=\"810\">\n<p data-start=\"778\" data-end=\"810\"><strong data-start=\"778\" data-end=\"793\">Composi\u00e7\u00e3o:<\/strong> Colar + brinco<\/p>\n<\/li>\n<li data-start=\"811\" data-end=\"859\">\n<p data-start=\"813\" data-end=\"859\"><strong data-start=\"813\" data-end=\"824\">Pedras:<\/strong> Zirc\u00f4nias cristal de alto brilho<\/p>\n<\/li>\n<li data-start=\"860\" data-end=\"898\">\n<p data-start=\"862\" data-end=\"898\"><strong data-start=\"862\" data-end=\"877\">Acabamento:<\/strong> Polido e espelhado<\/p>\n<\/li>\n<li data-start=\"899\" data-end=\"944\">\n<p data-start=\"901\" data-end=\"944\"><strong data-start=\"901\" data-end=\"912\">Estilo:<\/strong> Cl\u00e1ssico, delicado e vers\u00e1til<\/p>\n<\/li>\n<li data-start=\"945\" data-end=\"1006\">\n<p data-start=\"947\" data-end=\"1006\"><strong data-start=\"947\" data-end=\"961\">Indica\u00e7\u00e3o:<\/strong> Uso di\u00e1rio, presentes e ocasi\u00f5es especiais<\/p>\n<\/li>\n<\/ul>\n<hr data-start=\"1008\" data-end=\"1011\">\n<h3 data-start=\"1013\" data-end=\"1040\"><strong data-start=\"1017\" data-end=\"1040\">Garantia UZE Pratas<\/strong><\/h3>\n<p data-start=\"1041\" data-end=\"1173\">Todas as pe\u00e7as em Prata 925 acompanham <strong data-start=\"1080\" data-end=\"1107\">Certificado de Garantia<\/strong>, garantindo autenticidade, durabilidade e brilho por toda a vida.<\/p>","protected":false},"excerpt":{"rendered":"<p>O Conjunto Cristal Zirc\u00f4nia da UZE Pratas \u00e9 a defini\u00e7\u00e3o de delicadeza e sofistica\u00e7\u00e3o. Produzido em Prata 925 leg\u00edtima, ele traz colar e brinco com&#8230;<\/p>","protected":false},"featured_media":6937,"comment_status":"open","ping_status":"closed","template":"","meta":[],"etheme_brands":[],"product_brand":[],"product_cat":[109,94],"product_tag":[133],"class_list":{"0":"post-6938","1":"product","2":"type-product","3":"status-publish","4":"has-post-thumbnail","6":"product_cat-categoriaconjuntosconjunto-feminino","7":"product_cat-categoriaconjuntos","8":"product_tag-uze-pratas","10":"first","11":"instock","12":"shipping-taxable","13":"purchasable","14":"product-type-simple"},"_links":{"self":[{"href":"https:\/\/agenciausphot.com\/uze\/en\/wp-json\/wp\/v2\/product\/6938","targetHints":{"allow":["GET"]}}],"collection":[{"href":"https:\/\/agenciausphot.com\/uze\/en\/wp-json\/wp\/v2\/product"}],"about":[{"href":"https:\/\/agenciausphot.com\/uze\/en\/wp-json\/wp\/v2\/types\/product"}],"replies":[{"embeddable":true,"href":"https:\/\/agenciausphot.com\/uze\/en\/wp-json\/wp\/v2\/comments?post=6938"}],"version-history":[{"count":1,"href":"https:\/\/agenciausphot.com\/uze\/en\/wp-json\/wp\/v2\/product\/6938\/revisions"}],"predecessor-version":[{"id":7008,"href":"https:\/\/agenciausphot.com\/uze\/en\/wp-json\/wp\/v2\/product\/6938\/revisions\/7008"}],"wp:featuredmedia":[{"embeddable":true,"href":"https:\/\/agenciausphot.com\/uze\/en\/wp-json\/wp\/v2\/media\/6937"}],"wp:attachment":[{"href":"https:\/\/agenciausphot.com\/uze\/en\/wp-json\/wp\/v2\/media?parent=6938"}],"wp:term":[{"taxonomy":"brand","embeddable":true,"href":"https:\/\/agenciausphot.com\/uze\/en\/wp-json\/wp\/v2\/etheme_brands?post=6938"},{"taxonomy":"product_brand","embeddable":true,"href":"https:\/\/agenciausphot.com\/uze\/en\/wp-json\/wp\/v2\/product_brand?post=6938"},{"taxonomy":"product_cat","embeddable":true,"href":"https:\/\/agenciausphot.com\/uze\/en\/wp-json\/wp\/v2\/product_cat?post=6938"},{"taxonomy":"product_tag","embeddable":true,"href":"https:\/\/agenciausphot.com\/uze\/en\/wp-json\/wp\/v2\/product_tag?post=6938"}],"curies":[{"name":"wp","href":"https:\/\/api.w.org\/{rel}","templated":true}]}}