{"id":6934,"date":"2025-12-04T16:57:51","date_gmt":"2025-12-04T16:57:51","guid":{"rendered":"https:\/\/agenciausphot.com\/uze\/produto\/conjunto-laco-cravejado-cristal\/"},"modified":"2025-12-22T16:26:29","modified_gmt":"2025-12-22T16:26:29","slug":"conjunto-laco-cravejado-cristal","status":"publish","type":"product","link":"https:\/\/agenciausphot.com\/uze\/en\/product\/conjunto-laco-cravejado-cristal\/","title":{"rendered":"Conjunto la\u00e7o cravejado cristal"},"content":{"rendered":"<p data-start=\"171\" data-end=\"500\">O Conjunto La\u00e7o Cravejado Cristal da UZE Pratas \u00e9 a escolha perfeita para quem ama joias rom\u00e2nticas, femininas e repletas de brilho. Produzido em <strong data-start=\"317\" data-end=\"339\">Prata 925 leg\u00edtima<\/strong>, o conjunto \u00e9 composto por colar e brinco no formato de la\u00e7o, <strong data-start=\"402\" data-end=\"438\">cravejados com zirc\u00f4nias cristal<\/strong> que proporcionam luminosidade e sofistica\u00e7\u00e3o em cada detalhe.<\/p>\n<p data-start=\"502\" data-end=\"764\">Com design delicado e acabamento polido, este conjunto traz a leveza e o simbolismo do la\u00e7o \u2014 representando uni\u00e3o, carinho e do\u00e7ura. \u00c9 uma joia vers\u00e1til, ideal para compor looks elegantes, presentear algu\u00e9m especial ou adicionar um toque de encanto ao dia a dia.<\/p>\n<hr data-start=\"766\" data-end=\"769\">\n<h3 data-start=\"771\" data-end=\"804\"><strong data-start=\"775\" data-end=\"804\">Especifica\u00e7\u00f5es do Produto<\/strong><\/h3>\n<ul data-start=\"805\" data-end=\"1063\">\n<li data-start=\"805\" data-end=\"841\">\n<p data-start=\"807\" data-end=\"841\"><strong data-start=\"807\" data-end=\"820\">Material:<\/strong> Prata 925 leg\u00edtima<\/p>\n<\/li>\n<li data-start=\"842\" data-end=\"876\">\n<p data-start=\"844\" data-end=\"876\"><strong data-start=\"844\" data-end=\"859\">Composi\u00e7\u00e3o:<\/strong> Colar + brinco<\/p>\n<\/li>\n<li data-start=\"877\" data-end=\"917\">\n<p data-start=\"879\" data-end=\"917\"><strong data-start=\"879\" data-end=\"891\">Formato:<\/strong> La\u00e7o delicado cravejado<\/p>\n<\/li>\n<li data-start=\"918\" data-end=\"951\">\n<p data-start=\"920\" data-end=\"951\"><strong data-start=\"920\" data-end=\"931\">Pedras:<\/strong> Zirc\u00f4nias cristal<\/p>\n<\/li>\n<li data-start=\"952\" data-end=\"1001\">\n<p data-start=\"954\" data-end=\"1001\"><strong data-start=\"954\" data-end=\"969\">Acabamento:<\/strong> Polido, brilhante e detalhado<\/p>\n<\/li>\n<li data-start=\"1002\" data-end=\"1063\">\n<p data-start=\"1004\" data-end=\"1063\"><strong data-start=\"1004\" data-end=\"1018\">Indica\u00e7\u00e3o:<\/strong> Presentes, uso di\u00e1rio e ocasi\u00f5es especiais<\/p>\n<\/li>\n<\/ul>\n<hr data-start=\"1065\" data-end=\"1068\">\n<h3 data-start=\"1070\" data-end=\"1097\"><strong data-start=\"1074\" data-end=\"1097\">Garantia UZE Pratas<\/strong><\/h3>\n<p data-start=\"1098\" data-end=\"1224\">Todas as pe\u00e7as em Prata 925 acompanham <strong data-start=\"1137\" data-end=\"1164\">Certificado de Garantia<\/strong>, comprovando autenticidade e durabilidade para toda a vida.<\/p>","protected":false},"excerpt":{"rendered":"<p>O Conjunto La\u00e7o Cravejado Cristal da UZE Pratas \u00e9 a escolha perfeita para quem ama joias rom\u00e2nticas, femininas e repletas de brilho. Produzido em Prata&#8230;<\/p>","protected":false},"featured_media":6933,"comment_status":"open","ping_status":"closed","template":"","meta":[],"etheme_brands":[],"product_brand":[],"product_cat":[109,94],"product_tag":[133],"class_list":{"0":"post-6934","1":"product","2":"type-product","3":"status-publish","4":"has-post-thumbnail","6":"product_cat-categoriaconjuntosconjunto-feminino","7":"product_cat-categoriaconjuntos","8":"product_tag-uze-pratas","10":"first","11":"instock","12":"shipping-taxable","13":"purchasable","14":"product-type-simple"},"_links":{"self":[{"href":"https:\/\/agenciausphot.com\/uze\/en\/wp-json\/wp\/v2\/product\/6934","targetHints":{"allow":["GET"]}}],"collection":[{"href":"https:\/\/agenciausphot.com\/uze\/en\/wp-json\/wp\/v2\/product"}],"about":[{"href":"https:\/\/agenciausphot.com\/uze\/en\/wp-json\/wp\/v2\/types\/product"}],"replies":[{"embeddable":true,"href":"https:\/\/agenciausphot.com\/uze\/en\/wp-json\/wp\/v2\/comments?post=6934"}],"version-history":[{"count":1,"href":"https:\/\/agenciausphot.com\/uze\/en\/wp-json\/wp\/v2\/product\/6934\/revisions"}],"predecessor-version":[{"id":7006,"href":"https:\/\/agenciausphot.com\/uze\/en\/wp-json\/wp\/v2\/product\/6934\/revisions\/7006"}],"wp:featuredmedia":[{"embeddable":true,"href":"https:\/\/agenciausphot.com\/uze\/en\/wp-json\/wp\/v2\/media\/6933"}],"wp:attachment":[{"href":"https:\/\/agenciausphot.com\/uze\/en\/wp-json\/wp\/v2\/media?parent=6934"}],"wp:term":[{"taxonomy":"brand","embeddable":true,"href":"https:\/\/agenciausphot.com\/uze\/en\/wp-json\/wp\/v2\/etheme_brands?post=6934"},{"taxonomy":"product_brand","embeddable":true,"href":"https:\/\/agenciausphot.com\/uze\/en\/wp-json\/wp\/v2\/product_brand?post=6934"},{"taxonomy":"product_cat","embeddable":true,"href":"https:\/\/agenciausphot.com\/uze\/en\/wp-json\/wp\/v2\/product_cat?post=6934"},{"taxonomy":"product_tag","embeddable":true,"href":"https:\/\/agenciausphot.com\/uze\/en\/wp-json\/wp\/v2\/product_tag?post=6934"}],"curies":[{"name":"wp","href":"https:\/\/api.w.org\/{rel}","templated":true}]}}