{"id":6932,"date":"2025-12-04T16:57:49","date_gmt":"2025-12-04T16:57:49","guid":{"rendered":"https:\/\/agenciausphot.com\/uze\/produto\/conjunto-inspiracao\/"},"modified":"2025-12-22T16:26:28","modified_gmt":"2025-12-22T16:26:28","slug":"conjunto-inspiracao","status":"publish","type":"product","link":"https:\/\/agenciausphot.com\/uze\/en\/product\/conjunto-inspiracao\/","title":{"rendered":"Conjunto inspira\u00e7\u00e3o"},"content":{"rendered":"<p data-start=\"200\" data-end=\"471\">O Conjunto Inspira\u00e7\u00e3o da UZE Pratas foi criado para quem ama joias leves, femininas e cheias de significado. Produzido em <strong data-start=\"322\" data-end=\"344\">Prata 925 leg\u00edtima<\/strong>, ele \u00e9 composto por colar e brinco com design delicado e acabamento impec\u00e1vel, trazendo brilho e sofistica\u00e7\u00e3o na medida certa.<\/p>\n<p data-start=\"473\" data-end=\"771\">Seu formato elegante e minimalista torna este conjunto perfeito para o uso di\u00e1rio ou para composi\u00e7\u00f5es mais elaboradas, adicionando aquele toque especial que valoriza qualquer look. A pe\u00e7a reflete suavidade, luz e inspira\u00e7\u00e3o \u2014 ideal para mulheres que carregam estilo e sensibilidade em cada detalhe.<\/p>\n<hr data-start=\"773\" data-end=\"776\">\n<h3 data-start=\"778\" data-end=\"811\"><strong data-start=\"782\" data-end=\"811\">Especifica\u00e7\u00f5es do Produto<\/strong><\/h3>\n<ul data-start=\"812\" data-end=\"1023\">\n<li data-start=\"812\" data-end=\"848\">\n<p data-start=\"814\" data-end=\"848\"><strong data-start=\"814\" data-end=\"827\">Material:<\/strong> Prata 925 leg\u00edtima<\/p>\n<\/li>\n<li data-start=\"849\" data-end=\"883\">\n<p data-start=\"851\" data-end=\"883\"><strong data-start=\"851\" data-end=\"866\">Composi\u00e7\u00e3o:<\/strong> Colar + brinco<\/p>\n<\/li>\n<li data-start=\"884\" data-end=\"922\">\n<p data-start=\"886\" data-end=\"922\"><strong data-start=\"886\" data-end=\"897\">Estilo:<\/strong> Minimalista e elegante<\/p>\n<\/li>\n<li data-start=\"923\" data-end=\"961\">\n<p data-start=\"925\" data-end=\"961\"><strong data-start=\"925\" data-end=\"940\">Acabamento:<\/strong> Polido e brilhante<\/p>\n<\/li>\n<li data-start=\"962\" data-end=\"1023\">\n<p data-start=\"964\" data-end=\"1023\"><strong data-start=\"964\" data-end=\"978\">Indica\u00e7\u00e3o:<\/strong> Uso di\u00e1rio, presentes e ocasi\u00f5es especiais<\/p>\n<\/li>\n<\/ul>\n<hr data-start=\"1025\" data-end=\"1028\">\n<h3 data-start=\"1030\" data-end=\"1057\"><strong data-start=\"1034\" data-end=\"1057\">Garantia UZE Pratas<\/strong><\/h3>\n<p data-start=\"1058\" data-end=\"1188\">Todas as pe\u00e7as em Prata 925 acompanham <strong data-start=\"1097\" data-end=\"1124\">Certificado de Garantia<\/strong>, comprovando autenticidade e durabilidade para uso a vida toda.<\/p>","protected":false},"excerpt":{"rendered":"<p>O Conjunto Inspira\u00e7\u00e3o da UZE Pratas foi criado para quem ama joias leves, femininas e cheias de significado. Produzido em Prata 925 leg\u00edtima, ele \u00e9&#8230;<\/p>","protected":false},"featured_media":7004,"comment_status":"open","ping_status":"closed","template":"","meta":[],"etheme_brands":[],"product_brand":[],"product_cat":[109,94],"product_tag":[133],"class_list":{"0":"post-6932","1":"product","2":"type-product","3":"status-publish","4":"has-post-thumbnail","6":"product_cat-categoriaconjuntosconjunto-feminino","7":"product_cat-categoriaconjuntos","8":"product_tag-uze-pratas","10":"first","11":"instock","12":"shipping-taxable","13":"purchasable","14":"product-type-simple"},"_links":{"self":[{"href":"https:\/\/agenciausphot.com\/uze\/en\/wp-json\/wp\/v2\/product\/6932","targetHints":{"allow":["GET"]}}],"collection":[{"href":"https:\/\/agenciausphot.com\/uze\/en\/wp-json\/wp\/v2\/product"}],"about":[{"href":"https:\/\/agenciausphot.com\/uze\/en\/wp-json\/wp\/v2\/types\/product"}],"replies":[{"embeddable":true,"href":"https:\/\/agenciausphot.com\/uze\/en\/wp-json\/wp\/v2\/comments?post=6932"}],"version-history":[{"count":1,"href":"https:\/\/agenciausphot.com\/uze\/en\/wp-json\/wp\/v2\/product\/6932\/revisions"}],"predecessor-version":[{"id":7005,"href":"https:\/\/agenciausphot.com\/uze\/en\/wp-json\/wp\/v2\/product\/6932\/revisions\/7005"}],"wp:featuredmedia":[{"embeddable":true,"href":"https:\/\/agenciausphot.com\/uze\/en\/wp-json\/wp\/v2\/media\/7004"}],"wp:attachment":[{"href":"https:\/\/agenciausphot.com\/uze\/en\/wp-json\/wp\/v2\/media?parent=6932"}],"wp:term":[{"taxonomy":"brand","embeddable":true,"href":"https:\/\/agenciausphot.com\/uze\/en\/wp-json\/wp\/v2\/etheme_brands?post=6932"},{"taxonomy":"product_brand","embeddable":true,"href":"https:\/\/agenciausphot.com\/uze\/en\/wp-json\/wp\/v2\/product_brand?post=6932"},{"taxonomy":"product_cat","embeddable":true,"href":"https:\/\/agenciausphot.com\/uze\/en\/wp-json\/wp\/v2\/product_cat?post=6932"},{"taxonomy":"product_tag","embeddable":true,"href":"https:\/\/agenciausphot.com\/uze\/en\/wp-json\/wp\/v2\/product_tag?post=6932"}],"curies":[{"name":"wp","href":"https:\/\/api.w.org\/{rel}","templated":true}]}}