{"id":6931,"date":"2025-12-04T16:57:49","date_gmt":"2025-12-04T16:57:49","guid":{"rendered":"https:\/\/agenciausphot.com\/uze\/produto\/conjunto-coracao-verde-cravejado\/"},"modified":"2026-01-12T15:14:48","modified_gmt":"2026-01-12T15:14:48","slug":"conjunto-coracao-verde-cravejado","status":"publish","type":"product","link":"https:\/\/agenciausphot.com\/uze\/en\/product\/conjunto-coracao-verde-cravejado\/","title":{"rendered":"Conjunto cora\u00e7\u00e3o verde cravejado"},"content":{"rendered":"<p data-start=\"180\" data-end=\"496\">O Conjunto Cora\u00e7\u00e3o Verde Cravejado da UZE Pratas traz a uni\u00e3o perfeita entre romantismo e sofistica\u00e7\u00e3o. Produzido em <strong data-start=\"297\" data-end=\"319\">Prata 925 leg\u00edtima<\/strong>, o conjunto \u00e9 composto por colar e brinco com pingentes em formato de cora\u00e7\u00e3o, todos <strong data-start=\"405\" data-end=\"449\">cravejados com zirc\u00f4nias verde-esmeralda<\/strong> que entregam brilho intenso e um charme \u00fanico.<\/p>\n<p data-start=\"498\" data-end=\"791\">O tom verde profundo das pedras proporciona um visual marcante e delicado ao mesmo tempo, tornando esse conjunto ideal para quem ama joias modernas, femininas e cheias de personalidade. Perfeito para compor looks elegantes, presentear algu\u00e9m especial ou valorizar a beleza de qualquer ocasi\u00e3o.<\/p>\n<hr data-start=\"793\" data-end=\"796\">\n<h3 data-start=\"798\" data-end=\"831\"><strong data-start=\"802\" data-end=\"831\">Especifica\u00e7\u00f5es do Produto<\/strong><\/h3>\n<ul data-start=\"832\" data-end=\"1085\">\n<li data-start=\"832\" data-end=\"868\">\n<p data-start=\"834\" data-end=\"868\"><strong data-start=\"834\" data-end=\"847\">Material:<\/strong> Prata 925 leg\u00edtima<\/p>\n<\/li>\n<li data-start=\"869\" data-end=\"903\">\n<p data-start=\"871\" data-end=\"903\"><strong data-start=\"871\" data-end=\"886\">Composi\u00e7\u00e3o:<\/strong> Colar + brinco<\/p>\n<\/li>\n<li data-start=\"904\" data-end=\"947\">\n<p data-start=\"906\" data-end=\"947\"><strong data-start=\"906\" data-end=\"919\">Pingente:<\/strong> Formato cora\u00e7\u00e3o cravejado<\/p>\n<\/li>\n<li data-start=\"948\" data-end=\"995\">\n<p data-start=\"950\" data-end=\"995\"><strong data-start=\"950\" data-end=\"961\">Pedras:<\/strong> Micro zirc\u00f4nias verde-esmeralda<\/p>\n<\/li>\n<li data-start=\"996\" data-end=\"1034\">\n<p data-start=\"998\" data-end=\"1034\"><strong data-start=\"998\" data-end=\"1013\">Acabamento:<\/strong> Polido e brilhante<\/p>\n<\/li>\n<li data-start=\"1035\" data-end=\"1085\">\n<p data-start=\"1037\" data-end=\"1085\"><strong data-start=\"1037\" data-end=\"1051\">Indica\u00e7\u00e3o:<\/strong> Uso di\u00e1rio e ocasi\u00f5es especiais<\/p>\n<\/li>\n<\/ul>\n<hr data-start=\"1087\" data-end=\"1090\">\n<h3 data-start=\"1092\" data-end=\"1119\"><strong data-start=\"1096\" data-end=\"1119\">Garantia UZE Pratas<\/strong><\/h3>\n<p data-start=\"1120\" data-end=\"1248\">Todas as pe\u00e7as em Prata 925 acompanham <strong data-start=\"1159\" data-end=\"1186\">Certificado de Garantia<\/strong>, assegurando autenticidade, durabilidade e brilho permanente.<\/p>","protected":false},"excerpt":{"rendered":"<p>O Conjunto Cora\u00e7\u00e3o Verde Cravejado da UZE Pratas traz a uni\u00e3o perfeita entre romantismo e sofistica\u00e7\u00e3o. Produzido em Prata 925 leg\u00edtima, o conjunto \u00e9 composto&#8230;<\/p>","protected":false},"featured_media":6930,"comment_status":"open","ping_status":"closed","template":"","meta":[],"etheme_brands":[],"product_brand":[],"product_cat":[109,94],"product_tag":[133],"class_list":{"0":"post-6931","1":"product","2":"type-product","3":"status-publish","4":"has-post-thumbnail","6":"product_cat-categoriaconjuntosconjunto-feminino","7":"product_cat-categoriaconjuntos","8":"product_tag-uze-pratas","10":"first","11":"instock","12":"shipping-taxable","13":"purchasable","14":"product-type-simple"},"_links":{"self":[{"href":"https:\/\/agenciausphot.com\/uze\/en\/wp-json\/wp\/v2\/product\/6931","targetHints":{"allow":["GET"]}}],"collection":[{"href":"https:\/\/agenciausphot.com\/uze\/en\/wp-json\/wp\/v2\/product"}],"about":[{"href":"https:\/\/agenciausphot.com\/uze\/en\/wp-json\/wp\/v2\/types\/product"}],"replies":[{"embeddable":true,"href":"https:\/\/agenciausphot.com\/uze\/en\/wp-json\/wp\/v2\/comments?post=6931"}],"version-history":[{"count":1,"href":"https:\/\/agenciausphot.com\/uze\/en\/wp-json\/wp\/v2\/product\/6931\/revisions"}],"predecessor-version":[{"id":7003,"href":"https:\/\/agenciausphot.com\/uze\/en\/wp-json\/wp\/v2\/product\/6931\/revisions\/7003"}],"wp:featuredmedia":[{"embeddable":true,"href":"https:\/\/agenciausphot.com\/uze\/en\/wp-json\/wp\/v2\/media\/6930"}],"wp:attachment":[{"href":"https:\/\/agenciausphot.com\/uze\/en\/wp-json\/wp\/v2\/media?parent=6931"}],"wp:term":[{"taxonomy":"brand","embeddable":true,"href":"https:\/\/agenciausphot.com\/uze\/en\/wp-json\/wp\/v2\/etheme_brands?post=6931"},{"taxonomy":"product_brand","embeddable":true,"href":"https:\/\/agenciausphot.com\/uze\/en\/wp-json\/wp\/v2\/product_brand?post=6931"},{"taxonomy":"product_cat","embeddable":true,"href":"https:\/\/agenciausphot.com\/uze\/en\/wp-json\/wp\/v2\/product_cat?post=6931"},{"taxonomy":"product_tag","embeddable":true,"href":"https:\/\/agenciausphot.com\/uze\/en\/wp-json\/wp\/v2\/product_tag?post=6931"}],"curies":[{"name":"wp","href":"https:\/\/api.w.org\/{rel}","templated":true}]}}