{"id":6929,"date":"2025-12-04T16:57:47","date_gmt":"2025-12-04T16:57:47","guid":{"rendered":"https:\/\/agenciausphot.com\/uze\/produto\/colar-gota-cravejado\/"},"modified":"2025-12-22T16:26:27","modified_gmt":"2025-12-22T16:26:27","slug":"colar-gota-cravejado","status":"publish","type":"product","link":"https:\/\/agenciausphot.com\/uze\/en\/product\/colar-gota-cravejado\/","title":{"rendered":"Colar gota cravejado"},"content":{"rendered":"<p data-start=\"154\" data-end=\"416\">O Colar Gota Cravejado da UZE Pratas traz a combina\u00e7\u00e3o perfeita entre eleg\u00e2ncia e delicadeza. Seu pingente em formato de gota \u00e9 <strong data-start=\"282\" data-end=\"337\">inteiramente cravejado com zirc\u00f4nias de alto brilho<\/strong>, criando um efeito luminoso e sofisticado que se destaca em qualquer produ\u00e7\u00e3o.<\/p>\n<p data-start=\"418\" data-end=\"622\">Produzido em <strong data-start=\"431\" data-end=\"453\">Prata 925 leg\u00edtima<\/strong>, o colar possui acabamento polido e brilho espelhado, garantindo durabilidade e beleza eterna. \u00c9 a escolha ideal para quem ama joias finas, modernas e cheias de charme.<\/p>\n<p data-start=\"624\" data-end=\"760\">Perfeito para usar sozinho como ponto de luz no colo ou combinar com outros colares em camadas, criando uma composi\u00e7\u00e3o atual e elegante.<\/p>\n<hr data-start=\"762\" data-end=\"765\">\n<h3 data-start=\"767\" data-end=\"800\"><strong data-start=\"771\" data-end=\"800\">Especifica\u00e7\u00f5es do Produto<\/strong><\/h3>\n<ul data-start=\"801\" data-end=\"1004\">\n<li data-start=\"801\" data-end=\"837\">\n<p data-start=\"803\" data-end=\"837\"><strong data-start=\"803\" data-end=\"816\">Material:<\/strong> Prata 925 leg\u00edtima<\/p>\n<\/li>\n<li data-start=\"838\" data-end=\"878\">\n<p data-start=\"840\" data-end=\"878\"><strong data-start=\"840\" data-end=\"853\">Pingente:<\/strong> Formato gota cravejado<\/p>\n<\/li>\n<li data-start=\"879\" data-end=\"914\">\n<p data-start=\"881\" data-end=\"914\"><strong data-start=\"881\" data-end=\"892\">Pedras:<\/strong> Zirc\u00f4nias lapidadas<\/p>\n<\/li>\n<li data-start=\"915\" data-end=\"953\">\n<p data-start=\"917\" data-end=\"953\"><strong data-start=\"917\" data-end=\"932\">Acabamento:<\/strong> Polido e brilhante<\/p>\n<\/li>\n<li data-start=\"954\" data-end=\"1004\">\n<p data-start=\"956\" data-end=\"1004\"><strong data-start=\"956\" data-end=\"970\">Indica\u00e7\u00e3o:<\/strong> Uso di\u00e1rio e ocasi\u00f5es especiais<\/p>\n<\/li>\n<\/ul>\n<hr data-start=\"1006\" data-end=\"1009\">\n<h3 data-start=\"1011\" data-end=\"1038\"><strong data-start=\"1015\" data-end=\"1038\">Garantia UZE Pratas<\/strong><\/h3>\n<p data-start=\"1039\" data-end=\"1165\">Todas as pe\u00e7as em Prata 925 acompanham <strong data-start=\"1078\" data-end=\"1105\">Certificado de Garantia<\/strong>, assegurando autenticidade, resist\u00eancia e brilho duradouro.<\/p>","protected":false},"excerpt":{"rendered":"<p>O Colar Gota Cravejado da UZE Pratas traz a combina\u00e7\u00e3o perfeita entre eleg\u00e2ncia e delicadeza. Seu pingente em formato de gota \u00e9 inteiramente cravejado com&#8230;<\/p>","protected":false},"featured_media":6928,"comment_status":"open","ping_status":"closed","template":"","meta":[],"etheme_brands":[],"product_brand":[],"product_cat":[106,93],"product_tag":[133],"class_list":{"0":"post-6929","1":"product","2":"type-product","3":"status-publish","4":"has-post-thumbnail","6":"product_cat-categoriacolarescolar-feminino","7":"product_cat-categoriacolares","8":"product_tag-uze-pratas","10":"first","11":"instock","12":"shipping-taxable","13":"purchasable","14":"product-type-simple"},"_links":{"self":[{"href":"https:\/\/agenciausphot.com\/uze\/en\/wp-json\/wp\/v2\/product\/6929","targetHints":{"allow":["GET"]}}],"collection":[{"href":"https:\/\/agenciausphot.com\/uze\/en\/wp-json\/wp\/v2\/product"}],"about":[{"href":"https:\/\/agenciausphot.com\/uze\/en\/wp-json\/wp\/v2\/types\/product"}],"replies":[{"embeddable":true,"href":"https:\/\/agenciausphot.com\/uze\/en\/wp-json\/wp\/v2\/comments?post=6929"}],"version-history":[{"count":1,"href":"https:\/\/agenciausphot.com\/uze\/en\/wp-json\/wp\/v2\/product\/6929\/revisions"}],"predecessor-version":[{"id":7002,"href":"https:\/\/agenciausphot.com\/uze\/en\/wp-json\/wp\/v2\/product\/6929\/revisions\/7002"}],"wp:featuredmedia":[{"embeddable":true,"href":"https:\/\/agenciausphot.com\/uze\/en\/wp-json\/wp\/v2\/media\/6928"}],"wp:attachment":[{"href":"https:\/\/agenciausphot.com\/uze\/en\/wp-json\/wp\/v2\/media?parent=6929"}],"wp:term":[{"taxonomy":"brand","embeddable":true,"href":"https:\/\/agenciausphot.com\/uze\/en\/wp-json\/wp\/v2\/etheme_brands?post=6929"},{"taxonomy":"product_brand","embeddable":true,"href":"https:\/\/agenciausphot.com\/uze\/en\/wp-json\/wp\/v2\/product_brand?post=6929"},{"taxonomy":"product_cat","embeddable":true,"href":"https:\/\/agenciausphot.com\/uze\/en\/wp-json\/wp\/v2\/product_cat?post=6929"},{"taxonomy":"product_tag","embeddable":true,"href":"https:\/\/agenciausphot.com\/uze\/en\/wp-json\/wp\/v2\/product_tag?post=6929"}],"curies":[{"name":"wp","href":"https:\/\/api.w.org\/{rel}","templated":true}]}}