{"id":6882,"date":"2025-11-14T19:23:25","date_gmt":"2025-11-14T19:23:25","guid":{"rendered":"https:\/\/agenciausphot.com\/uze\/produto\/colar-coracao-chatado-laminado\/"},"modified":"2025-11-18T14:07:32","modified_gmt":"2025-11-18T14:07:32","slug":"colar-coracao-chatado-laminado","status":"publish","type":"product","link":"https:\/\/agenciausphot.com\/uze\/en\/product\/colar-coracao-chatado-laminado\/","title":{"rendered":"Colar cora\u00e7\u00e3o chatado laminado"},"content":{"rendered":"<p data-start=\"45\" data-end=\"390\">Colar <strong data-start=\"51\" data-end=\"102\">cora\u00e7\u00e3o achatado laminado em Prata 925 leg\u00edtima<\/strong> \u2014 delicado, moderno e cheio de significado. O pingente em formato de cora\u00e7\u00e3o possui acabamento laminado que reflete a luz com intensidade e eleg\u00e2ncia, tornando a pe\u00e7a perfeita para uso di\u00e1rio ou para presentear algu\u00e9m especial. Um cl\u00e1ssico reinventado que combina com todos os estilos.<\/p>\n<p data-start=\"392\" data-end=\"418\"><strong data-start=\"392\" data-end=\"416\">Detalhes do produto:<\/strong><\/p>\n<ul data-start=\"419\" data-end=\"625\">\n<li data-start=\"419\" data-end=\"451\">\n<p data-start=\"421\" data-end=\"451\">Material: Prata 925 leg\u00edtima<\/p>\n<\/li>\n<li data-start=\"452\" data-end=\"491\">\n<p data-start=\"454\" data-end=\"491\">Pingente: Cora\u00e7\u00e3o achatado laminado<\/p>\n<\/li>\n<li data-start=\"492\" data-end=\"526\">\n<p data-start=\"494\" data-end=\"526\">Acabamento: Polido e espelhado<\/p>\n<\/li>\n<li data-start=\"527\" data-end=\"573\">\n<p data-start=\"529\" data-end=\"573\">Corrente: Veneziana (ou conforme o modelo)<\/p>\n<\/li>\n<li data-start=\"574\" data-end=\"604\">\n<p data-start=\"576\" data-end=\"604\">Comprimento: Padr\u00e3o adulto<\/p>\n<\/li>\n<li data-start=\"605\" data-end=\"625\">\n<p data-start=\"607\" data-end=\"625\">G\u00eanero: Feminino<\/p>\n<\/li>\n<\/ul>\n<p data-start=\"627\" data-end=\"697\"><strong data-start=\"627\" data-end=\"640\">Garantia:<\/strong><br data-start=\"640\" data-end=\"643\"><br \/>\nGarantia eterna quanto \u00e0 autenticidade da prata 925.<\/p>","protected":false},"excerpt":{"rendered":"<p>Colar cora\u00e7\u00e3o achatado laminado em Prata 925 leg\u00edtima \u2014 delicado, moderno e cheio de significado. O pingente em formato de cora\u00e7\u00e3o possui acabamento laminado que&#8230;<\/p>","protected":false},"featured_media":6881,"comment_status":"open","ping_status":"closed","template":"","meta":[],"etheme_brands":[],"product_brand":[],"product_cat":[106,93],"product_tag":[133],"class_list":{"0":"post-6882","1":"product","2":"type-product","3":"status-publish","4":"has-post-thumbnail","6":"product_cat-categoriacolarescolar-feminino","7":"product_cat-categoriacolares","8":"product_tag-uze-pratas","10":"first","11":"outofstock","12":"shipping-taxable","13":"product-type-variable"},"_links":{"self":[{"href":"https:\/\/agenciausphot.com\/uze\/en\/wp-json\/wp\/v2\/product\/6882","targetHints":{"allow":["GET"]}}],"collection":[{"href":"https:\/\/agenciausphot.com\/uze\/en\/wp-json\/wp\/v2\/product"}],"about":[{"href":"https:\/\/agenciausphot.com\/uze\/en\/wp-json\/wp\/v2\/types\/product"}],"replies":[{"embeddable":true,"href":"https:\/\/agenciausphot.com\/uze\/en\/wp-json\/wp\/v2\/comments?post=6882"}],"version-history":[{"count":0,"href":"https:\/\/agenciausphot.com\/uze\/en\/wp-json\/wp\/v2\/product\/6882\/revisions"}],"wp:featuredmedia":[{"embeddable":true,"href":"https:\/\/agenciausphot.com\/uze\/en\/wp-json\/wp\/v2\/media\/6881"}],"wp:attachment":[{"href":"https:\/\/agenciausphot.com\/uze\/en\/wp-json\/wp\/v2\/media?parent=6882"}],"wp:term":[{"taxonomy":"brand","embeddable":true,"href":"https:\/\/agenciausphot.com\/uze\/en\/wp-json\/wp\/v2\/etheme_brands?post=6882"},{"taxonomy":"product_brand","embeddable":true,"href":"https:\/\/agenciausphot.com\/uze\/en\/wp-json\/wp\/v2\/product_brand?post=6882"},{"taxonomy":"product_cat","embeddable":true,"href":"https:\/\/agenciausphot.com\/uze\/en\/wp-json\/wp\/v2\/product_cat?post=6882"},{"taxonomy":"product_tag","embeddable":true,"href":"https:\/\/agenciausphot.com\/uze\/en\/wp-json\/wp\/v2\/product_tag?post=6882"}],"curies":[{"name":"wp","href":"https:\/\/api.w.org\/{rel}","templated":true}]}}