{"id":6878,"date":"2025-11-14T19:23:21","date_gmt":"2025-11-14T19:23:21","guid":{"rendered":"https:\/\/agenciausphot.com\/uze\/produto\/brinco-rectangle-star-lavanda\/"},"modified":"2025-11-14T19:23:21","modified_gmt":"2025-11-14T19:23:21","slug":"brinco-rectangle-star-lavanda","status":"publish","type":"product","link":"https:\/\/agenciausphot.com\/uze\/en\/product\/brinco-rectangle-star-lavanda\/","title":{"rendered":"Brinco rectangle star lavanda"},"content":{"rendered":"<p data-start=\"45\" data-end=\"369\">Brinco <strong data-start=\"52\" data-end=\"100\">Rectangle Star Lavanda em Prata 925 leg\u00edtima<\/strong> \u2014 moderno, delicado e com um toque de cor encantador. O design retangular, combinado \u00e0 zirc\u00f4nia lavanda central e aos detalhes em microcrava\u00e7\u00e3o, traz brilho e eleg\u00e2ncia na medida certa. Uma pe\u00e7a vers\u00e1til que se destaca tanto em produ\u00e7\u00f5es casuais quanto sofisticadas.<\/p>\n<p data-start=\"371\" data-end=\"397\"><strong data-start=\"371\" data-end=\"395\">Detalhes do produto:<\/strong><\/p>\n<ul data-start=\"398\" data-end=\"614\">\n<li data-start=\"398\" data-end=\"430\">\n<p data-start=\"400\" data-end=\"430\">Material: Prata 925 leg\u00edtima<\/p>\n<\/li>\n<li data-start=\"431\" data-end=\"471\">\n<p data-start=\"433\" data-end=\"471\">Pedra: Zirc\u00f4nia lavanda (roxo-claro)<\/p>\n<\/li>\n<li data-start=\"472\" data-end=\"514\">\n<p data-start=\"474\" data-end=\"514\">Formato: Retangular com detalhe <em data-start=\"506\" data-end=\"512\">Star<\/em><\/p>\n<\/li>\n<li data-start=\"515\" data-end=\"549\">\n<p data-start=\"517\" data-end=\"549\">Acabamento: Cravejado e polido<\/p>\n<\/li>\n<li data-start=\"550\" data-end=\"593\">\n<p data-start=\"552\" data-end=\"593\">Fecho: Tarraxa tradicional antial\u00e9rgica<\/p>\n<\/li>\n<li data-start=\"594\" data-end=\"614\">\n<p data-start=\"596\" data-end=\"614\">G\u00eanero: Feminino<\/p>\n<\/li>\n<\/ul>\n<p data-start=\"616\" data-end=\"686\"><strong data-start=\"616\" data-end=\"629\">Garantia:<\/strong><br data-start=\"629\" data-end=\"632\"><br \/>\nGarantia eterna quanto \u00e0 autenticidade da prata 925.<\/p>","protected":false},"excerpt":{"rendered":"<p>Brinco Rectangle Star Lavanda em Prata 925 leg\u00edtima \u2014 moderno, delicado e com um toque de cor encantador. O design retangular, combinado \u00e0 zirc\u00f4nia lavanda&#8230;<\/p>","protected":false},"featured_media":6877,"comment_status":"open","ping_status":"closed","template":"","meta":[],"etheme_brands":[],"product_brand":[],"product_cat":[117,97],"product_tag":[133],"class_list":{"0":"post-6878","1":"product","2":"type-product","3":"status-publish","4":"has-post-thumbnail","6":"product_cat-categoriabrincosbrinco-feminino","7":"product_cat-categoriabrincos","8":"product_tag-uze-pratas","10":"first","11":"outofstock","12":"shipping-taxable","13":"purchasable","14":"product-type-simple"},"_links":{"self":[{"href":"https:\/\/agenciausphot.com\/uze\/en\/wp-json\/wp\/v2\/product\/6878","targetHints":{"allow":["GET"]}}],"collection":[{"href":"https:\/\/agenciausphot.com\/uze\/en\/wp-json\/wp\/v2\/product"}],"about":[{"href":"https:\/\/agenciausphot.com\/uze\/en\/wp-json\/wp\/v2\/types\/product"}],"replies":[{"embeddable":true,"href":"https:\/\/agenciausphot.com\/uze\/en\/wp-json\/wp\/v2\/comments?post=6878"}],"version-history":[{"count":0,"href":"https:\/\/agenciausphot.com\/uze\/en\/wp-json\/wp\/v2\/product\/6878\/revisions"}],"wp:featuredmedia":[{"embeddable":true,"href":"https:\/\/agenciausphot.com\/uze\/en\/wp-json\/wp\/v2\/media\/6877"}],"wp:attachment":[{"href":"https:\/\/agenciausphot.com\/uze\/en\/wp-json\/wp\/v2\/media?parent=6878"}],"wp:term":[{"taxonomy":"brand","embeddable":true,"href":"https:\/\/agenciausphot.com\/uze\/en\/wp-json\/wp\/v2\/etheme_brands?post=6878"},{"taxonomy":"product_brand","embeddable":true,"href":"https:\/\/agenciausphot.com\/uze\/en\/wp-json\/wp\/v2\/product_brand?post=6878"},{"taxonomy":"product_cat","embeddable":true,"href":"https:\/\/agenciausphot.com\/uze\/en\/wp-json\/wp\/v2\/product_cat?post=6878"},{"taxonomy":"product_tag","embeddable":true,"href":"https:\/\/agenciausphot.com\/uze\/en\/wp-json\/wp\/v2\/product_tag?post=6878"}],"curies":[{"name":"wp","href":"https:\/\/api.w.org\/{rel}","templated":true}]}}