{"id":6876,"date":"2025-11-14T19:23:19","date_gmt":"2025-11-14T19:23:19","guid":{"rendered":"https:\/\/agenciausphot.com\/uze\/produto\/colar-de-prata-choker-shine-branco-5-coracoes-cristal-banho-de-rodio\/"},"modified":"2025-11-14T19:24:10","modified_gmt":"2025-11-14T19:24:10","slug":"colar-de-prata-choker-shine-branco-5-coracoes-cristal-banho-de-rodio","status":"publish","type":"product","link":"https:\/\/agenciausphot.com\/uze\/en\/product\/colar-de-prata-choker-shine-branco-5-coracoes-cristal-banho-de-rodio\/","title":{"rendered":"Colar de prata choker shine branco 5 cora\u00e7\u00f5es cristal + banho de r\u00f3dio"},"content":{"rendered":"<p style=\"line-height: 1.4286em;font-family: Muli, sans-serif;font-size: 12px;text-align: justify\"><strong>Colar de Prata Choker 5 Cora\u00e7\u00f5es<\/strong><\/p>\n<p style=\"line-height: 1.4286em;font-family: Muli, sans-serif;font-size: 12px;text-align: justify\">Delicada, rom\u00e2ntica e cheia de brilho: a Colar de Prata Choker 5 Cora\u00e7\u00f5es Cristal \u00e9 aquela pe\u00e7a que transforma qualquer look.<\/p>\n<p style=\"line-height: 1.4286em;font-family: Muli, sans-serif;font-size: 12px;text-align: justify\">Feita em prata 925 leg\u00edtima, com banho de r\u00f3dio para mais brilho e prote\u00e7\u00e3o, ela \u00e9 cravejada com zirc\u00f4nias rosa que garantem um toque moderno e feminino na medida certa.&nbsp;<\/p>\n<p style=\"line-height: 1.4286em;font-family: Muli, sans-serif;font-size: 12px;text-align: justify\">Composta por pequenos cora\u00e7\u00f5es de 1cm, todos delicadamente cravejados, a pe\u00e7a tem 45cm de comprimento (40cm + 5cm de extensor), oferecendo um caimento leve e confort\u00e1vel, perfeito para destacar o colo com estilo. Ideal para quem ama acess\u00f3rios com personalidade e um toque de cor, essa choker combina com produ\u00e7\u00f5es casuais ou mais sofisticadas, do dia a dia \u00e0quela ocasi\u00e3o especial.<\/p>\n<p style=\"line-height: 1.4286em;font-family: Muli, sans-serif;font-size: 12px;text-align: justify\"><strong>Especifica\u00e7\u00f5es:<\/strong><\/p>\n<ul style=\"padding-left: 20px;font-family: Muli, sans-serif;font-size: 12px\">\n<li style=\"margin-bottom: 10px;line-height: 22px;text-align: justify\">Material: Prata 925 com banho de R\u00f3dio<\/li>\n<li style=\"margin-bottom: 10px;line-height: 22px;text-align: justify\">Corrente com 40cm;&nbsp;<a title=\"Guia de Medida para Colares\" href=\"https:\/\/www.doiskpratas.com.br\/guia-de-medidas\/\" target=\"_blank\" rel=\"noopener\">Guia de Medida para Colares<\/a><\/li>\n<li style=\"margin-bottom: 10px;line-height: 22px;text-align: justify\">Possui extensor de 5cm, podendo a corrente chegar at\u00e9 45cm;<\/li>\n<li style=\"margin-bottom: 10px;line-height: 22px;text-align: justify\">Para n\u00e3o encurtar o tempo de vida \u00fatil do acess\u00f3rio, recomendamos a limpeza periodicamente;<\/li>\n<li style=\"margin-bottom: 10px;line-height: 22px;text-align: justify\">Fecho modelo boia, \u00e9 redondo como uma boia infl\u00e1vel e possui uma mola que se aciona ao pressionar o gatilho para liberar a trava.<\/li>\n<\/ul>\n<p style=\"line-height: 1.4286em;font-family: Muli, sans-serif;font-size: 12px;text-align: justify\"><strong>O que \u00e9 Banho de R\u00f3dio?&nbsp;<\/strong>O banho de r\u00f3dio \u00e9 um processo de acabamento usado em joias de prata, ouro branco ou metais nobres para aumentar sua durabilidade, brilho e sofistica\u00e7\u00e3o. O r\u00f3dio \u00e9 um metal raro e precioso da fam\u00edlia da platina, altamente valorizado por sua cor branca intensa, brilho espelhado e resist\u00eancia \u00e0 oxida\u00e7\u00e3o. Durante o banho, a pe\u00e7a \u00e9 mergulhada em uma solu\u00e7\u00e3o com r\u00f3dio e passa por um processo de eletrodeposi\u00e7\u00e3o, que fixa uma fina camada do metal sobre a superf\u00edcie da joia.<\/p>\n<p style=\"line-height: 1.4286em;font-family: Muli, sans-serif;font-size: 12px\"><strong>Benef\u00edcios do Banho de R\u00f3dio<\/strong><\/p>\n<ul style=\"padding-left: 20px;font-family: Muli, sans-serif;font-size: 12px\">\n<li style=\"margin-bottom: 10px;line-height: 22px;text-align: justify\"><strong>Brilho intenso e sofisticado:&nbsp;<\/strong>O r\u00f3dio proporciona um acabamento mais brilhante e elegante do que a prata polida ou o ouro branco natural.<\/li>\n<\/ul>\n<ul style=\"padding-left: 20px;font-family: Muli, sans-serif;font-size: 12px\">\n<li style=\"margin-bottom: 10px;line-height: 22px;text-align: justify\"><strong>Prote\u00e7\u00e3o contra escurecimento e oxida\u00e7\u00e3o:&nbsp;<\/strong>Ideal para pe\u00e7as de prata 925, o banho impede que a joia oxide e escure\u00e7a com o tempo e o uso.<\/li>\n<\/ul>\n<ul style=\"padding-left: 20px;font-family: Muli, sans-serif;font-size: 12px\">\n<li style=\"margin-bottom: 10px;line-height: 22px;text-align: justify\"><strong>Maior durabilidade e resist\u00eancia:<\/strong>Cria uma camada protetora que reduz riscos e desgastes, mantendo a pe\u00e7a bonita por mais tempo.<\/li>\n<\/ul>\n<ul style=\"padding-left: 20px;font-family: Muli, sans-serif;font-size: 12px\">\n<li style=\"margin-bottom: 10px;line-height: 22px;text-align: justify\"><strong>Hipoalerg\u00eanico:&nbsp;<\/strong>Por ser um metal puro e livre de n\u00edquel, o r\u00f3dio \u00e9 seguro para pessoas com pele sens\u00edvel ou alergia a metais.<\/li>\n<\/ul>","protected":false},"excerpt":{"rendered":"<p>Colar de Prata Choker 5 Cora\u00e7\u00f5es Delicada, rom\u00e2ntica e cheia de brilho: a Colar de Prata Choker 5 Cora\u00e7\u00f5es Cristal \u00e9 aquela pe\u00e7a que transforma&#8230;<\/p>","protected":false},"featured_media":6874,"comment_status":"open","ping_status":"closed","template":"","meta":[],"etheme_brands":[],"product_brand":[],"product_cat":[109,93],"product_tag":[133],"class_list":{"0":"post-6876","1":"product","2":"type-product","3":"status-publish","4":"has-post-thumbnail","6":"product_cat-categoriaconjuntosconjunto-feminino","7":"product_cat-categoriacolares","8":"product_tag-uze-pratas","10":"first","11":"outofstock","12":"shipping-taxable","13":"product-type-variable"},"_links":{"self":[{"href":"https:\/\/agenciausphot.com\/uze\/en\/wp-json\/wp\/v2\/product\/6876","targetHints":{"allow":["GET"]}}],"collection":[{"href":"https:\/\/agenciausphot.com\/uze\/en\/wp-json\/wp\/v2\/product"}],"about":[{"href":"https:\/\/agenciausphot.com\/uze\/en\/wp-json\/wp\/v2\/types\/product"}],"replies":[{"embeddable":true,"href":"https:\/\/agenciausphot.com\/uze\/en\/wp-json\/wp\/v2\/comments?post=6876"}],"version-history":[{"count":0,"href":"https:\/\/agenciausphot.com\/uze\/en\/wp-json\/wp\/v2\/product\/6876\/revisions"}],"wp:featuredmedia":[{"embeddable":true,"href":"https:\/\/agenciausphot.com\/uze\/en\/wp-json\/wp\/v2\/media\/6874"}],"wp:attachment":[{"href":"https:\/\/agenciausphot.com\/uze\/en\/wp-json\/wp\/v2\/media?parent=6876"}],"wp:term":[{"taxonomy":"brand","embeddable":true,"href":"https:\/\/agenciausphot.com\/uze\/en\/wp-json\/wp\/v2\/etheme_brands?post=6876"},{"taxonomy":"product_brand","embeddable":true,"href":"https:\/\/agenciausphot.com\/uze\/en\/wp-json\/wp\/v2\/product_brand?post=6876"},{"taxonomy":"product_cat","embeddable":true,"href":"https:\/\/agenciausphot.com\/uze\/en\/wp-json\/wp\/v2\/product_cat?post=6876"},{"taxonomy":"product_tag","embeddable":true,"href":"https:\/\/agenciausphot.com\/uze\/en\/wp-json\/wp\/v2\/product_tag?post=6876"}],"curies":[{"name":"wp","href":"https:\/\/api.w.org\/{rel}","templated":true}]}}