{"id":6871,"date":"2025-11-14T19:23:14","date_gmt":"2025-11-14T19:23:14","guid":{"rendered":"https:\/\/agenciausphot.com\/uze\/produto\/anel-duplo-ponto-de-luz\/"},"modified":"2025-12-22T16:27:33","modified_gmt":"2025-12-22T16:27:33","slug":"anel-duplo-ponto-de-luz","status":"publish","type":"product","link":"https:\/\/agenciausphot.com\/uze\/en\/product\/anel-duplo-ponto-de-luz\/","title":{"rendered":"Anel duplo ponto de luz"},"content":{"rendered":"<p data-start=\"45\" data-end=\"369\">Anel <strong data-start=\"50\" data-end=\"94\">duplo ponto de luz em Prata 925 leg\u00edtima<\/strong> \u2014 moderno, delicado e cheio de brilho. Seu design apresenta duas zirc\u00f4nias lapidadas que criam um efeito elegante e equilibrado, ideal para quem busca uma joia sofisticada e vers\u00e1til. Pode ser usado sozinho ou combinado com outros an\u00e9is para compor um mix cheio de estilo.<\/p>\n<p data-start=\"371\" data-end=\"397\"><strong data-start=\"371\" data-end=\"395\">Detalhes do produto:<\/strong><\/p>\n<ul data-start=\"398\" data-end=\"546\">\n<li data-start=\"398\" data-end=\"430\">\n<p data-start=\"400\" data-end=\"430\">Material: Prata 925 leg\u00edtima<\/p>\n<\/li>\n<li data-start=\"431\" data-end=\"461\">\n<p data-start=\"433\" data-end=\"461\">Modelo: Duplo ponto de luz<\/p>\n<\/li>\n<li data-start=\"462\" data-end=\"490\">\n<p data-start=\"464\" data-end=\"490\">Pedra: Zirc\u00f4nias brancas<\/p>\n<\/li>\n<li data-start=\"491\" data-end=\"525\">\n<p data-start=\"493\" data-end=\"525\">Acabamento: Polido e brilhante<\/p>\n<\/li>\n<li data-start=\"526\" data-end=\"546\">\n<p data-start=\"528\" data-end=\"546\">G\u00eanero: Feminino<\/p>\n<\/li>\n<\/ul>\n<p data-start=\"548\" data-end=\"618\"><strong data-start=\"548\" data-end=\"561\">Garantia:<\/strong><br data-start=\"561\" data-end=\"564\"><br \/>\nGarantia eterna quanto \u00e0 autenticidade da prata 925.<\/p>","protected":false},"excerpt":{"rendered":"<p>Anel duplo ponto de luz em Prata 925 leg\u00edtima \u2014 moderno, delicado e cheio de brilho. Seu design apresenta duas zirc\u00f4nias lapidadas que criam um&#8230;<\/p>","protected":false},"featured_media":6868,"comment_status":"open","ping_status":"closed","template":"","meta":[],"etheme_brands":[],"product_brand":[],"product_cat":[103,92],"product_tag":[133],"class_list":{"0":"post-6871","1":"product","2":"type-product","3":"status-publish","4":"has-post-thumbnail","6":"product_cat-categoriaanisanel-feminino","7":"product_cat-categoriaanis","8":"product_tag-uze-pratas","10":"first","11":"instock","12":"shipping-taxable","13":"purchasable","14":"product-type-variable"},"_links":{"self":[{"href":"https:\/\/agenciausphot.com\/uze\/en\/wp-json\/wp\/v2\/product\/6871","targetHints":{"allow":["GET"]}}],"collection":[{"href":"https:\/\/agenciausphot.com\/uze\/en\/wp-json\/wp\/v2\/product"}],"about":[{"href":"https:\/\/agenciausphot.com\/uze\/en\/wp-json\/wp\/v2\/types\/product"}],"replies":[{"embeddable":true,"href":"https:\/\/agenciausphot.com\/uze\/en\/wp-json\/wp\/v2\/comments?post=6871"}],"version-history":[{"count":1,"href":"https:\/\/agenciausphot.com\/uze\/en\/wp-json\/wp\/v2\/product\/6871\/revisions"}],"predecessor-version":[{"id":7077,"href":"https:\/\/agenciausphot.com\/uze\/en\/wp-json\/wp\/v2\/product\/6871\/revisions\/7077"}],"wp:featuredmedia":[{"embeddable":true,"href":"https:\/\/agenciausphot.com\/uze\/en\/wp-json\/wp\/v2\/media\/6868"}],"wp:attachment":[{"href":"https:\/\/agenciausphot.com\/uze\/en\/wp-json\/wp\/v2\/media?parent=6871"}],"wp:term":[{"taxonomy":"brand","embeddable":true,"href":"https:\/\/agenciausphot.com\/uze\/en\/wp-json\/wp\/v2\/etheme_brands?post=6871"},{"taxonomy":"product_brand","embeddable":true,"href":"https:\/\/agenciausphot.com\/uze\/en\/wp-json\/wp\/v2\/product_brand?post=6871"},{"taxonomy":"product_cat","embeddable":true,"href":"https:\/\/agenciausphot.com\/uze\/en\/wp-json\/wp\/v2\/product_cat?post=6871"},{"taxonomy":"product_tag","embeddable":true,"href":"https:\/\/agenciausphot.com\/uze\/en\/wp-json\/wp\/v2\/product_tag?post=6871"}],"curies":[{"name":"wp","href":"https:\/\/api.w.org\/{rel}","templated":true}]}}