{"id":6839,"date":"2025-11-14T19:22:41","date_gmt":"2025-11-14T19:22:41","guid":{"rendered":"https:\/\/agenciausphot.com\/uze\/produto\/brinco-prata-borboletinha-com-resina-rosa-tarraxa-baby\/"},"modified":"2025-12-22T16:26:22","modified_gmt":"2025-12-22T16:26:22","slug":"brinco-prata-borboletinha-com-resina-rosa-tarraxa-baby","status":"publish","type":"product","link":"https:\/\/agenciausphot.com\/uze\/en\/product\/brinco-prata-borboletinha-com-resina-rosa-tarraxa-baby\/","title":{"rendered":"Brinco prata borboletinha com resina rosa tarraxa baby"},"content":{"rendered":"<p data-start=\"0\" data-end=\"278\">Brinco em <strong data-start=\"39\" data-end=\"61\">Prata 925 leg\u00edtima<\/strong> no formato de <strong data-start=\"76\" data-end=\"92\">borboletinha<\/strong>, com delicada aplica\u00e7\u00e3o de <strong data-start=\"120\" data-end=\"135\">resina rosa<\/strong> que traz um toque de cor e do\u00e7ura \u00e0 pe\u00e7a. Possui <strong data-start=\"185\" data-end=\"201\">tarraxa baby<\/strong>, ideal para garantir mais conforto e seguran\u00e7a no uso di\u00e1rio das pequenas.<\/p>\n<p data-start=\"280\" data-end=\"298\"><strong data-start=\"283\" data-end=\"296\">Detalhes:<\/strong><\/p>\n<ul data-start=\"299\" data-end=\"442\">\n<li data-start=\"299\" data-end=\"331\">\n<p data-start=\"301\" data-end=\"331\">Material: Prata 925 leg\u00edtima<\/p>\n<\/li>\n<li data-start=\"332\" data-end=\"369\">\n<p data-start=\"334\" data-end=\"369\">Acabamento: Resina rosa brilhante<\/p>\n<\/li>\n<li data-start=\"370\" data-end=\"406\">\n<p data-start=\"372\" data-end=\"406\">Fecho: Tarraxa baby antial\u00e9rgica<\/p>\n<\/li>\n<li data-start=\"407\" data-end=\"442\">\n<p data-start=\"409\" data-end=\"442\">Indicado para: Beb\u00eas e crian\u00e7as<\/p>\n<\/li>\n<\/ul>\n<p data-start=\"444\" data-end=\"517\"><strong data-start=\"447\" data-end=\"460\">Garantia:<\/strong><br data-start=\"460\" data-end=\"463\"><br \/>\nGarantia eterna quanto \u00e0 autenticidade da prata 925.<\/p>","protected":false},"excerpt":{"rendered":"<p>Brinco em Prata 925 leg\u00edtima no formato de borboletinha, com delicada aplica\u00e7\u00e3o de resina rosa que traz um toque de cor e do\u00e7ura \u00e0 pe\u00e7a&#8230;.<\/p>","protected":false},"featured_media":6838,"comment_status":"open","ping_status":"closed","template":"","meta":[],"etheme_brands":[],"product_brand":[],"product_cat":[117,97],"product_tag":[133],"class_list":{"0":"post-6839","1":"product","2":"type-product","3":"status-publish","4":"has-post-thumbnail","6":"product_cat-categoriabrincosbrinco-feminino","7":"product_cat-categoriabrincos","8":"product_tag-uze-pratas","10":"first","11":"outofstock","12":"shipping-taxable","13":"purchasable","14":"product-type-simple"},"_links":{"self":[{"href":"https:\/\/agenciausphot.com\/uze\/en\/wp-json\/wp\/v2\/product\/6839","targetHints":{"allow":["GET"]}}],"collection":[{"href":"https:\/\/agenciausphot.com\/uze\/en\/wp-json\/wp\/v2\/product"}],"about":[{"href":"https:\/\/agenciausphot.com\/uze\/en\/wp-json\/wp\/v2\/types\/product"}],"replies":[{"embeddable":true,"href":"https:\/\/agenciausphot.com\/uze\/en\/wp-json\/wp\/v2\/comments?post=6839"}],"version-history":[{"count":1,"href":"https:\/\/agenciausphot.com\/uze\/en\/wp-json\/wp\/v2\/product\/6839\/revisions"}],"predecessor-version":[{"id":6909,"href":"https:\/\/agenciausphot.com\/uze\/en\/wp-json\/wp\/v2\/product\/6839\/revisions\/6909"}],"wp:featuredmedia":[{"embeddable":true,"href":"https:\/\/agenciausphot.com\/uze\/en\/wp-json\/wp\/v2\/media\/6838"}],"wp:attachment":[{"href":"https:\/\/agenciausphot.com\/uze\/en\/wp-json\/wp\/v2\/media?parent=6839"}],"wp:term":[{"taxonomy":"brand","embeddable":true,"href":"https:\/\/agenciausphot.com\/uze\/en\/wp-json\/wp\/v2\/etheme_brands?post=6839"},{"taxonomy":"product_brand","embeddable":true,"href":"https:\/\/agenciausphot.com\/uze\/en\/wp-json\/wp\/v2\/product_brand?post=6839"},{"taxonomy":"product_cat","embeddable":true,"href":"https:\/\/agenciausphot.com\/uze\/en\/wp-json\/wp\/v2\/product_cat?post=6839"},{"taxonomy":"product_tag","embeddable":true,"href":"https:\/\/agenciausphot.com\/uze\/en\/wp-json\/wp\/v2\/product_tag?post=6839"}],"curies":[{"name":"wp","href":"https:\/\/api.w.org\/{rel}","templated":true}]}}