{"id":6824,"date":"2025-11-14T19:22:25","date_gmt":"2025-11-14T19:22:25","guid":{"rendered":"https:\/\/agenciausphot.com\/uze\/produto\/anel-pedra-cristal\/"},"modified":"2025-12-15T13:21:12","modified_gmt":"2025-12-15T13:21:12","slug":"anel-pedra-cristal","status":"publish","type":"product","link":"https:\/\/agenciausphot.com\/uze\/en\/product\/anel-pedra-cristal\/","title":{"rendered":"Anel pedra cristal"},"content":{"rendered":"<p data-start=\"89\" data-end=\"455\">\ud83d\udc8d <strong data-start=\"92\" data-end=\"127\">Anel Pedra Cristal em Prata 925<\/strong><br data-start=\"127\" data-end=\"130\"><br \/>\nElegante e atemporal, o anel com pedra cristal \u00e9 uma joia que transmite leveza e sofistica\u00e7\u00e3o. Produzido em <strong data-start=\"238\" data-end=\"260\">prata 925 leg\u00edtima<\/strong>, possui um brilho natural que valoriza qualquer look, do dia a dia \u00e0s ocasi\u00f5es especiais. A pedra cristal simboliza <strong data-start=\"377\" data-end=\"415\">pureza, equil\u00edbrio e boas energias<\/strong>, tornando a pe\u00e7a ainda mais especial.<\/p>\n<p data-start=\"457\" data-end=\"475\">\ud83d\udc8e <strong data-start=\"460\" data-end=\"473\">Detalhes:<\/strong><\/p>\n<ul data-start=\"476\" data-end=\"607\">\n<li data-start=\"476\" data-end=\"508\">\n<p data-start=\"478\" data-end=\"508\">Material: Prata 925 leg\u00edtima<\/p>\n<\/li>\n<li data-start=\"509\" data-end=\"540\">\n<p data-start=\"511\" data-end=\"540\">Pedra: Cristal transparente<\/p>\n<\/li>\n<li data-start=\"541\" data-end=\"575\">\n<p data-start=\"543\" data-end=\"575\">Acabamento: Polido e brilhante<\/p>\n<\/li>\n<li data-start=\"576\" data-end=\"607\">\n<p data-start=\"578\" data-end=\"607\">Estilo: Cl\u00e1ssico e vers\u00e1til<\/p>\n<\/li>\n<\/ul>","protected":false},"excerpt":{"rendered":"<p>\ud83d\udc8d Anel Pedra Cristal em Prata 925 Elegante e atemporal, o anel com pedra cristal \u00e9 uma joia que transmite leveza e sofistica\u00e7\u00e3o. Produzido em&#8230;<\/p>","protected":false},"featured_media":6822,"comment_status":"open","ping_status":"closed","template":"","meta":[],"etheme_brands":[],"product_brand":[],"product_cat":[103,92],"product_tag":[133],"class_list":{"0":"post-6824","1":"product","2":"type-product","3":"status-publish","4":"has-post-thumbnail","6":"product_cat-categoriaanisanel-feminino","7":"product_cat-categoriaanis","8":"product_tag-uze-pratas","10":"first","11":"instock","12":"shipping-taxable","13":"purchasable","14":"product-type-simple"},"_links":{"self":[{"href":"https:\/\/agenciausphot.com\/uze\/en\/wp-json\/wp\/v2\/product\/6824","targetHints":{"allow":["GET"]}}],"collection":[{"href":"https:\/\/agenciausphot.com\/uze\/en\/wp-json\/wp\/v2\/product"}],"about":[{"href":"https:\/\/agenciausphot.com\/uze\/en\/wp-json\/wp\/v2\/types\/product"}],"replies":[{"embeddable":true,"href":"https:\/\/agenciausphot.com\/uze\/en\/wp-json\/wp\/v2\/comments?post=6824"}],"version-history":[{"count":1,"href":"https:\/\/agenciausphot.com\/uze\/en\/wp-json\/wp\/v2\/product\/6824\/revisions"}],"predecessor-version":[{"id":6903,"href":"https:\/\/agenciausphot.com\/uze\/en\/wp-json\/wp\/v2\/product\/6824\/revisions\/6903"}],"wp:featuredmedia":[{"embeddable":true,"href":"https:\/\/agenciausphot.com\/uze\/en\/wp-json\/wp\/v2\/media\/6822"}],"wp:attachment":[{"href":"https:\/\/agenciausphot.com\/uze\/en\/wp-json\/wp\/v2\/media?parent=6824"}],"wp:term":[{"taxonomy":"brand","embeddable":true,"href":"https:\/\/agenciausphot.com\/uze\/en\/wp-json\/wp\/v2\/etheme_brands?post=6824"},{"taxonomy":"product_brand","embeddable":true,"href":"https:\/\/agenciausphot.com\/uze\/en\/wp-json\/wp\/v2\/product_brand?post=6824"},{"taxonomy":"product_cat","embeddable":true,"href":"https:\/\/agenciausphot.com\/uze\/en\/wp-json\/wp\/v2\/product_cat?post=6824"},{"taxonomy":"product_tag","embeddable":true,"href":"https:\/\/agenciausphot.com\/uze\/en\/wp-json\/wp\/v2\/product_tag?post=6824"}],"curies":[{"name":"wp","href":"https:\/\/api.w.org\/{rel}","templated":true}]}}