{"id":6815,"date":"2025-11-14T19:22:15","date_gmt":"2025-11-14T19:22:15","guid":{"rendered":"https:\/\/agenciausphot.com\/uze\/produto\/brinco-retangular-cravejado-com-zirconias\/"},"modified":"2025-12-04T18:42:21","modified_gmt":"2025-12-04T18:42:21","slug":"brinco-retangular-cravejado-com-zirconias","status":"publish","type":"product","link":"https:\/\/agenciausphot.com\/uze\/en\/product\/brinco-retangular-cravejado-com-zirconias\/","title":{"rendered":"Brinco retangular cravejado com zirc\u00f4nias"},"content":{"rendered":"<p data-start=\"0\" data-end=\"293\">Brinco em <strong data-start=\"27\" data-end=\"40\">Prata 925<\/strong> com formato <strong data-start=\"53\" data-end=\"91\">retangular cravejado com zirc\u00f4nias<\/strong>, que refletem um brilho intenso e sofisticado. O design elegante e atemporal torna a pe\u00e7a perfeita para compor desde produ\u00e7\u00f5es cl\u00e1ssicas at\u00e9 looks modernos, adicionando um toque de luxo e delicadeza.<\/p>\n<p data-start=\"295\" data-end=\"414\" data-is-last-node=\"\" data-is-only-node=\"\"><strong data-start=\"295\" data-end=\"308\">Garantia:<\/strong><br data-start=\"308\" data-end=\"311\"><br \/>\nPe\u00e7a com <strong data-start=\"320\" data-end=\"352\">garantia eterna na prata 925<\/strong>, assegurando autenticidade, durabilidade e brilho permanente.<\/p>","protected":false},"excerpt":{"rendered":"<p>Brinco em Prata 925 com formato retangular cravejado com zirc\u00f4nias, que refletem um brilho intenso e sofisticado. O design elegante e atemporal torna a pe\u00e7a&#8230;<\/p>","protected":false},"featured_media":6814,"comment_status":"open","ping_status":"closed","template":"","meta":[],"etheme_brands":[],"product_brand":[],"product_cat":[117,97],"product_tag":[133],"class_list":{"0":"post-6815","1":"product","2":"type-product","3":"status-publish","4":"has-post-thumbnail","6":"product_cat-categoriabrincosbrinco-feminino","7":"product_cat-categoriabrincos","8":"product_tag-uze-pratas","10":"first","11":"instock","12":"shipping-taxable","13":"purchasable","14":"product-type-simple"},"_links":{"self":[{"href":"https:\/\/agenciausphot.com\/uze\/en\/wp-json\/wp\/v2\/product\/6815","targetHints":{"allow":["GET"]}}],"collection":[{"href":"https:\/\/agenciausphot.com\/uze\/en\/wp-json\/wp\/v2\/product"}],"about":[{"href":"https:\/\/agenciausphot.com\/uze\/en\/wp-json\/wp\/v2\/types\/product"}],"replies":[{"embeddable":true,"href":"https:\/\/agenciausphot.com\/uze\/en\/wp-json\/wp\/v2\/comments?post=6815"}],"version-history":[{"count":1,"href":"https:\/\/agenciausphot.com\/uze\/en\/wp-json\/wp\/v2\/product\/6815\/revisions"}],"predecessor-version":[{"id":6901,"href":"https:\/\/agenciausphot.com\/uze\/en\/wp-json\/wp\/v2\/product\/6815\/revisions\/6901"}],"wp:featuredmedia":[{"embeddable":true,"href":"https:\/\/agenciausphot.com\/uze\/en\/wp-json\/wp\/v2\/media\/6814"}],"wp:attachment":[{"href":"https:\/\/agenciausphot.com\/uze\/en\/wp-json\/wp\/v2\/media?parent=6815"}],"wp:term":[{"taxonomy":"brand","embeddable":true,"href":"https:\/\/agenciausphot.com\/uze\/en\/wp-json\/wp\/v2\/etheme_brands?post=6815"},{"taxonomy":"product_brand","embeddable":true,"href":"https:\/\/agenciausphot.com\/uze\/en\/wp-json\/wp\/v2\/product_brand?post=6815"},{"taxonomy":"product_cat","embeddable":true,"href":"https:\/\/agenciausphot.com\/uze\/en\/wp-json\/wp\/v2\/product_cat?post=6815"},{"taxonomy":"product_tag","embeddable":true,"href":"https:\/\/agenciausphot.com\/uze\/en\/wp-json\/wp\/v2\/product_tag?post=6815"}],"curies":[{"name":"wp","href":"https:\/\/api.w.org\/{rel}","templated":true}]}}