{"id":6813,"date":"2025-11-14T19:22:14","date_gmt":"2025-11-14T19:22:14","guid":{"rendered":"https:\/\/agenciausphot.com\/uze\/produto\/bracelete-em-prata-torcido-volta-toda\/"},"modified":"2025-11-18T14:06:54","modified_gmt":"2025-11-18T14:06:54","slug":"bracelete-em-prata-torcido-volta-toda","status":"publish","type":"product","link":"https:\/\/agenciausphot.com\/uze\/en\/product\/bracelete-em-prata-torcido-volta-toda\/","title":{"rendered":"Bracelete em prata torcido volta toda"},"content":{"rendered":"<article class=\"text-token-text-primary w-full focus:outline-none [--shadow-height:45px] has-data-writing-block:pointer-events-none has-data-writing-block:-mt-(--shadow-height) has-data-writing-block:pt-(--shadow-height) [&amp;:has([data-writing-block])&gt;*]:pointer-events-auto [content-visibility:auto] supports-[content-visibility:auto]:[contain-intrinsic-size:auto_100lvh] scroll-mt-[calc(var(--header-height)+min(200px,max(70px,20svh)))]\" dir=\"auto\" data-turn-id=\"request-WEB:df64f04a-9711-4063-bebf-0d3dc9184ef9-4\" data-testid=\"conversation-turn-10\" data-scroll-anchor=\"true\" data-turn=\"assistant\">\n<div class=\"text-base my-auto mx-auto pb-10 [--thread-content-margin:--spacing(4)] thread-sm:[--thread-content-margin:--spacing(6)] thread-lg:[--thread-content-margin:--spacing(16)] px-(--thread-content-margin)\">\n<div class=\"[--thread-content-max-width:40rem] thread-lg:[--thread-content-max-width:48rem] mx-auto max-w-(--thread-content-max-width) flex-1 group\/turn-messages focus-visible:outline-hidden relative flex w-full min-w-0 flex-col agent-turn\">\n<div class=\"flex max-w-full flex-col grow\">\n<div data-message-author-role=\"assistant\" data-message-id=\"c7f75df7-1787-446a-9ce8-af9c448af865\" dir=\"auto\" class=\"min-h-8 text-message relative flex w-full flex-col items-end gap-2 text-start break-words whitespace-normal [.text-message+&amp;]:mt-1\" data-message-model-slug=\"gpt-5\">\n<div class=\"flex w-full flex-col gap-1 empty:hidden first:pt-[1px]\">\n<div class=\"markdown prose dark:prose-invert w-full break-words light markdown-new-styling\">\n<p data-start=\"0\" data-end=\"315\">Bracelete em <strong data-start=\"30\" data-end=\"43\">Prata 925<\/strong> com design <strong data-start=\"55\" data-end=\"86\">torcido em toda a sua volta<\/strong>, unindo modernidade e eleg\u00e2ncia em uma \u00fanica pe\u00e7a. O acabamento polido real\u00e7a o brilho da prata, enquanto o formato anat\u00f4mico garante conforto e estilo para o uso di\u00e1rio. Um acess\u00f3rio vers\u00e1til que combina com qualquer ocasi\u00e3o.<\/p>\n<p data-start=\"317\" data-end=\"433\" data-is-last-node=\"\" data-is-only-node=\"\"><strong data-start=\"317\" data-end=\"330\">Garantia:<\/strong><br data-start=\"330\" data-end=\"333\"><br \/>\nPe\u00e7a com <strong data-start=\"342\" data-end=\"374\">garantia eterna na prata 925<\/strong>, garantindo autenticidade, resist\u00eancia e brilho duradouro.<\/p>\n<\/div>\n<\/div>\n<\/div>\n<\/div>\n<div class=\"z-0 flex min-h-[46px] justify-start\"><\/div>\n<div class=\"mt-3 w-full empty:hidden\">\n<div class=\"text-center\"><\/div>\n<\/div>\n<\/div>\n<\/div>\n<\/article>\n<div aria-hidden=\"true\" data-edge=\"true\" class=\"pointer-events-none h-px w-px\"><\/div>","protected":false},"excerpt":{"rendered":"<p>Bracelete em Prata 925 com design torcido em toda a sua volta, unindo modernidade e eleg\u00e2ncia em uma \u00fanica pe\u00e7a. O acabamento polido real\u00e7a o&#8230;<\/p>","protected":false},"featured_media":6812,"comment_status":"open","ping_status":"closed","template":"","meta":[],"etheme_brands":[],"product_brand":[],"product_cat":[101,91],"product_tag":[133],"class_list":{"0":"post-6813","1":"product","2":"type-product","3":"status-publish","4":"has-post-thumbnail","6":"product_cat-categoriabraceletesbracelete-feminino","7":"product_cat-categoriabraceletes","8":"product_tag-uze-pratas","10":"first","11":"instock","12":"shipping-taxable","13":"purchasable","14":"product-type-simple"},"_links":{"self":[{"href":"https:\/\/agenciausphot.com\/uze\/en\/wp-json\/wp\/v2\/product\/6813","targetHints":{"allow":["GET"]}}],"collection":[{"href":"https:\/\/agenciausphot.com\/uze\/en\/wp-json\/wp\/v2\/product"}],"about":[{"href":"https:\/\/agenciausphot.com\/uze\/en\/wp-json\/wp\/v2\/types\/product"}],"replies":[{"embeddable":true,"href":"https:\/\/agenciausphot.com\/uze\/en\/wp-json\/wp\/v2\/comments?post=6813"}],"version-history":[{"count":1,"href":"https:\/\/agenciausphot.com\/uze\/en\/wp-json\/wp\/v2\/product\/6813\/revisions"}],"predecessor-version":[{"id":6900,"href":"https:\/\/agenciausphot.com\/uze\/en\/wp-json\/wp\/v2\/product\/6813\/revisions\/6900"}],"wp:featuredmedia":[{"embeddable":true,"href":"https:\/\/agenciausphot.com\/uze\/en\/wp-json\/wp\/v2\/media\/6812"}],"wp:attachment":[{"href":"https:\/\/agenciausphot.com\/uze\/en\/wp-json\/wp\/v2\/media?parent=6813"}],"wp:term":[{"taxonomy":"brand","embeddable":true,"href":"https:\/\/agenciausphot.com\/uze\/en\/wp-json\/wp\/v2\/etheme_brands?post=6813"},{"taxonomy":"product_brand","embeddable":true,"href":"https:\/\/agenciausphot.com\/uze\/en\/wp-json\/wp\/v2\/product_brand?post=6813"},{"taxonomy":"product_cat","embeddable":true,"href":"https:\/\/agenciausphot.com\/uze\/en\/wp-json\/wp\/v2\/product_cat?post=6813"},{"taxonomy":"product_tag","embeddable":true,"href":"https:\/\/agenciausphot.com\/uze\/en\/wp-json\/wp\/v2\/product_tag?post=6813"}],"curies":[{"name":"wp","href":"https:\/\/api.w.org\/{rel}","templated":true}]}}