{"id":6809,"date":"2025-11-14T19:22:09","date_gmt":"2025-11-14T19:22:09","guid":{"rendered":"https:\/\/agenciausphot.com\/uze\/produto\/conjunto-zirconia-coracao-azul-claro\/"},"modified":"2025-11-14T19:24:08","modified_gmt":"2025-11-14T19:24:08","slug":"conjunto-zirconia-coracao-azul-claro","status":"publish","type":"product","link":"https:\/\/agenciausphot.com\/uze\/en\/product\/conjunto-zirconia-coracao-azul-claro\/","title":{"rendered":"Conjunto zirconia cora\u00e7\u00e3o azul claro"},"content":{"rendered":"<article class=\"text-token-text-primary w-full focus:outline-none [--shadow-height:45px] has-data-writing-block:pointer-events-none has-data-writing-block:-mt-(--shadow-height) has-data-writing-block:pt-(--shadow-height) [&amp;:has([data-writing-block])&gt;*]:pointer-events-auto [content-visibility:auto] supports-[content-visibility:auto]:[contain-intrinsic-size:auto_100lvh] scroll-mt-[calc(var(--header-height)+min(200px,max(70px,20svh)))]\" dir=\"auto\" data-turn-id=\"request-WEB:df64f04a-9711-4063-bebf-0d3dc9184ef9-2\" data-testid=\"conversation-turn-6\" data-scroll-anchor=\"true\" data-turn=\"assistant\">\n<div class=\"text-base my-auto mx-auto pb-10 [--thread-content-margin:--spacing(4)] thread-sm:[--thread-content-margin:--spacing(6)] thread-lg:[--thread-content-margin:--spacing(16)] px-(--thread-content-margin)\">\n<div class=\"[--thread-content-max-width:40rem] thread-lg:[--thread-content-max-width:48rem] mx-auto max-w-(--thread-content-max-width) flex-1 group\/turn-messages focus-visible:outline-hidden relative flex w-full min-w-0 flex-col agent-turn\">\n<div class=\"flex max-w-full flex-col grow\">\n<div data-message-author-role=\"assistant\" data-message-id=\"e9ef5037-9a6c-4d56-9a09-1a4774edd70b\" dir=\"auto\" class=\"min-h-8 text-message relative flex w-full flex-col items-end gap-2 text-start break-words whitespace-normal [.text-message+&amp;]:mt-1\" data-message-model-slug=\"gpt-5\">\n<div class=\"flex w-full flex-col gap-1 empty:hidden first:pt-[1px]\">\n<div class=\"markdown prose dark:prose-invert w-full break-words light markdown-new-styling\">\n<p data-start=\"0\" data-end=\"344\">Conjunto em <strong data-start=\"29\" data-end=\"42\">Prata 925<\/strong> com delicadas <strong data-start=\"57\" data-end=\"103\">zirc\u00f4nias em formato de cora\u00e7\u00e3o azul-claro<\/strong>, que refletem suavidade e romantismo. Composto por colar e brincos, o design moderno e brilhante valoriza qualquer produ\u00e7\u00e3o, trazendo leveza e um toque de encanto para o visual. Ideal para presentear ou completar o seu look com eleg\u00e2ncia.<\/p>\n<p data-start=\"346\" data-end=\"478\" data-is-last-node=\"\" data-is-only-node=\"\"><strong data-start=\"346\" data-end=\"359\">Garantia:<\/strong><br data-start=\"359\" data-end=\"362\"><br \/>\nPe\u00e7as com <strong data-start=\"372\" data-end=\"404\">garantia eterna na prata 925<\/strong>, garantindo autenticidade, brilho permanente e resist\u00eancia ao uso di\u00e1rio.<\/p>\n<\/div>\n<\/div>\n<\/div>\n<\/div>\n<div class=\"z-0 flex min-h-[46px] justify-start\"><\/div>\n<div class=\"mt-3 w-full empty:hidden\">\n<div class=\"text-center\"><\/div>\n<\/div>\n<\/div>\n<\/div>\n<\/article>\n<div aria-hidden=\"true\" data-edge=\"true\" class=\"pointer-events-none h-px w-px\"><\/div>","protected":false},"excerpt":{"rendered":"<p>Conjunto em Prata 925 com delicadas zirc\u00f4nias em formato de cora\u00e7\u00e3o azul-claro, que refletem suavidade e romantismo. Composto por colar e brincos, o design moderno&#8230;<\/p>","protected":false},"featured_media":6808,"comment_status":"open","ping_status":"closed","template":"","meta":[],"etheme_brands":[],"product_brand":[],"product_cat":[109,94],"product_tag":[133],"class_list":{"0":"post-6809","1":"product","2":"type-product","3":"status-publish","4":"has-post-thumbnail","6":"product_cat-categoriaconjuntosconjunto-feminino","7":"product_cat-categoriaconjuntos","8":"product_tag-uze-pratas","10":"first","11":"outofstock","12":"shipping-taxable","13":"product-type-variable"},"_links":{"self":[{"href":"https:\/\/agenciausphot.com\/uze\/en\/wp-json\/wp\/v2\/product\/6809","targetHints":{"allow":["GET"]}}],"collection":[{"href":"https:\/\/agenciausphot.com\/uze\/en\/wp-json\/wp\/v2\/product"}],"about":[{"href":"https:\/\/agenciausphot.com\/uze\/en\/wp-json\/wp\/v2\/types\/product"}],"replies":[{"embeddable":true,"href":"https:\/\/agenciausphot.com\/uze\/en\/wp-json\/wp\/v2\/comments?post=6809"}],"version-history":[{"count":0,"href":"https:\/\/agenciausphot.com\/uze\/en\/wp-json\/wp\/v2\/product\/6809\/revisions"}],"wp:featuredmedia":[{"embeddable":true,"href":"https:\/\/agenciausphot.com\/uze\/en\/wp-json\/wp\/v2\/media\/6808"}],"wp:attachment":[{"href":"https:\/\/agenciausphot.com\/uze\/en\/wp-json\/wp\/v2\/media?parent=6809"}],"wp:term":[{"taxonomy":"brand","embeddable":true,"href":"https:\/\/agenciausphot.com\/uze\/en\/wp-json\/wp\/v2\/etheme_brands?post=6809"},{"taxonomy":"product_brand","embeddable":true,"href":"https:\/\/agenciausphot.com\/uze\/en\/wp-json\/wp\/v2\/product_brand?post=6809"},{"taxonomy":"product_cat","embeddable":true,"href":"https:\/\/agenciausphot.com\/uze\/en\/wp-json\/wp\/v2\/product_cat?post=6809"},{"taxonomy":"product_tag","embeddable":true,"href":"https:\/\/agenciausphot.com\/uze\/en\/wp-json\/wp\/v2\/product_tag?post=6809"}],"curies":[{"name":"wp","href":"https:\/\/api.w.org\/{rel}","templated":true}]}}