{"id":6794,"date":"2025-11-14T19:21:54","date_gmt":"2025-11-14T19:21:54","guid":{"rendered":"https:\/\/agenciausphot.com\/uze\/produto\/pingente-nossa-senhora-em-prata\/"},"modified":"2026-01-12T15:14:45","modified_gmt":"2026-01-12T15:14:45","slug":"pingente-nossa-senhora-em-prata","status":"publish","type":"product","link":"https:\/\/agenciausphot.com\/uze\/en\/product\/pingente-nossa-senhora-em-prata\/","title":{"rendered":"Pingente nossa senhora em prata"},"content":{"rendered":"<p data-start=\"0\" data-end=\"196\">Pingente Nossa Senhora em Prata 925 \u2014 uma joia que transmite <strong data-start=\"89\" data-end=\"115\">f\u00e9, prote\u00e7\u00e3o e devo\u00e7\u00e3o<\/strong>, ideal para quem deseja carregar a presen\u00e7a da M\u00e3e Aparecida sempre por perto.<\/p>\n<p data-start=\"198\" data-end=\"414\">Produzido em <strong data-start=\"211\" data-end=\"233\">Prata 925 leg\u00edtima<\/strong>, possui <strong data-start=\"242\" data-end=\"261\">garantia eterna<\/strong> e acabamento refinado que destaca cada detalhe da imagem sagrada. Um s\u00edmbolo de amor e espiritualidade, perfeito para presentear ou usar no dia a dia.<\/p>\n<p data-start=\"416\" data-end=\"433\">\u2728 <strong data-start=\"418\" data-end=\"431\">Detalhes:<\/strong><\/p>\n<ul data-start=\"434\" data-end=\"547\">\n<li data-start=\"434\" data-end=\"457\">\n<p data-start=\"436\" data-end=\"457\">Material: Prata 925<\/p>\n<\/li>\n<li data-start=\"458\" data-end=\"480\">\n<p data-start=\"460\" data-end=\"480\">Acabamento: Polido<\/p>\n<\/li>\n<li data-start=\"481\" data-end=\"501\">\n<p data-start=\"483\" data-end=\"501\">Garantia: Eterna<\/p>\n<\/li>\n<li data-start=\"502\" data-end=\"547\">\n<p data-start=\"504\" data-end=\"547\">Significado: F\u00e9, prote\u00e7\u00e3o e amor maternal<\/p>\n<\/li>\n<\/ul>","protected":false},"excerpt":{"rendered":"<p>Pingente Nossa Senhora em Prata 925 \u2014 uma joia que transmite f\u00e9, prote\u00e7\u00e3o e devo\u00e7\u00e3o, ideal para quem deseja carregar a presen\u00e7a da M\u00e3e Aparecida&#8230;<\/p>","protected":false},"featured_media":6793,"comment_status":"open","ping_status":"closed","template":"","meta":[],"etheme_brands":[],"product_brand":[],"product_cat":[119,118],"product_tag":[133],"class_list":{"0":"post-6794","1":"product","2":"type-product","3":"status-publish","4":"has-post-thumbnail","6":"product_cat-categoriapingentespingente-feminino","7":"product_cat-categoriapingentes","8":"product_tag-uze-pratas","10":"first","11":"instock","12":"shipping-taxable","13":"purchasable","14":"product-type-simple"},"_links":{"self":[{"href":"https:\/\/agenciausphot.com\/uze\/en\/wp-json\/wp\/v2\/product\/6794","targetHints":{"allow":["GET"]}}],"collection":[{"href":"https:\/\/agenciausphot.com\/uze\/en\/wp-json\/wp\/v2\/product"}],"about":[{"href":"https:\/\/agenciausphot.com\/uze\/en\/wp-json\/wp\/v2\/types\/product"}],"replies":[{"embeddable":true,"href":"https:\/\/agenciausphot.com\/uze\/en\/wp-json\/wp\/v2\/comments?post=6794"}],"version-history":[{"count":1,"href":"https:\/\/agenciausphot.com\/uze\/en\/wp-json\/wp\/v2\/product\/6794\/revisions"}],"predecessor-version":[{"id":6896,"href":"https:\/\/agenciausphot.com\/uze\/en\/wp-json\/wp\/v2\/product\/6794\/revisions\/6896"}],"wp:featuredmedia":[{"embeddable":true,"href":"https:\/\/agenciausphot.com\/uze\/en\/wp-json\/wp\/v2\/media\/6793"}],"wp:attachment":[{"href":"https:\/\/agenciausphot.com\/uze\/en\/wp-json\/wp\/v2\/media?parent=6794"}],"wp:term":[{"taxonomy":"brand","embeddable":true,"href":"https:\/\/agenciausphot.com\/uze\/en\/wp-json\/wp\/v2\/etheme_brands?post=6794"},{"taxonomy":"product_brand","embeddable":true,"href":"https:\/\/agenciausphot.com\/uze\/en\/wp-json\/wp\/v2\/product_brand?post=6794"},{"taxonomy":"product_cat","embeddable":true,"href":"https:\/\/agenciausphot.com\/uze\/en\/wp-json\/wp\/v2\/product_cat?post=6794"},{"taxonomy":"product_tag","embeddable":true,"href":"https:\/\/agenciausphot.com\/uze\/en\/wp-json\/wp\/v2\/product_tag?post=6794"}],"curies":[{"name":"wp","href":"https:\/\/api.w.org\/{rel}","templated":true}]}}